{"id":2894,"date":"2025-10-18T22:09:09","date_gmt":"2025-10-18T22:09:09","guid":{"rendered":"https:\/\/wavexia.com\/product\/skin1004-niacinamide-10-boosting-shot-ampoule-30ml\/"},"modified":"2026-03-10T07:30:50","modified_gmt":"2026-03-10T07:30:50","slug":"skin1004-niacinamide-10-boosting-shot-ampoule-30ml","status":"publish","type":"product","link":"https:\/\/wavexia.com\/?product=skin1004-niacinamide-10-boosting-shot-ampoule-30ml","title":{"rendered":"SKIN1004 Niacinamide 10 Boosting Shot Ampoule 30ml"},"content":{"rendered":"<h2>Description<\/h2>\n<p>Formul\u00e9 avec de la niacinamide pour aider \u00e0 affiner les pores et \u00e0 am\u00e9liorer le teint g\u00e9n\u00e9ral de la peau, de l\u2019acide tranexamique pour am\u00e9liorer la texture de la peau et renforcer la barri\u00e8re cutan\u00e9e, et un syst\u00e8me Boosting Shot pour am\u00e9liorer l\u2019absorption, offrant un \u00e9clat plus uniforme et d\u2019apparence saine.<\/p>\n<p><strong>Avantages du produit :<\/strong><br \/>Affinage des pores, \u00e9claircissement, coup d\u2019\u00e9clat, lissage de la peau<\/p>\n<p><strong>Type de peau&nbsp;:<\/strong><br \/>Grasse, Mixte, Terne, Texture in\u00e9gale<\/p>\n<div class=\"prinfo-ingre-title txt_style_three\">INGR\u00c9DIENTS CL\u00c9S<\/p>\n<div id=\"prinfo-tab3-body1\" class=\"prinfo-content-body txt_style_four\">\n<div class=\"metafield-rich_text_field\">\n<p><strong>Niacinamide (10&nbsp;%)<\/strong><br \/>La niacinamde, une forme de vitamine B3, aide non seulement \u00e0 tonifier les effets, mais aussi \u00e0 minimiser l\u2019apparence des pores.<\/p>\n<p>Extrait<br \/>de&nbsp;<strong>Centella Asiatica de Madagascar<\/strong>&nbsp;R\u00e9colt\u00e9e \u00e0 Madagascar, cette plante apaisante aide \u00e0 apaiser les peaux irrit\u00e9es, \u00e0 favoriser la r\u00e9paration de la peau et \u00e0 renforcer la barri\u00e8re d\u2019hydratation pour une meilleure r\u00e9silience de la peau.<\/p>\n<p>Acide<br \/><strong>tranexamique<\/strong>&nbsp;Aide \u00e0 am\u00e9liorer l\u2019\u00e9clat de la peau et \u00e0 am\u00e9liorer la texture de la peau.<\/p>\n<p><strong>Ascorbyl Glucoside<\/strong><br \/>Une forme stabilis\u00e9e de vitamine C qui \u00e9claircit la peau tout en aidant \u00e0 uniformiser le teint et la texture de la peau.<\/p>\n<p><strong>Panth\u00e9nol<\/strong><br \/>\u00c9galement connu sous le nom de provitamine B5, le panth\u00e9nol procure une hydratation en profondeur et favorise la r\u00e9cup\u00e9ration de la barri\u00e8re cutan\u00e9e, laissant la peau douce et r\u00e9confort\u00e9e.<\/p>\n<p><strong>\u00c9ponge hydrolys\u00e9e (Spicules)<\/strong><br \/>Structures naturelles ressemblant \u00e0 des micro-aiguilles qui aident \u00e0 cr\u00e9er des micro-voies sur la peau, am\u00e9liorant ainsi l\u2019administration et l\u2019absorption des ingr\u00e9dients actifs.<\/p>\n<p>&nbsp;<\/p>\n<\/div>\n<h5 class=\"prinfo-ingre-title txt_style_three\">INGR\u00c9DIENTS COMPLETS<\/h5>\n<div id=\"prinfo-tab3-body2\" class=\"prinfo-content-body txt_style_four\">\n<div class=\"metafield-rich_text_field\">\n<p>Eau, butyl\u00e8ne glycol, niacinamide, 1,2-hexanediol, ascorbyle glucoside, propanediol, carbom\u00e8re, m\u00e9thylpropanediol, trom\u00e9thamine, gomme xanthane, acide tranexamique, extrait de centella asiatica, acide polyglutamique, \u00e9ponge hydrolys\u00e9e, EDTA disodique, acide citrique, ADN sodique, \u00e9thylhexylglyc\u00e9rine, ac\u00e9tate de tocoph\u00e9ryle, panth\u00e9nol, mad\u00e9cassoside<\/p>\n<\/div>\n<\/div>\n<\/div>\n<p>&nbsp;<\/p>\n<\/div>\n","protected":false},"excerpt":{"rendered":"<p>Description Formul\u00e9 avec de la niacinamide pour aider \u00e0 affiner les pores et \u00e0 am\u00e9liorer le teint g\u00e9n\u00e9ral de la peau, de l\u2019acide tranexamique pour am\u00e9liorer la texture de la peau et renforcer la barri\u00e8re cutan\u00e9e, et un syst\u00e8me Boosting Shot pour am\u00e9liorer l\u2019absorption, offrant un \u00e9clat plus uniforme et d\u2019apparence saine. Avantages du produit [&hellip;]<\/p>\n","protected":false},"featured_media":2640,"comment_status":"open","ping_status":"closed","template":"","meta":{"content-type":"","_uag_custom_page_level_css":""},"pwb-brand":[],"product_brand":[],"product_cat":[327,328,334,338,350],"product_tag":[],"class_list":{"0":"post-2894","1":"product","2":"type-product","3":"status-publish","4":"has-post-thumbnail","6":"product_cat-hmizat","7":"product_cat-nouveautes","8":"product_cat-produits-coreens","9":"product_cat-serum-ampoule","10":"product_cat-skin1004","12":"first","13":"instock","14":"sale","15":"shipping-taxable","16":"purchasable","17":"product-type-simple"},"aioseo_notices":[],"uagb_featured_image_src":{"full":["https:\/\/wavexia.com\/wp-content\/uploads\/2025\/10\/skin1004-30ml-niacinamide-10-boosting-shot-ampoule-1170007506_1440x_b7c4a26e-f4a9-429a-a0de-ebc7cc3b53de.webp",416,416,false],"thumbnail":["https:\/\/wavexia.com\/wp-content\/uploads\/2025\/10\/skin1004-30ml-niacinamide-10-boosting-shot-ampoule-1170007506_1440x_b7c4a26e-f4a9-429a-a0de-ebc7cc3b53de-150x150.webp",150,150,true],"medium":["https:\/\/wavexia.com\/wp-content\/uploads\/2025\/10\/skin1004-30ml-niacinamide-10-boosting-shot-ampoule-1170007506_1440x_b7c4a26e-f4a9-429a-a0de-ebc7cc3b53de-300x300.webp",300,300,true],"medium_large":["https:\/\/wavexia.com\/wp-content\/uploads\/2025\/10\/skin1004-30ml-niacinamide-10-boosting-shot-ampoule-1170007506_1440x_b7c4a26e-f4a9-429a-a0de-ebc7cc3b53de.webp",416,416,false],"large":["https:\/\/wavexia.com\/wp-content\/uploads\/2025\/10\/skin1004-30ml-niacinamide-10-boosting-shot-ampoule-1170007506_1440x_b7c4a26e-f4a9-429a-a0de-ebc7cc3b53de.webp",416,416,false],"1536x1536":["https:\/\/wavexia.com\/wp-content\/uploads\/2025\/10\/skin1004-30ml-niacinamide-10-boosting-shot-ampoule-1170007506_1440x_b7c4a26e-f4a9-429a-a0de-ebc7cc3b53de.webp",416,416,false],"2048x2048":["https:\/\/wavexia.com\/wp-content\/uploads\/2025\/10\/skin1004-30ml-niacinamide-10-boosting-shot-ampoule-1170007506_1440x_b7c4a26e-f4a9-429a-a0de-ebc7cc3b53de.webp",416,416,false],"woocommerce_archive_thumbnail":["https:\/\/wavexia.com\/wp-content\/uploads\/2025\/10\/skin1004-30ml-niacinamide-10-boosting-shot-ampoule-1170007506_1440x_b7c4a26e-f4a9-429a-a0de-ebc7cc3b53de-300x300.webp",300,300,true],"woocommerce_thumbnail":["https:\/\/wavexia.com\/wp-content\/uploads\/2025\/10\/skin1004-30ml-niacinamide-10-boosting-shot-ampoule-1170007506_1440x_b7c4a26e-f4a9-429a-a0de-ebc7cc3b53de-300x300.webp",300,300,true],"woocommerce_single":["https:\/\/wavexia.com\/wp-content\/uploads\/2025\/10\/skin1004-30ml-niacinamide-10-boosting-shot-ampoule-1170007506_1440x_b7c4a26e-f4a9-429a-a0de-ebc7cc3b53de.webp",416,416,false],"woocommerce_gallery_thumbnail":["https:\/\/wavexia.com\/wp-content\/uploads\/2025\/10\/skin1004-30ml-niacinamide-10-boosting-shot-ampoule-1170007506_1440x_b7c4a26e-f4a9-429a-a0de-ebc7cc3b53de-100x100.webp",100,100,true]},"uagb_author_info":{"display_name":"zineddine.ayoub98@gmail.com","author_link":"https:\/\/wavexia.com\/?author=0"},"uagb_comment_info":0,"uagb_excerpt":"Description Formul\u00e9 avec de la niacinamide pour aider \u00e0 affiner les pores et \u00e0 am\u00e9liorer le teint g\u00e9n\u00e9ral de la peau, de l\u2019acide tranexamique pour am\u00e9liorer la texture de la peau et renforcer la barri\u00e8re cutan\u00e9e, et un syst\u00e8me Boosting Shot pour am\u00e9liorer l\u2019absorption, offrant un \u00e9clat plus uniforme et d\u2019apparence saine. Avantages du produit&hellip;","brands":[],"_links":{"self":[{"href":"https:\/\/wavexia.com\/index.php?rest_route=\/wp\/v2\/product\/2894","targetHints":{"allow":["GET"]}}],"collection":[{"href":"https:\/\/wavexia.com\/index.php?rest_route=\/wp\/v2\/product"}],"about":[{"href":"https:\/\/wavexia.com\/index.php?rest_route=\/wp\/v2\/types\/product"}],"replies":[{"embeddable":true,"href":"https:\/\/wavexia.com\/index.php?rest_route=%2Fwp%2Fv2%2Fcomments&post=2894"}],"wp:featuredmedia":[{"embeddable":true,"href":"https:\/\/wavexia.com\/index.php?rest_route=\/wp\/v2\/media\/2640"}],"wp:attachment":[{"href":"https:\/\/wavexia.com\/index.php?rest_route=%2Fwp%2Fv2%2Fmedia&parent=2894"}],"wp:term":[{"taxonomy":"pwb-brand","embeddable":true,"href":"https:\/\/wavexia.com\/index.php?rest_route=%2Fwp%2Fv2%2Fpwb-brand&post=2894"},{"taxonomy":"product_brand","embeddable":true,"href":"https:\/\/wavexia.com\/index.php?rest_route=%2Fwp%2Fv2%2Fproduct_brand&post=2894"},{"taxonomy":"product_cat","embeddable":true,"href":"https:\/\/wavexia.com\/index.php?rest_route=%2Fwp%2Fv2%2Fproduct_cat&post=2894"},{"taxonomy":"product_tag","embeddable":true,"href":"https:\/\/wavexia.com\/index.php?rest_route=%2Fwp%2Fv2%2Fproduct_tag&post=2894"}],"curies":[{"name":"wp","href":"https:\/\/api.w.org\/{rel}","templated":true}]}}