{"id":2893,"date":"2025-10-18T22:09:09","date_gmt":"2025-10-18T22:09:09","guid":{"rendered":"https:\/\/wavexia.com\/product\/88-total-white-underarm-cream-35g\/"},"modified":"2026-03-10T07:30:50","modified_gmt":"2026-03-10T07:30:50","slug":"88-total-white-underarm-cream-35g","status":"publish","type":"product","link":"https:\/\/wavexia.com\/?product=88-total-white-underarm-cream-35g","title":{"rendered":"88 Total White Underarm Cream 35g"},"content":{"rendered":"<h2>Description<\/h2>\n<p>Obtenir des aisselles claires et blanches est une pr\u00e9occupation commune \u00e0 de nombreuses femmes aujourd\u2019hui. Gr\u00e2ce \u00e0 la cr\u00e8me pour les aisselles 88 Total White, ce probl\u00e8me est maintenant facilement r\u00e9solu. Sentez-vous en confiance en levant les bras sans g\u00eane. La formulation de la cr\u00e8me p\u00e9n\u00e8tre profond\u00e9ment dans la peau des aisselles, promettant un blanchiment visible en une semaine.<\/p>\n<p>\u00c0 l\u2019approche de l\u2019\u00e9t\u00e9, de nombreuses femmes ont h\u00e2te de porter des robes sans manches et des d\u00e9bardeurs. Savoir comment all\u00e9ger vos aisselles peut renforcer votre confiance et votre confort. Laissez cette cr\u00e8me vous aider \u00e0 y parvenir.<\/p>\n<h5><strong>Avantages de la cr\u00e8me 88 Total White:<\/strong><\/h5>\n<ul>\n<li>Blanchit la peau, laissant les aisselles plus claires et plus \u00e9clatantes.<\/li>\n<li>Garde la peau fra\u00eeche et \u00e9limine les mauvaises odeurs.<\/li>\n<li>Contrairement \u00e0 d\u2019autres cr\u00e8mes qui ne couvrent que les aisselles fonc\u00e9es, cette cr\u00e8me traite en r\u00e9duisant la m\u00e9lanine, la cause des aisselles fonc\u00e9es.<\/li>\n<li>Restaure l\u2019\u00e9lasticit\u00e9 naturelle de la peau.<\/li>\n<li>Nettoie les pores, minimisant l\u2019obstruction qui conduit \u00e0 la pigmentation.<\/li>\n<\/ul>\n<h5><strong>Comment utiliser la cr\u00e8me 88 Total White:<\/strong><\/h5>\n<ul>\n<li>Appliquez une quantit\u00e9 de la taille d\u2019un pois sur les aisselles.<\/li>\n<li>Massez doucement jusqu\u2019\u00e0 absorption.<\/li>\n<li>S\u00e8che rapidement sans laisser de traces blanches sur les v\u00eatements.<\/li>\n<\/ul>\n<h5><strong>Ingr\u00e9dients:<\/strong><\/h5>\n<ul>\n<li>Extrait de r\u00e9glisse<\/li>\n<li>Vitamine B3<\/li>\n<li>Extrait d\u2019Ascophyllum Nodosum<\/li>\n<li>Enzyme prot\u00e9ase<\/li>\n<\/ul>\n","protected":false},"excerpt":{"rendered":"<p>Description Obtenir des aisselles claires et blanches est une pr\u00e9occupation commune \u00e0 de nombreuses femmes aujourd\u2019hui. Gr\u00e2ce \u00e0 la cr\u00e8me pour les aisselles 88 Total White, ce probl\u00e8me est maintenant facilement r\u00e9solu. Sentez-vous en confiance en levant les bras sans g\u00eane. La formulation de la cr\u00e8me p\u00e9n\u00e8tre profond\u00e9ment dans la peau des aisselles, promettant un [&hellip;]<\/p>\n","protected":false},"featured_media":2636,"comment_status":"open","ping_status":"closed","template":"","meta":{"content-type":"","_uag_custom_page_level_css":""},"pwb-brand":[],"product_brand":[],"product_cat":[364,322,327,328,334],"product_tag":[],"class_list":{"0":"post-2893","1":"product","2":"type-product","3":"status-publish","4":"has-post-thumbnail","6":"product_cat-88-total-white","7":"product_cat-corps-bain","8":"product_cat-hmizat","9":"product_cat-nouveautes","10":"product_cat-produits-coreens","12":"first","13":"instock","14":"sale","15":"shipping-taxable","16":"purchasable","17":"product-type-simple"},"aioseo_notices":[],"uagb_featured_image_src":{"full":["https:\/\/wavexia.com\/wp-content\/uploads\/2025\/10\/0DF82314-B7C8-4B86-92E2-477890126341_2048x.webp",1080,1080,false],"thumbnail":["https:\/\/wavexia.com\/wp-content\/uploads\/2025\/10\/0DF82314-B7C8-4B86-92E2-477890126341_2048x-150x150.webp",150,150,true],"medium":["https:\/\/wavexia.com\/wp-content\/uploads\/2025\/10\/0DF82314-B7C8-4B86-92E2-477890126341_2048x-300x300.webp",300,300,true],"medium_large":["https:\/\/wavexia.com\/wp-content\/uploads\/2025\/10\/0DF82314-B7C8-4B86-92E2-477890126341_2048x-768x768.webp",768,768,true],"large":["https:\/\/wavexia.com\/wp-content\/uploads\/2025\/10\/0DF82314-B7C8-4B86-92E2-477890126341_2048x-1024x1024.webp",1024,1024,true],"1536x1536":["https:\/\/wavexia.com\/wp-content\/uploads\/2025\/10\/0DF82314-B7C8-4B86-92E2-477890126341_2048x.webp",1080,1080,false],"2048x2048":["https:\/\/wavexia.com\/wp-content\/uploads\/2025\/10\/0DF82314-B7C8-4B86-92E2-477890126341_2048x.webp",1080,1080,false],"woocommerce_archive_thumbnail":["https:\/\/wavexia.com\/wp-content\/uploads\/2025\/10\/0DF82314-B7C8-4B86-92E2-477890126341_2048x-300x300.webp",300,300,true],"woocommerce_thumbnail":["https:\/\/wavexia.com\/wp-content\/uploads\/2025\/10\/0DF82314-B7C8-4B86-92E2-477890126341_2048x-300x300.webp",300,300,true],"woocommerce_single":["https:\/\/wavexia.com\/wp-content\/uploads\/2025\/10\/0DF82314-B7C8-4B86-92E2-477890126341_2048x-600x600.webp",600,600,true],"woocommerce_gallery_thumbnail":["https:\/\/wavexia.com\/wp-content\/uploads\/2025\/10\/0DF82314-B7C8-4B86-92E2-477890126341_2048x-100x100.webp",100,100,true]},"uagb_author_info":{"display_name":"zineddine.ayoub98@gmail.com","author_link":"https:\/\/wavexia.com\/?author=0"},"uagb_comment_info":0,"uagb_excerpt":"Description Obtenir des aisselles claires et blanches est une pr\u00e9occupation commune \u00e0 de nombreuses femmes aujourd\u2019hui. Gr\u00e2ce \u00e0 la cr\u00e8me pour les aisselles 88 Total White, ce probl\u00e8me est maintenant facilement r\u00e9solu. Sentez-vous en confiance en levant les bras sans g\u00eane. La formulation de la cr\u00e8me p\u00e9n\u00e8tre profond\u00e9ment dans la peau des aisselles, promettant un&hellip;","brands":[],"_links":{"self":[{"href":"https:\/\/wavexia.com\/index.php?rest_route=\/wp\/v2\/product\/2893","targetHints":{"allow":["GET"]}}],"collection":[{"href":"https:\/\/wavexia.com\/index.php?rest_route=\/wp\/v2\/product"}],"about":[{"href":"https:\/\/wavexia.com\/index.php?rest_route=\/wp\/v2\/types\/product"}],"replies":[{"embeddable":true,"href":"https:\/\/wavexia.com\/index.php?rest_route=%2Fwp%2Fv2%2Fcomments&post=2893"}],"wp:featuredmedia":[{"embeddable":true,"href":"https:\/\/wavexia.com\/index.php?rest_route=\/wp\/v2\/media\/2636"}],"wp:attachment":[{"href":"https:\/\/wavexia.com\/index.php?rest_route=%2Fwp%2Fv2%2Fmedia&parent=2893"}],"wp:term":[{"taxonomy":"pwb-brand","embeddable":true,"href":"https:\/\/wavexia.com\/index.php?rest_route=%2Fwp%2Fv2%2Fpwb-brand&post=2893"},{"taxonomy":"product_brand","embeddable":true,"href":"https:\/\/wavexia.com\/index.php?rest_route=%2Fwp%2Fv2%2Fproduct_brand&post=2893"},{"taxonomy":"product_cat","embeddable":true,"href":"https:\/\/wavexia.com\/index.php?rest_route=%2Fwp%2Fv2%2Fproduct_cat&post=2893"},{"taxonomy":"product_tag","embeddable":true,"href":"https:\/\/wavexia.com\/index.php?rest_route=%2Fwp%2Fv2%2Fproduct_tag&post=2893"}],"curies":[{"name":"wp","href":"https:\/\/api.w.org\/{rel}","templated":true}]}}