{"id":2892,"date":"2025-10-18T22:09:09","date_gmt":"2025-10-18T22:09:09","guid":{"rendered":"https:\/\/wavexia.com\/product\/skinoren-creme-azelaique-acide-20-30g\/"},"modified":"2026-03-10T07:30:50","modified_gmt":"2026-03-10T07:30:50","slug":"skinoren-creme-azelaique-acide-20-30g","status":"publish","type":"product","link":"https:\/\/wavexia.com\/?product=skinoren-creme-azelaique-acide-20-30g","title":{"rendered":"Skinoren \u2013 Cr\u00e8me az\u00e9la\u00efque acide 20% \u2013 30g"},"content":{"rendered":"<h2>Description<\/h2>\n<p>Skinoren 20% Cream est un traitement topique anti-acn\u00e9. Sa formule brevet\u00e9e contient de l\u2019acide az\u00e9la\u00efque qui tue les bact\u00e9ries responsables de l\u2019acn\u00e9 et aide \u00e0 r\u00e9guler la croissance des cellules de la peau pour pr\u00e9venir l\u2019obstruction des pores. Profitez d\u2019une peau nette et \u00e9clatante.<\/p>\n","protected":false},"excerpt":{"rendered":"<p>Description Skinoren 20% Cream est un traitement topique anti-acn\u00e9. Sa formule brevet\u00e9e contient de l\u2019acide az\u00e9la\u00efque qui tue les bact\u00e9ries responsables de l\u2019acn\u00e9 et aide \u00e0 r\u00e9guler la croissance des cellules de la peau pour pr\u00e9venir l\u2019obstruction des pores. Profitez d\u2019une peau nette et \u00e9clatante.<\/p>\n","protected":false},"featured_media":2634,"comment_status":"open","ping_status":"closed","template":"","meta":{"content-type":"","_uag_custom_page_level_css":""},"pwb-brand":[],"product_brand":[],"product_cat":[322,327,329],"product_tag":[],"class_list":{"0":"post-2892","1":"product","2":"type-product","3":"status-publish","4":"has-post-thumbnail","6":"product_cat-corps-bain","7":"product_cat-hmizat","8":"product_cat-produits-americains","10":"first","11":"instock","12":"sale","13":"shipping-taxable","14":"purchasable","15":"product-type-simple"},"aioseo_notices":[],"uagb_featured_image_src":{"full":["https:\/\/wavexia.com\/wp-content\/uploads\/2025\/10\/a1b35089c4e8b9030e981903fa804ea8.webp",600,600,false],"thumbnail":["https:\/\/wavexia.com\/wp-content\/uploads\/2025\/10\/a1b35089c4e8b9030e981903fa804ea8-150x150.webp",150,150,true],"medium":["https:\/\/wavexia.com\/wp-content\/uploads\/2025\/10\/a1b35089c4e8b9030e981903fa804ea8-300x300.webp",300,300,true],"medium_large":["https:\/\/wavexia.com\/wp-content\/uploads\/2025\/10\/a1b35089c4e8b9030e981903fa804ea8.webp",600,600,false],"large":["https:\/\/wavexia.com\/wp-content\/uploads\/2025\/10\/a1b35089c4e8b9030e981903fa804ea8.webp",600,600,false],"1536x1536":["https:\/\/wavexia.com\/wp-content\/uploads\/2025\/10\/a1b35089c4e8b9030e981903fa804ea8.webp",600,600,false],"2048x2048":["https:\/\/wavexia.com\/wp-content\/uploads\/2025\/10\/a1b35089c4e8b9030e981903fa804ea8.webp",600,600,false],"woocommerce_archive_thumbnail":["https:\/\/wavexia.com\/wp-content\/uploads\/2025\/10\/a1b35089c4e8b9030e981903fa804ea8-300x300.webp",300,300,true],"woocommerce_thumbnail":["https:\/\/wavexia.com\/wp-content\/uploads\/2025\/10\/a1b35089c4e8b9030e981903fa804ea8-300x300.webp",300,300,true],"woocommerce_single":["https:\/\/wavexia.com\/wp-content\/uploads\/2025\/10\/a1b35089c4e8b9030e981903fa804ea8.webp",600,600,false],"woocommerce_gallery_thumbnail":["https:\/\/wavexia.com\/wp-content\/uploads\/2025\/10\/a1b35089c4e8b9030e981903fa804ea8-100x100.webp",100,100,true]},"uagb_author_info":{"display_name":"zineddine.ayoub98@gmail.com","author_link":"https:\/\/wavexia.com\/?author=0"},"uagb_comment_info":0,"uagb_excerpt":"Description Skinoren 20% Cream est un traitement topique anti-acn\u00e9. Sa formule brevet\u00e9e contient de l\u2019acide az\u00e9la\u00efque qui tue les bact\u00e9ries responsables de l\u2019acn\u00e9 et aide \u00e0 r\u00e9guler la croissance des cellules de la peau pour pr\u00e9venir l\u2019obstruction des pores. Profitez d\u2019une peau nette et \u00e9clatante.","brands":[],"_links":{"self":[{"href":"https:\/\/wavexia.com\/index.php?rest_route=\/wp\/v2\/product\/2892","targetHints":{"allow":["GET"]}}],"collection":[{"href":"https:\/\/wavexia.com\/index.php?rest_route=\/wp\/v2\/product"}],"about":[{"href":"https:\/\/wavexia.com\/index.php?rest_route=\/wp\/v2\/types\/product"}],"replies":[{"embeddable":true,"href":"https:\/\/wavexia.com\/index.php?rest_route=%2Fwp%2Fv2%2Fcomments&post=2892"}],"wp:featuredmedia":[{"embeddable":true,"href":"https:\/\/wavexia.com\/index.php?rest_route=\/wp\/v2\/media\/2634"}],"wp:attachment":[{"href":"https:\/\/wavexia.com\/index.php?rest_route=%2Fwp%2Fv2%2Fmedia&parent=2892"}],"wp:term":[{"taxonomy":"pwb-brand","embeddable":true,"href":"https:\/\/wavexia.com\/index.php?rest_route=%2Fwp%2Fv2%2Fpwb-brand&post=2892"},{"taxonomy":"product_brand","embeddable":true,"href":"https:\/\/wavexia.com\/index.php?rest_route=%2Fwp%2Fv2%2Fproduct_brand&post=2892"},{"taxonomy":"product_cat","embeddable":true,"href":"https:\/\/wavexia.com\/index.php?rest_route=%2Fwp%2Fv2%2Fproduct_cat&post=2892"},{"taxonomy":"product_tag","embeddable":true,"href":"https:\/\/wavexia.com\/index.php?rest_route=%2Fwp%2Fv2%2Fproduct_tag&post=2892"}],"curies":[{"name":"wp","href":"https:\/\/api.w.org\/{rel}","templated":true}]}}