{"id":2888,"date":"2025-10-18T22:09:08","date_gmt":"2025-10-18T22:09:08","guid":{"rendered":"https:\/\/wavexia.com\/product\/cosrx-salicylic-acid-daily-gentle-cleanser-150ml\/"},"modified":"2026-03-10T07:30:50","modified_gmt":"2026-03-10T07:30:50","slug":"cosrx-salicylic-acid-daily-gentle-cleanser-150ml","status":"publish","type":"product","link":"https:\/\/wavexia.com\/?product=cosrx-salicylic-acid-daily-gentle-cleanser-150ml","title":{"rendered":"Cosrx \u2013 Salicylic ACID Daily Gentle Cleanser 150ml"},"content":{"rendered":"<h2>Description<\/h2>\n<p>Ce nettoyant \u00e0 l\u2019acide salicylique et \u00e0 l\u2019huile d\u2019arbre de th\u00e9 contient&nbsp;0,5% d\u2019acide salicylique. Il&nbsp;nettoie, exfolie et d\u00e9barrasse la peau des impuret\u00e9s tout en douceur.<br \/>Il lutte contre les imperfections, \u00e9limine tout en douceur l\u2019exc\u00e8s de s\u00e9bum, les cellules mortes de la peau, les points noirs, les boutons et toute autre forme d\u2019impuret\u00e9s. Sa formule douce apaise et soulage les peaux \u00e0 probl\u00e8mes, les laissant rafra\u00eechies et visiblement r\u00e9g\u00e9n\u00e9r\u00e9es.<\/p>\n<p>Ce produit convient \u00e0 tous les types de peaux.<\/p>\n","protected":false},"excerpt":{"rendered":"<p>Description Ce nettoyant \u00e0 l\u2019acide salicylique et \u00e0 l\u2019huile d\u2019arbre de th\u00e9 contient&nbsp;0,5% d\u2019acide salicylique. Il&nbsp;nettoie, exfolie et d\u00e9barrasse la peau des impuret\u00e9s tout en douceur.Il lutte contre les imperfections, \u00e9limine tout en douceur l\u2019exc\u00e8s de s\u00e9bum, les cellules mortes de la peau, les points noirs, les boutons et toute autre forme d\u2019impuret\u00e9s. Sa formule [&hellip;]<\/p>\n","protected":false},"featured_media":2623,"comment_status":"open","ping_status":"closed","template":"","meta":{"content-type":"","_uag_custom_page_level_css":""},"pwb-brand":[],"product_brand":[],"product_cat":[347,336,334],"product_tag":[],"class_list":{"0":"post-2888","1":"product","2":"type-product","3":"status-publish","4":"has-post-thumbnail","6":"product_cat-cosrx","7":"product_cat-nettoyant","8":"product_cat-produits-coreens","10":"first","11":"instock","12":"sale","13":"shipping-taxable","14":"purchasable","15":"product-type-simple"},"aioseo_notices":[],"uagb_featured_image_src":{"full":["https:\/\/wavexia.com\/wp-content\/uploads\/2025\/10\/019000000001.webp",800,800,false],"thumbnail":["https:\/\/wavexia.com\/wp-content\/uploads\/2025\/10\/019000000001-150x150.webp",150,150,true],"medium":["https:\/\/wavexia.com\/wp-content\/uploads\/2025\/10\/019000000001-300x300.webp",300,300,true],"medium_large":["https:\/\/wavexia.com\/wp-content\/uploads\/2025\/10\/019000000001-768x768.webp",768,768,true],"large":["https:\/\/wavexia.com\/wp-content\/uploads\/2025\/10\/019000000001.webp",800,800,false],"1536x1536":["https:\/\/wavexia.com\/wp-content\/uploads\/2025\/10\/019000000001.webp",800,800,false],"2048x2048":["https:\/\/wavexia.com\/wp-content\/uploads\/2025\/10\/019000000001.webp",800,800,false],"woocommerce_archive_thumbnail":["https:\/\/wavexia.com\/wp-content\/uploads\/2025\/10\/019000000001-300x300.webp",300,300,true],"woocommerce_thumbnail":["https:\/\/wavexia.com\/wp-content\/uploads\/2025\/10\/019000000001-300x300.webp",300,300,true],"woocommerce_single":["https:\/\/wavexia.com\/wp-content\/uploads\/2025\/10\/019000000001-600x600.webp",600,600,true],"woocommerce_gallery_thumbnail":["https:\/\/wavexia.com\/wp-content\/uploads\/2025\/10\/019000000001-100x100.webp",100,100,true]},"uagb_author_info":{"display_name":"zineddine.ayoub98@gmail.com","author_link":"https:\/\/wavexia.com\/?author=0"},"uagb_comment_info":0,"uagb_excerpt":"Description Ce nettoyant \u00e0 l\u2019acide salicylique et \u00e0 l\u2019huile d\u2019arbre de th\u00e9 contient&nbsp;0,5% d\u2019acide salicylique. Il&nbsp;nettoie, exfolie et d\u00e9barrasse la peau des impuret\u00e9s tout en douceur.Il lutte contre les imperfections, \u00e9limine tout en douceur l\u2019exc\u00e8s de s\u00e9bum, les cellules mortes de la peau, les points noirs, les boutons et toute autre forme d\u2019impuret\u00e9s. Sa formule&hellip;","brands":[],"_links":{"self":[{"href":"https:\/\/wavexia.com\/index.php?rest_route=\/wp\/v2\/product\/2888","targetHints":{"allow":["GET"]}}],"collection":[{"href":"https:\/\/wavexia.com\/index.php?rest_route=\/wp\/v2\/product"}],"about":[{"href":"https:\/\/wavexia.com\/index.php?rest_route=\/wp\/v2\/types\/product"}],"replies":[{"embeddable":true,"href":"https:\/\/wavexia.com\/index.php?rest_route=%2Fwp%2Fv2%2Fcomments&post=2888"}],"wp:featuredmedia":[{"embeddable":true,"href":"https:\/\/wavexia.com\/index.php?rest_route=\/wp\/v2\/media\/2623"}],"wp:attachment":[{"href":"https:\/\/wavexia.com\/index.php?rest_route=%2Fwp%2Fv2%2Fmedia&parent=2888"}],"wp:term":[{"taxonomy":"pwb-brand","embeddable":true,"href":"https:\/\/wavexia.com\/index.php?rest_route=%2Fwp%2Fv2%2Fpwb-brand&post=2888"},{"taxonomy":"product_brand","embeddable":true,"href":"https:\/\/wavexia.com\/index.php?rest_route=%2Fwp%2Fv2%2Fproduct_brand&post=2888"},{"taxonomy":"product_cat","embeddable":true,"href":"https:\/\/wavexia.com\/index.php?rest_route=%2Fwp%2Fv2%2Fproduct_cat&post=2888"},{"taxonomy":"product_tag","embeddable":true,"href":"https:\/\/wavexia.com\/index.php?rest_route=%2Fwp%2Fv2%2Fproduct_tag&post=2888"}],"curies":[{"name":"wp","href":"https:\/\/api.w.org\/{rel}","templated":true}]}}