{"id":2886,"date":"2025-10-18T22:09:08","date_gmt":"2025-10-18T22:09:08","guid":{"rendered":"https:\/\/wavexia.com\/product\/anua-heartleaf-succinic-moisture-cleansing-foam-150-ml\/"},"modified":"2026-03-10T07:30:50","modified_gmt":"2026-03-10T07:30:50","slug":"anua-heartleaf-succinic-moisture-cleansing-foam-150-ml","status":"publish","type":"product","link":"https:\/\/wavexia.com\/?product=anua-heartleaf-succinic-moisture-cleansing-foam-150-ml","title":{"rendered":"Anua \u2013 Heartleaf Succinic Moisture Cleansing Foam 150 ml"},"content":{"rendered":"<h2>Description<\/h2>\n<h2><\/h2>\n<section>\n<div>\n<ul>\n<li>La mousse nettoyante contient de l\u2019acide succinique qui r\u00e9gule le s\u00e9bum et aide \u00e0 d\u00e9sobstruer les pores.<\/li>\n<li>Contient de l\u2019acide salicylique (BHA) pour am\u00e9liorer la peau sujette \u00e0 l\u2019acn\u00e9 et nettoyer les d\u00e9chets \u00e0 l\u2019int\u00e9rieur des pores.<\/li>\n<li>Contient de l\u2019HEARTEASE (extrait d\u2019Houttuynia Cordata et prot\u00e9ase) pour \u00e9liminer les d\u00e9chets et les peaux mortes li\u00e9s aux enzymes de digestion des prot\u00e9ines sans aucune irritation.<\/li>\n<li>Une mousse nettoyante au pH 5-6 pour prot\u00e9ger la barri\u00e8re cutan\u00e9e.<\/li>\n<li>Contient du c\u00e9ramide pour former une barri\u00e8re hydratante sur la peau.<\/li>\n<li>Sa texture g\u00e9lifi\u00e9e permet de cr\u00e9er une mousse dense et riche.<\/li>\n<li>Convient aux peaux sensibles et sujettes \u00e0 l\u2019acn\u00e9.<br \/><b>Utilisation&nbsp;:<\/b><\/li>\n<li>Appliquez une quantit\u00e9 appropri\u00e9e de produit sur le visage apr\u00e8s l\u2019avoir fait mousser. Massez ensuite l\u2019ensemble du visage en douceur, puis enlevez le produit.<\/li>\n<\/ul>\n<h4 class=\"accordion_title__igE6o MuiBox-root mui-style-0\" aria-expanded=\"true\" aria-controls=\":R3l3kof6:\">Ingr\u00e9dients principaux<\/h4>\n<div id=\":R3l3kof6:\" role=\"region\">\n<div class=\"productDetailPage_accordionContent__tZh8X\">Water, Disodium Cocoamphodiacetate, Sodium Methyl Cocoyl Taurate, Glycerin, Acrylates\/C10-30 Alkyl Acrylate Crosspolymer, Disodium 2-Sulfolaurate, Sodium Chloride, Methylpropanediol, Houttuynia Cordata Extract (10, 000ppm), Quillaja Saponaria Bark Extract, Vincetoxicum Atratum Extract, Althaea Rosea Flower Extract, Chitosan, 1,2-Hexanediol, Caprylyl Glycol, Tromethamine, Panthenol, Salicylic Acid, Succinic Acid (5, Butylene Glycol, Lauryl Hydroxysultaine, Polyglyceryl-4 Caprate, Sodium Cocoyl Isethionate, Sodium Citrate, Sodium Phytate, Hexylene Glycol, Ethylhexylglycerin, Citric Acid, Protease, Caprylic\/Capric Triglyceride, Hydrogenated Lecithin, Ceramide NP, Dipropylene Glycol, Pentylene Glycol, Cholesterol, Sodium Cocoyl Glycinate, Sodium Cocoyl Alaninate, Fragrance, Fragence, Coco-Glucoside, Coco-glucoside<\/div>\n<\/div>\n<\/section>\n<\/div>\n","protected":false},"excerpt":{"rendered":"<p>Description La mousse nettoyante contient de l\u2019acide succinique qui r\u00e9gule le s\u00e9bum et aide \u00e0 d\u00e9sobstruer les pores. Contient de l\u2019acide salicylique (BHA) pour am\u00e9liorer la peau sujette \u00e0 l\u2019acn\u00e9 et nettoyer les d\u00e9chets \u00e0 l\u2019int\u00e9rieur des pores. Contient de l\u2019HEARTEASE (extrait d\u2019Houttuynia Cordata et prot\u00e9ase) pour \u00e9liminer les d\u00e9chets et les peaux mortes li\u00e9s [&hellip;]<\/p>\n","protected":false},"featured_media":2611,"comment_status":"open","ping_status":"closed","template":"","meta":{"content-type":"","_uag_custom_page_level_css":""},"pwb-brand":[],"product_brand":[],"product_cat":[344,327,336,334,323],"product_tag":[],"class_list":{"0":"post-2886","1":"product","2":"type-product","3":"status-publish","4":"has-post-thumbnail","6":"product_cat-anua","7":"product_cat-hmizat","8":"product_cat-nettoyant","9":"product_cat-produits-coreens","10":"product_cat-skincare","12":"first","13":"instock","14":"sale","15":"shipping-taxable","16":"purchasable","17":"product-type-simple"},"aioseo_notices":[],"uagb_featured_image_src":{"full":["https:\/\/wavexia.com\/wp-content\/uploads\/2025\/10\/cleansing-foam-02.jpg",700,700,false],"thumbnail":["https:\/\/wavexia.com\/wp-content\/uploads\/2025\/10\/cleansing-foam-02-150x150.jpg",150,150,true],"medium":["https:\/\/wavexia.com\/wp-content\/uploads\/2025\/10\/cleansing-foam-02-300x300.jpg",300,300,true],"medium_large":["https:\/\/wavexia.com\/wp-content\/uploads\/2025\/10\/cleansing-foam-02.jpg",700,700,false],"large":["https:\/\/wavexia.com\/wp-content\/uploads\/2025\/10\/cleansing-foam-02.jpg",700,700,false],"1536x1536":["https:\/\/wavexia.com\/wp-content\/uploads\/2025\/10\/cleansing-foam-02.jpg",700,700,false],"2048x2048":["https:\/\/wavexia.com\/wp-content\/uploads\/2025\/10\/cleansing-foam-02.jpg",700,700,false],"woocommerce_archive_thumbnail":["https:\/\/wavexia.com\/wp-content\/uploads\/2025\/10\/cleansing-foam-02-300x300.jpg",300,300,true],"woocommerce_thumbnail":["https:\/\/wavexia.com\/wp-content\/uploads\/2025\/10\/cleansing-foam-02-300x300.jpg",300,300,true],"woocommerce_single":["https:\/\/wavexia.com\/wp-content\/uploads\/2025\/10\/cleansing-foam-02-600x600.jpg",600,600,true],"woocommerce_gallery_thumbnail":["https:\/\/wavexia.com\/wp-content\/uploads\/2025\/10\/cleansing-foam-02-100x100.jpg",100,100,true]},"uagb_author_info":{"display_name":"zineddine.ayoub98@gmail.com","author_link":"https:\/\/wavexia.com\/?author=0"},"uagb_comment_info":0,"uagb_excerpt":"Description La mousse nettoyante contient de l\u2019acide succinique qui r\u00e9gule le s\u00e9bum et aide \u00e0 d\u00e9sobstruer les pores. Contient de l\u2019acide salicylique (BHA) pour am\u00e9liorer la peau sujette \u00e0 l\u2019acn\u00e9 et nettoyer les d\u00e9chets \u00e0 l\u2019int\u00e9rieur des pores. Contient de l\u2019HEARTEASE (extrait d\u2019Houttuynia Cordata et prot\u00e9ase) pour \u00e9liminer les d\u00e9chets et les peaux mortes li\u00e9s&hellip;","brands":[],"_links":{"self":[{"href":"https:\/\/wavexia.com\/index.php?rest_route=\/wp\/v2\/product\/2886","targetHints":{"allow":["GET"]}}],"collection":[{"href":"https:\/\/wavexia.com\/index.php?rest_route=\/wp\/v2\/product"}],"about":[{"href":"https:\/\/wavexia.com\/index.php?rest_route=\/wp\/v2\/types\/product"}],"replies":[{"embeddable":true,"href":"https:\/\/wavexia.com\/index.php?rest_route=%2Fwp%2Fv2%2Fcomments&post=2886"}],"wp:featuredmedia":[{"embeddable":true,"href":"https:\/\/wavexia.com\/index.php?rest_route=\/wp\/v2\/media\/2611"}],"wp:attachment":[{"href":"https:\/\/wavexia.com\/index.php?rest_route=%2Fwp%2Fv2%2Fmedia&parent=2886"}],"wp:term":[{"taxonomy":"pwb-brand","embeddable":true,"href":"https:\/\/wavexia.com\/index.php?rest_route=%2Fwp%2Fv2%2Fpwb-brand&post=2886"},{"taxonomy":"product_brand","embeddable":true,"href":"https:\/\/wavexia.com\/index.php?rest_route=%2Fwp%2Fv2%2Fproduct_brand&post=2886"},{"taxonomy":"product_cat","embeddable":true,"href":"https:\/\/wavexia.com\/index.php?rest_route=%2Fwp%2Fv2%2Fproduct_cat&post=2886"},{"taxonomy":"product_tag","embeddable":true,"href":"https:\/\/wavexia.com\/index.php?rest_route=%2Fwp%2Fv2%2Fproduct_tag&post=2886"}],"curies":[{"name":"wp","href":"https:\/\/api.w.org\/{rel}","templated":true}]}}