{"id":2885,"date":"2025-10-18T22:09:08","date_gmt":"2025-10-18T22:09:08","guid":{"rendered":"https:\/\/wavexia.com\/product\/doctors-best-glucosamine-chondroitin-msm-optimsm120-capsules\/"},"modified":"2026-03-10T07:30:49","modified_gmt":"2026-03-10T07:30:49","slug":"doctors-best-glucosamine-chondroitin-msm-optimsm120-capsules","status":"publish","type":"product","link":"https:\/\/wavexia.com\/?product=doctors-best-glucosamine-chondroitin-msm-optimsm120-capsules","title":{"rendered":"Doctor\u2019s Best \u2013 Glucosamine, Chondroitin, MSM + OptiMSM,120 capsules"},"content":{"rendered":"<h2>Description<\/h2>\n<p><strong>Doctor\u2019s Best Glucosamine Chondro\u00eftine MSM avec OptiMSM<\/strong><\/p>\n<p>Un exemple de produit qui correspond \u00e0 cet objectif est Doctor\u2019s Best \u2013 Glucosamine Chondro\u00eftine MSM avec OptiMSM. La glucosamine contenue dans ce compl\u00e9ment alimentaire est une substance naturelle produite dans l\u2019organisme, que l\u2019on retrouve, entre autres, dans le cartilage articulaire. Il ne peut pas \u00eatre fourni avec les repas, car il ne se trouve dans aucun produit alimentaire cl\u00e9. Le r\u00f4le principal dans l\u2019enrichissement de sa quantit\u00e9 est donc jou\u00e9 par la suppl\u00e9mentation avec un produit de haute qualit\u00e9.<\/p>\n<p>&nbsp;<\/p>\n","protected":false},"excerpt":{"rendered":"<p>Description Doctor\u2019s Best Glucosamine Chondro\u00eftine MSM avec OptiMSM Un exemple de produit qui correspond \u00e0 cet objectif est Doctor\u2019s Best \u2013 Glucosamine Chondro\u00eftine MSM avec OptiMSM. La glucosamine contenue dans ce compl\u00e9ment alimentaire est une substance naturelle produite dans l\u2019organisme, que l\u2019on retrouve, entre autres, dans le cartilage articulaire. Il ne peut pas \u00eatre fourni [&hellip;]<\/p>\n","protected":false},"featured_media":2608,"comment_status":"open","ping_status":"closed","template":"","meta":{"content-type":"","_uag_custom_page_level_css":""},"pwb-brand":[],"product_brand":[],"product_cat":[330],"product_tag":[],"class_list":{"0":"post-2885","1":"product","2":"type-product","3":"status-publish","4":"has-post-thumbnail","6":"product_cat-complements-alimentaires","8":"first","9":"instock","10":"sale","11":"shipping-taxable","12":"purchasable","13":"product-type-simple"},"aioseo_notices":[],"uagb_featured_image_src":{"full":["https:\/\/wavexia.com\/wp-content\/uploads\/2025\/10\/NCLTWLIcTn6FS9fRyPrZhT3Pd9jyuZeR20rhq71u-Copie.jpeg",1600,1600,false],"thumbnail":["https:\/\/wavexia.com\/wp-content\/uploads\/2025\/10\/NCLTWLIcTn6FS9fRyPrZhT3Pd9jyuZeR20rhq71u-Copie-150x150.jpeg",150,150,true],"medium":["https:\/\/wavexia.com\/wp-content\/uploads\/2025\/10\/NCLTWLIcTn6FS9fRyPrZhT3Pd9jyuZeR20rhq71u-Copie-300x300.jpeg",300,300,true],"medium_large":["https:\/\/wavexia.com\/wp-content\/uploads\/2025\/10\/NCLTWLIcTn6FS9fRyPrZhT3Pd9jyuZeR20rhq71u-Copie-768x768.jpeg",768,768,true],"large":["https:\/\/wavexia.com\/wp-content\/uploads\/2025\/10\/NCLTWLIcTn6FS9fRyPrZhT3Pd9jyuZeR20rhq71u-Copie-1024x1024.jpeg",1024,1024,true],"1536x1536":["https:\/\/wavexia.com\/wp-content\/uploads\/2025\/10\/NCLTWLIcTn6FS9fRyPrZhT3Pd9jyuZeR20rhq71u-Copie-1536x1536.jpeg",1536,1536,true],"2048x2048":["https:\/\/wavexia.com\/wp-content\/uploads\/2025\/10\/NCLTWLIcTn6FS9fRyPrZhT3Pd9jyuZeR20rhq71u-Copie.jpeg",1600,1600,false],"woocommerce_archive_thumbnail":["https:\/\/wavexia.com\/wp-content\/uploads\/2025\/10\/NCLTWLIcTn6FS9fRyPrZhT3Pd9jyuZeR20rhq71u-Copie-300x300.jpeg",300,300,true],"woocommerce_thumbnail":["https:\/\/wavexia.com\/wp-content\/uploads\/2025\/10\/NCLTWLIcTn6FS9fRyPrZhT3Pd9jyuZeR20rhq71u-Copie-300x300.jpeg",300,300,true],"woocommerce_single":["https:\/\/wavexia.com\/wp-content\/uploads\/2025\/10\/NCLTWLIcTn6FS9fRyPrZhT3Pd9jyuZeR20rhq71u-Copie-600x600.jpeg",600,600,true],"woocommerce_gallery_thumbnail":["https:\/\/wavexia.com\/wp-content\/uploads\/2025\/10\/NCLTWLIcTn6FS9fRyPrZhT3Pd9jyuZeR20rhq71u-Copie-100x100.jpeg",100,100,true]},"uagb_author_info":{"display_name":"zineddine.ayoub98@gmail.com","author_link":"https:\/\/wavexia.com\/?author=0"},"uagb_comment_info":0,"uagb_excerpt":"Description Doctor\u2019s Best Glucosamine Chondro\u00eftine MSM avec OptiMSM Un exemple de produit qui correspond \u00e0 cet objectif est Doctor\u2019s Best \u2013 Glucosamine Chondro\u00eftine MSM avec OptiMSM. La glucosamine contenue dans ce compl\u00e9ment alimentaire est une substance naturelle produite dans l\u2019organisme, que l\u2019on retrouve, entre autres, dans le cartilage articulaire. Il ne peut pas \u00eatre fourni&hellip;","brands":[],"_links":{"self":[{"href":"https:\/\/wavexia.com\/index.php?rest_route=\/wp\/v2\/product\/2885","targetHints":{"allow":["GET"]}}],"collection":[{"href":"https:\/\/wavexia.com\/index.php?rest_route=\/wp\/v2\/product"}],"about":[{"href":"https:\/\/wavexia.com\/index.php?rest_route=\/wp\/v2\/types\/product"}],"replies":[{"embeddable":true,"href":"https:\/\/wavexia.com\/index.php?rest_route=%2Fwp%2Fv2%2Fcomments&post=2885"}],"wp:featuredmedia":[{"embeddable":true,"href":"https:\/\/wavexia.com\/index.php?rest_route=\/wp\/v2\/media\/2608"}],"wp:attachment":[{"href":"https:\/\/wavexia.com\/index.php?rest_route=%2Fwp%2Fv2%2Fmedia&parent=2885"}],"wp:term":[{"taxonomy":"pwb-brand","embeddable":true,"href":"https:\/\/wavexia.com\/index.php?rest_route=%2Fwp%2Fv2%2Fpwb-brand&post=2885"},{"taxonomy":"product_brand","embeddable":true,"href":"https:\/\/wavexia.com\/index.php?rest_route=%2Fwp%2Fv2%2Fproduct_brand&post=2885"},{"taxonomy":"product_cat","embeddable":true,"href":"https:\/\/wavexia.com\/index.php?rest_route=%2Fwp%2Fv2%2Fproduct_cat&post=2885"},{"taxonomy":"product_tag","embeddable":true,"href":"https:\/\/wavexia.com\/index.php?rest_route=%2Fwp%2Fv2%2Fproduct_tag&post=2885"}],"curies":[{"name":"wp","href":"https:\/\/api.w.org\/{rel}","templated":true}]}}