{"id":2884,"date":"2025-10-18T22:09:08","date_gmt":"2025-10-18T22:09:08","guid":{"rendered":"https:\/\/wavexia.com\/product\/anua-100-pdrn-hyaluronic-acid-capsule-100-serum\/"},"modified":"2026-03-10T07:30:49","modified_gmt":"2026-03-10T07:30:49","slug":"anua-100-pdrn-hyaluronic-acid-capsule-100-serum","status":"publish","type":"product","link":"https:\/\/wavexia.com\/?product=anua-100-pdrn-hyaluronic-acid-capsule-100-serum","title":{"rendered":"ANUA 100+ PDRN + Hyaluronic Acid Capsule 100 Serum"},"content":{"rendered":"<h2>Description<\/h2>\n<p>Revitalisez votre peau avec le s\u00e9rum Anua PDRN Hyaluronic Acid Capsule 100 ! Cette formule puissante contient des g\u00e9lules d\u2019acide hyaluronique PDRN 100 % pures et non dilu\u00e9es qui ciblent et traitent une gamme de probl\u00e8mes de peau. Parfait pour restaurer et am\u00e9liorer les peaux ab\u00eem\u00e9es, il aide \u00e0 hydrater et \u00e0 rajeunir en profondeur pour un teint plus lisse et plus sain.<\/p>\n<p><strong>Recommand\u00e9 pour :<\/strong>&nbsp;Tousles types de peau.<\/p>\n<p><strong>Mode d\u2019emploi<\/strong><\/p>\n<ul>\n<li>Soins quotidiens : Apr\u00e8s avoir appliqu\u00e9 le toner, pr\u00e9levez une quantit\u00e9 ad\u00e9quate de produit et appliquez-le sur la peau \u00e0 absorber \u00e0 la place du s\u00e9rum.<\/li>\n<li>Soin de nuit : Superposez le s\u00e9rum 2 \u00e0 3 fois au lieu de la compresse de sommeil pour avoir une peau ferme le lendemain.<\/li>\n<li>Soins du maquillage : Appliquez 1 \u00e0 2 gouttes du produit sur des produits de base comme le fond de teint pour faire un maquillage \u00e9clatant.<\/li>\n<\/ul>\n<p><strong>Pr\u00e9cautions d\u2019utilisation<\/strong><\/p>\n<ul>\n<li>Lorsque des sympt\u00f4mes d\u2019\u00e9ruptions cutan\u00e9es, d\u2019enflure ou de d\u00e9mangeaisons surviennent pendant l\u2019utilisation ou apr\u00e8s une exposition au soleil, veuillez consulter un sp\u00e9cialiste.<\/li>\n<li>Ne pas utiliser sur des zones bless\u00e9es.<\/li>\n<li>Tenir hors de port\u00e9e des enfants.<\/li>\n<li>Tenir \u00e0 l\u2019abri de la lumi\u00e8re directe du soleil.<\/li>\n<\/ul>\n<p><strong>Ingr\u00e9dients en vedette<\/strong><\/p>\n<p>Contient du PDRN pour aider \u00e0 des soins de la peau \u00e9lastiques et lisses, et du collag\u00e8ne pour aider \u00e0 renforcer la barri\u00e8re cutan\u00e9e.<br \/>Contient 11 types d\u2019acides hyaluroniques pour hydrater l\u2019int\u00e9rieur et l\u2019ext\u00e9rieur de la peau.<br \/>Contient du PDRN, de l\u2019acide hyaluronique et du collag\u00e8ne pour l\u2019hydratation et l\u2019hydratation afin d\u2019am\u00e9liorer instantan\u00e9ment l\u2019hydratation de l\u2019int\u00e9rieur de la peau et d\u2019hydrater les effets.<br \/>Votre peau devient possible de g\u00e9n\u00e9rer des acides hyaluroniques et du collag\u00e8ne pour une hydratation en profondeur.<\/p>\n<p><strong>Ingr\u00e9dients<\/strong><\/p>\n<p>Eau,Butyl\u00e8ne Glycol,Propanediol,Glyc\u00e9rine,Acide hyaluronique hydrolys\u00e9,1,2-Hexanediol,Niacinamide,Ol\u00e9ate de glyc\u00e9ryle,Lauryl Glucoside,Myristyl Glucoside, Polyglyceryl-6 Laurate, L\u00e9cithine hydrog\u00e9n\u00e9e,Glutathion,Collag\u00e8ne hydrolys\u00e9,Hyaluronate de sodium,Extrait de racine de Coptis Japonica,Ad\u00e9nosine,ADN sodique, Acide hyaluronique,Hyaluronate d\u2019hydroxypropyltrimonium,Hyaluronate de potassium,Hyaluronate de sodium crois\u00e9,Hyaluronate ac\u00e9tyl\u00e9 de sodium,Melia Extrait de feuille d\u2019Azadirachta, extrait de fleur de Melia Azadirachta, extrait de fruit de Coccinia Indica, extrait de fruit de Solanum Melongena (aubergine), extrait de feuille d\u2019Ocimum Sanctum, acide citrique, extrait de racine de Curcuma Longa (curcuma), extrait de Corallina Officinalis, citrate de sodium, pentyl\u00e8ne glycol<\/p>\n","protected":false},"excerpt":{"rendered":"<p>Description Revitalisez votre peau avec le s\u00e9rum Anua PDRN Hyaluronic Acid Capsule 100 ! Cette formule puissante contient des g\u00e9lules d\u2019acide hyaluronique PDRN 100 % pures et non dilu\u00e9es qui ciblent et traitent une gamme de probl\u00e8mes de peau. Parfait pour restaurer et am\u00e9liorer les peaux ab\u00eem\u00e9es, il aide \u00e0 hydrater et \u00e0 rajeunir en [&hellip;]<\/p>\n","protected":false},"featured_media":2603,"comment_status":"open","ping_status":"closed","template":"","meta":{"content-type":"","_uag_custom_page_level_css":""},"pwb-brand":[],"product_brand":[],"product_cat":[344,327,334,338],"product_tag":[],"class_list":{"0":"post-2884","1":"product","2":"type-product","3":"status-publish","4":"has-post-thumbnail","6":"product_cat-anua","7":"product_cat-hmizat","8":"product_cat-produits-coreens","9":"product_cat-serum-ampoule","11":"first","12":"instock","13":"sale","14":"shipping-taxable","15":"purchasable","16":"product-type-simple"},"aioseo_notices":[],"uagb_featured_image_src":{"full":["https:\/\/wavexia.com\/wp-content\/uploads\/2025\/10\/anua-us-pdrn-hyaluronic-acid-capsule-100-serum-1129135959.webp",1000,1246,false],"thumbnail":["https:\/\/wavexia.com\/wp-content\/uploads\/2025\/10\/anua-us-pdrn-hyaluronic-acid-capsule-100-serum-1129135959-150x150.webp",150,150,true],"medium":["https:\/\/wavexia.com\/wp-content\/uploads\/2025\/10\/anua-us-pdrn-hyaluronic-acid-capsule-100-serum-1129135959-241x300.webp",241,300,true],"medium_large":["https:\/\/wavexia.com\/wp-content\/uploads\/2025\/10\/anua-us-pdrn-hyaluronic-acid-capsule-100-serum-1129135959-768x957.webp",768,957,true],"large":["https:\/\/wavexia.com\/wp-content\/uploads\/2025\/10\/anua-us-pdrn-hyaluronic-acid-capsule-100-serum-1129135959-822x1024.webp",822,1024,true],"1536x1536":["https:\/\/wavexia.com\/wp-content\/uploads\/2025\/10\/anua-us-pdrn-hyaluronic-acid-capsule-100-serum-1129135959.webp",1000,1246,false],"2048x2048":["https:\/\/wavexia.com\/wp-content\/uploads\/2025\/10\/anua-us-pdrn-hyaluronic-acid-capsule-100-serum-1129135959.webp",1000,1246,false],"woocommerce_archive_thumbnail":["https:\/\/wavexia.com\/wp-content\/uploads\/2025\/10\/anua-us-pdrn-hyaluronic-acid-capsule-100-serum-1129135959-300x374.webp",300,374,true],"woocommerce_thumbnail":["https:\/\/wavexia.com\/wp-content\/uploads\/2025\/10\/anua-us-pdrn-hyaluronic-acid-capsule-100-serum-1129135959-300x300.webp",300,300,true],"woocommerce_single":["https:\/\/wavexia.com\/wp-content\/uploads\/2025\/10\/anua-us-pdrn-hyaluronic-acid-capsule-100-serum-1129135959-600x748.webp",600,748,true],"woocommerce_gallery_thumbnail":["https:\/\/wavexia.com\/wp-content\/uploads\/2025\/10\/anua-us-pdrn-hyaluronic-acid-capsule-100-serum-1129135959-100x100.webp",100,100,true]},"uagb_author_info":{"display_name":"zineddine.ayoub98@gmail.com","author_link":"https:\/\/wavexia.com\/?author=0"},"uagb_comment_info":0,"uagb_excerpt":"Description Revitalisez votre peau avec le s\u00e9rum Anua PDRN Hyaluronic Acid Capsule 100 ! Cette formule puissante contient des g\u00e9lules d\u2019acide hyaluronique PDRN 100 % pures et non dilu\u00e9es qui ciblent et traitent une gamme de probl\u00e8mes de peau. Parfait pour restaurer et am\u00e9liorer les peaux ab\u00eem\u00e9es, il aide \u00e0 hydrater et \u00e0 rajeunir en&hellip;","brands":[],"_links":{"self":[{"href":"https:\/\/wavexia.com\/index.php?rest_route=\/wp\/v2\/product\/2884","targetHints":{"allow":["GET"]}}],"collection":[{"href":"https:\/\/wavexia.com\/index.php?rest_route=\/wp\/v2\/product"}],"about":[{"href":"https:\/\/wavexia.com\/index.php?rest_route=\/wp\/v2\/types\/product"}],"replies":[{"embeddable":true,"href":"https:\/\/wavexia.com\/index.php?rest_route=%2Fwp%2Fv2%2Fcomments&post=2884"}],"wp:featuredmedia":[{"embeddable":true,"href":"https:\/\/wavexia.com\/index.php?rest_route=\/wp\/v2\/media\/2603"}],"wp:attachment":[{"href":"https:\/\/wavexia.com\/index.php?rest_route=%2Fwp%2Fv2%2Fmedia&parent=2884"}],"wp:term":[{"taxonomy":"pwb-brand","embeddable":true,"href":"https:\/\/wavexia.com\/index.php?rest_route=%2Fwp%2Fv2%2Fpwb-brand&post=2884"},{"taxonomy":"product_brand","embeddable":true,"href":"https:\/\/wavexia.com\/index.php?rest_route=%2Fwp%2Fv2%2Fproduct_brand&post=2884"},{"taxonomy":"product_cat","embeddable":true,"href":"https:\/\/wavexia.com\/index.php?rest_route=%2Fwp%2Fv2%2Fproduct_cat&post=2884"},{"taxonomy":"product_tag","embeddable":true,"href":"https:\/\/wavexia.com\/index.php?rest_route=%2Fwp%2Fv2%2Fproduct_tag&post=2884"}],"curies":[{"name":"wp","href":"https:\/\/api.w.org\/{rel}","templated":true}]}}