{"id":2881,"date":"2025-10-18T22:09:08","date_gmt":"2025-10-18T22:09:08","guid":{"rendered":"https:\/\/wavexia.com\/product\/now-foods-vitamines-d-3-et-k-2-120-capsules\/"},"modified":"2026-03-10T07:30:49","modified_gmt":"2026-03-10T07:30:49","slug":"now-foods-vitamines-d-3-et-k-2-120-capsules","status":"publish","type":"product","link":"https:\/\/wavexia.com\/?product=now-foods-vitamines-d-3-et-k-2-120-capsules","title":{"rendered":"NOW Foods, Vitamines D-3 et K-2, 120 capsules"},"content":{"rendered":"<h2>Description<\/h2>\n<p>NOW combine deux&nbsp;nutriments ayant fait l\u2019objet de recherches approfondies pour leur contribution \u00e0 la sant\u00e9 des os, des dents et du syst\u00e8me cardiovasculaire. La vitamine&nbsp;D3 favorise l\u2019acheminement et l\u2019absorption du calcium. Des \u00e9tudes r\u00e9centes indiquent que la vitamine&nbsp;D3 peut jouer un r\u00f4le dans l\u2019action appropri\u00e9e de l\u2019insuline et le m\u00e9tabolisme du glucose. De plus, elle joue un r\u00f4le important au sein du syst\u00e8me immunitaire. La vitamine&nbsp;K est essentielle \u00e0 la formation d\u2019une matrice osseuse saine et solide. Le r\u00f4le de la vitamine&nbsp;K dans la sant\u00e9 art\u00e9rielle se r\u00e9sume \u00e0 sa capacit\u00e9 \u00e0 soutenir le m\u00e9tabolisme correct du calcium dans les structures vasculaires. La vitamine&nbsp;K2 est une forme facilement active et biologiquement disponible de vitamine&nbsp;K.<\/p>\n<p><strong>Conseils d\u2019utilisation:<\/strong><\/p>\n<p>Prenez 1&nbsp;capsule 1 \u00e0&nbsp;2&nbsp;fois par jour au cours d\u2019un repas.<\/p>\n<h5><strong>Avertissements<\/strong><\/h5>\n<p>Conserver dans un endroit frais et sec apr\u00e8s ouverture.<\/p>\n<p>R\u00e9serv\u00e9 aux adultes. Consultez un m\u00e9decin si vous \u00eates enceinte\/allaitez, prenez des anticoagulants (tels que warfarine, coumadin, h\u00e9parine) ou tout autre m\u00e9dicament, ou si vous pr\u00e9sentez une affection m\u00e9dicale. Tenir hors de port\u00e9e des enfants.<\/p>\n<p>Une variation naturelle de couleur peut se produire.<\/p>\n","protected":false},"excerpt":{"rendered":"<p>Description NOW combine deux&nbsp;nutriments ayant fait l\u2019objet de recherches approfondies pour leur contribution \u00e0 la sant\u00e9 des os, des dents et du syst\u00e8me cardiovasculaire. La vitamine&nbsp;D3 favorise l\u2019acheminement et l\u2019absorption du calcium. Des \u00e9tudes r\u00e9centes indiquent que la vitamine&nbsp;D3 peut jouer un r\u00f4le dans l\u2019action appropri\u00e9e de l\u2019insuline et le m\u00e9tabolisme du glucose. De plus, [&hellip;]<\/p>\n","protected":false},"featured_media":2596,"comment_status":"open","ping_status":"closed","template":"","meta":{"content-type":"","_uag_custom_page_level_css":""},"pwb-brand":[],"product_brand":[],"product_cat":[330,327],"product_tag":[],"class_list":{"0":"post-2881","1":"product","2":"type-product","3":"status-publish","4":"has-post-thumbnail","6":"product_cat-complements-alimentaires","7":"product_cat-hmizat","9":"first","10":"instock","11":"sale","12":"shipping-taxable","13":"purchasable","14":"product-type-simple"},"aioseo_notices":[],"uagb_featured_image_src":{"full":["https:\/\/wavexia.com\/wp-content\/uploads\/2025\/10\/Vitamines-D-3-et-K-2-NOW-Foods-120-capsules-vegetariennes.webp",800,800,false],"thumbnail":["https:\/\/wavexia.com\/wp-content\/uploads\/2025\/10\/Vitamines-D-3-et-K-2-NOW-Foods-120-capsules-vegetariennes-150x150.webp",150,150,true],"medium":["https:\/\/wavexia.com\/wp-content\/uploads\/2025\/10\/Vitamines-D-3-et-K-2-NOW-Foods-120-capsules-vegetariennes-300x300.webp",300,300,true],"medium_large":["https:\/\/wavexia.com\/wp-content\/uploads\/2025\/10\/Vitamines-D-3-et-K-2-NOW-Foods-120-capsules-vegetariennes-768x768.webp",768,768,true],"large":["https:\/\/wavexia.com\/wp-content\/uploads\/2025\/10\/Vitamines-D-3-et-K-2-NOW-Foods-120-capsules-vegetariennes.webp",800,800,false],"1536x1536":["https:\/\/wavexia.com\/wp-content\/uploads\/2025\/10\/Vitamines-D-3-et-K-2-NOW-Foods-120-capsules-vegetariennes.webp",800,800,false],"2048x2048":["https:\/\/wavexia.com\/wp-content\/uploads\/2025\/10\/Vitamines-D-3-et-K-2-NOW-Foods-120-capsules-vegetariennes.webp",800,800,false],"woocommerce_archive_thumbnail":["https:\/\/wavexia.com\/wp-content\/uploads\/2025\/10\/Vitamines-D-3-et-K-2-NOW-Foods-120-capsules-vegetariennes-300x300.webp",300,300,true],"woocommerce_thumbnail":["https:\/\/wavexia.com\/wp-content\/uploads\/2025\/10\/Vitamines-D-3-et-K-2-NOW-Foods-120-capsules-vegetariennes-300x300.webp",300,300,true],"woocommerce_single":["https:\/\/wavexia.com\/wp-content\/uploads\/2025\/10\/Vitamines-D-3-et-K-2-NOW-Foods-120-capsules-vegetariennes-600x600.webp",600,600,true],"woocommerce_gallery_thumbnail":["https:\/\/wavexia.com\/wp-content\/uploads\/2025\/10\/Vitamines-D-3-et-K-2-NOW-Foods-120-capsules-vegetariennes-100x100.webp",100,100,true]},"uagb_author_info":{"display_name":"zineddine.ayoub98@gmail.com","author_link":"https:\/\/wavexia.com\/?author=0"},"uagb_comment_info":0,"uagb_excerpt":"Description NOW combine deux&nbsp;nutriments ayant fait l\u2019objet de recherches approfondies pour leur contribution \u00e0 la sant\u00e9 des os, des dents et du syst\u00e8me cardiovasculaire. La vitamine&nbsp;D3 favorise l\u2019acheminement et l\u2019absorption du calcium. Des \u00e9tudes r\u00e9centes indiquent que la vitamine&nbsp;D3 peut jouer un r\u00f4le dans l\u2019action appropri\u00e9e de l\u2019insuline et le m\u00e9tabolisme du glucose. De plus,&hellip;","brands":[],"_links":{"self":[{"href":"https:\/\/wavexia.com\/index.php?rest_route=\/wp\/v2\/product\/2881","targetHints":{"allow":["GET"]}}],"collection":[{"href":"https:\/\/wavexia.com\/index.php?rest_route=\/wp\/v2\/product"}],"about":[{"href":"https:\/\/wavexia.com\/index.php?rest_route=\/wp\/v2\/types\/product"}],"replies":[{"embeddable":true,"href":"https:\/\/wavexia.com\/index.php?rest_route=%2Fwp%2Fv2%2Fcomments&post=2881"}],"wp:featuredmedia":[{"embeddable":true,"href":"https:\/\/wavexia.com\/index.php?rest_route=\/wp\/v2\/media\/2596"}],"wp:attachment":[{"href":"https:\/\/wavexia.com\/index.php?rest_route=%2Fwp%2Fv2%2Fmedia&parent=2881"}],"wp:term":[{"taxonomy":"pwb-brand","embeddable":true,"href":"https:\/\/wavexia.com\/index.php?rest_route=%2Fwp%2Fv2%2Fpwb-brand&post=2881"},{"taxonomy":"product_brand","embeddable":true,"href":"https:\/\/wavexia.com\/index.php?rest_route=%2Fwp%2Fv2%2Fproduct_brand&post=2881"},{"taxonomy":"product_cat","embeddable":true,"href":"https:\/\/wavexia.com\/index.php?rest_route=%2Fwp%2Fv2%2Fproduct_cat&post=2881"},{"taxonomy":"product_tag","embeddable":true,"href":"https:\/\/wavexia.com\/index.php?rest_route=%2Fwp%2Fv2%2Fproduct_tag&post=2881"}],"curies":[{"name":"wp","href":"https:\/\/api.w.org\/{rel}","templated":true}]}}