{"id":2880,"date":"2025-10-18T22:09:08","date_gmt":"2025-10-18T22:09:08","guid":{"rendered":"https:\/\/wavexia.com\/product\/medicube-zero-pore-pad-mild-70-pads\/"},"modified":"2026-03-10T07:30:49","modified_gmt":"2026-03-10T07:30:49","slug":"medicube-zero-pore-pad-mild-70-pads","status":"publish","type":"product","link":"https:\/\/wavexia.com\/?product=medicube-zero-pore-pad-mild-70-pads","title":{"rendered":"Medicube Zero Pore Pad Mild 70 pads"},"content":{"rendered":"<h2>Description<\/h2>\n<p>Le Medicube Zero Pore Pad Mild est un pad exfoliant doux qui aide \u00e0 affiner la texture de la peau et \u00e0 rendre les pores moins visibles. Enrichi en ingr\u00e9dients hydratants et botaniques, ce pad offre une exfoliation douce sans irriter la peau. Parfait pour une utilisation quotidienne, il \u00e9limine l\u2019exc\u00e8s de s\u00e9bum et les cellules mortes tout en hydratant et \u00e9quilibrant la peau pour un teint plus lisse et lumineux.<\/p>\n<p>Ces pads combinent des soins efficaces avec une formule douce, ce qui les rend id\u00e9aux pour les peaux sensibles. Des ingr\u00e9dients comme l\u2019acide hyaluronique, le panth\u00e9nol et le th\u00e9 vert apportent hydratation, apaisement et protection, tout en contribuant \u00e0 une peau saine et \u00e9clatante.<\/p>\n<p><strong>Ces pads:<\/strong><\/p>\n<ul>\n<li>affinent la texture de la peau<\/li>\n<li>minimisent les pores<\/li>\n<li>\u00e9liminent l\u2019exc\u00e8s de s\u00e9bum et les cellules mortes<\/li>\n<li>hydratent et apaisent gr\u00e2ce \u00e0 l\u2019acide hyaluronique et au panth\u00e9nol<\/li>\n<li>contiennent du th\u00e9 vert pour une protection antioxydante<\/li>\n<li>conviennent \u00e0 une utilisation quotidienne<\/li>\n<li>conviennent aux peaux sensibles<\/li>\n<li>sans parfum<\/li>\n<li>cruelty free<\/li>\n<\/ul>\n<p><strong>Mode d\u2019emploi:<\/strong><\/p>\n<ul>\n<li>Passez doucement les pads sur votre peau propre et s\u00e8che.<\/li>\n<li>Utilisez ensuite l\u2019autre c\u00f4t\u00e9 du pad pour repasser sur votre visage.<\/li>\n<li>Tapotez doucement l\u2019essence restante sur votre peau.<\/li>\n<li>Jetez le pad apr\u00e8s utilisation.<\/li>\n<\/ul>\n<p><strong>Astuce!:<\/strong>&nbsp;Vous pouvez couper les pads en deux pour les utiliser deux fois plus longtemps.<\/p>\n<p><strong>Ingr\u00e9dients:<\/strong><br \/>Water, Propanediol, Methylpropanediol, 1,2-hexanediol, Glycereth-26, Butylene Glycol, Saccharide Hydrolysate, Tromethamine, Gluconolactone, Panthenol, Ethylhexylglycerin, Disodium Edta, Pyrus Communis Fruit Extract, Madecassoside, Rosa Damascena Flower Water, Iris Florentina Root Extract, Centella Asiatica Extract, Cucumis Melo Fruit Extract, Salvia Hispanica Seed Extract, Houttuynia Cordata Extract, Hedera Helix Leaf\/stem Extract, Cynanchum Atratum Extract, Pentylene Glycol, Ulmus Davidiana Root Extract, Pueraria Lobata Root Extract, Pinus Palustris Leaf Extract, Oenothera Biennis Flower Extract, Sodium Hyaluronate, Vitis Vinifera Fruit Extract, Diospyros Kaki Fruit Extract, Castanea Crenata Shell Extract, Camellia Sinensis Leaf Extract, Hyaluronic Acid, Sodium Hyaluronate Crosspolymer, Hydrolyzed Sodium Hyaluronate, Hydrolyzed Hyaluronic Acid, Sodium Acetylated Hyaluronate, Hydroxypropyltrimonium Hyaluronate<\/p>\n<p>&nbsp;<\/p>\n","protected":false},"excerpt":{"rendered":"<p>Description Le Medicube Zero Pore Pad Mild est un pad exfoliant doux qui aide \u00e0 affiner la texture de la peau et \u00e0 rendre les pores moins visibles. Enrichi en ingr\u00e9dients hydratants et botaniques, ce pad offre une exfoliation douce sans irriter la peau. Parfait pour une utilisation quotidienne, il \u00e9limine l\u2019exc\u00e8s de s\u00e9bum et [&hellip;]<\/p>\n","protected":false},"featured_media":2591,"comment_status":"open","ping_status":"closed","template":"","meta":{"content-type":"","_uag_custom_page_level_css":""},"pwb-brand":[],"product_brand":[],"product_cat":[327,349,328,334,345],"product_tag":[],"class_list":{"0":"post-2880","1":"product","2":"type-product","3":"status-publish","4":"has-post-thumbnail","6":"product_cat-hmizat","7":"product_cat-medicube","8":"product_cat-nouveautes","9":"product_cat-produits-coreens","10":"product_cat-toner-pads","12":"first","13":"instock","14":"sale","15":"shipping-taxable","16":"purchasable","17":"product-type-simple"},"aioseo_notices":[],"uagb_featured_image_src":{"full":["https:\/\/wavexia.com\/wp-content\/uploads\/2025\/10\/61QOtlZHhAL._AC_UF10001000_QL80_.jpg",935,1000,false],"thumbnail":["https:\/\/wavexia.com\/wp-content\/uploads\/2025\/10\/61QOtlZHhAL._AC_UF10001000_QL80_-150x150.jpg",150,150,true],"medium":["https:\/\/wavexia.com\/wp-content\/uploads\/2025\/10\/61QOtlZHhAL._AC_UF10001000_QL80_-281x300.jpg",281,300,true],"medium_large":["https:\/\/wavexia.com\/wp-content\/uploads\/2025\/10\/61QOtlZHhAL._AC_UF10001000_QL80_-768x821.jpg",768,821,true],"large":["https:\/\/wavexia.com\/wp-content\/uploads\/2025\/10\/61QOtlZHhAL._AC_UF10001000_QL80_.jpg",935,1000,false],"1536x1536":["https:\/\/wavexia.com\/wp-content\/uploads\/2025\/10\/61QOtlZHhAL._AC_UF10001000_QL80_.jpg",935,1000,false],"2048x2048":["https:\/\/wavexia.com\/wp-content\/uploads\/2025\/10\/61QOtlZHhAL._AC_UF10001000_QL80_.jpg",935,1000,false],"woocommerce_archive_thumbnail":["https:\/\/wavexia.com\/wp-content\/uploads\/2025\/10\/61QOtlZHhAL._AC_UF10001000_QL80_-300x321.jpg",300,321,true],"woocommerce_thumbnail":["https:\/\/wavexia.com\/wp-content\/uploads\/2025\/10\/61QOtlZHhAL._AC_UF10001000_QL80_-300x300.jpg",300,300,true],"woocommerce_single":["https:\/\/wavexia.com\/wp-content\/uploads\/2025\/10\/61QOtlZHhAL._AC_UF10001000_QL80_-600x642.jpg",600,642,true],"woocommerce_gallery_thumbnail":["https:\/\/wavexia.com\/wp-content\/uploads\/2025\/10\/61QOtlZHhAL._AC_UF10001000_QL80_-100x100.jpg",100,100,true]},"uagb_author_info":{"display_name":"zineddine.ayoub98@gmail.com","author_link":"https:\/\/wavexia.com\/?author=0"},"uagb_comment_info":0,"uagb_excerpt":"Description Le Medicube Zero Pore Pad Mild est un pad exfoliant doux qui aide \u00e0 affiner la texture de la peau et \u00e0 rendre les pores moins visibles. Enrichi en ingr\u00e9dients hydratants et botaniques, ce pad offre une exfoliation douce sans irriter la peau. Parfait pour une utilisation quotidienne, il \u00e9limine l\u2019exc\u00e8s de s\u00e9bum et&hellip;","brands":[],"_links":{"self":[{"href":"https:\/\/wavexia.com\/index.php?rest_route=\/wp\/v2\/product\/2880","targetHints":{"allow":["GET"]}}],"collection":[{"href":"https:\/\/wavexia.com\/index.php?rest_route=\/wp\/v2\/product"}],"about":[{"href":"https:\/\/wavexia.com\/index.php?rest_route=\/wp\/v2\/types\/product"}],"replies":[{"embeddable":true,"href":"https:\/\/wavexia.com\/index.php?rest_route=%2Fwp%2Fv2%2Fcomments&post=2880"}],"wp:featuredmedia":[{"embeddable":true,"href":"https:\/\/wavexia.com\/index.php?rest_route=\/wp\/v2\/media\/2591"}],"wp:attachment":[{"href":"https:\/\/wavexia.com\/index.php?rest_route=%2Fwp%2Fv2%2Fmedia&parent=2880"}],"wp:term":[{"taxonomy":"pwb-brand","embeddable":true,"href":"https:\/\/wavexia.com\/index.php?rest_route=%2Fwp%2Fv2%2Fpwb-brand&post=2880"},{"taxonomy":"product_brand","embeddable":true,"href":"https:\/\/wavexia.com\/index.php?rest_route=%2Fwp%2Fv2%2Fproduct_brand&post=2880"},{"taxonomy":"product_cat","embeddable":true,"href":"https:\/\/wavexia.com\/index.php?rest_route=%2Fwp%2Fv2%2Fproduct_cat&post=2880"},{"taxonomy":"product_tag","embeddable":true,"href":"https:\/\/wavexia.com\/index.php?rest_route=%2Fwp%2Fv2%2Fproduct_tag&post=2880"}],"curies":[{"name":"wp","href":"https:\/\/api.w.org\/{rel}","templated":true}]}}