{"id":2878,"date":"2025-10-18T22:09:07","date_gmt":"2025-10-18T22:09:07","guid":{"rendered":"https:\/\/wavexia.com\/product\/california-gold-nutrition-vitamine-c-1000-mg-60-gelules\/"},"modified":"2026-03-10T07:30:49","modified_gmt":"2026-03-10T07:30:49","slug":"california-gold-nutrition-vitamine-c-1000-mg-60-gelules","status":"publish","type":"product","link":"https:\/\/wavexia.com\/?product=california-gold-nutrition-vitamine-c-1000-mg-60-gelules","title":{"rendered":"California Gold Nutrition \u2013 Vitamine C 1000 mg, 60 G\u00e9lules"},"content":{"rendered":"<h2>Description<\/h2>\n<p><strong>Aide \u00e0 Soutenir la Sant\u00e9 Immunitaire et le Bien-\u00eatre G\u00e9n\u00e9ral<\/strong><\/p>\n<p><strong>Convient aux V\u00e9g\u00e9tariens<\/strong><\/p>\n<p><strong>Formul\u00e9 sans Gluten, OGM ou Soja<\/strong><\/p>\n<p><strong>Le California Gold Nutrition\u00ae Gold C\u2122 contient 1000 mg de vitamine C de qualit\u00e9 USP dans des capsules v\u00e9g\u00e9tales. Il est test\u00e9 trois fois pour garantir qu\u2019il respecte ou d\u00e9passe des normes de qualit\u00e9 strictes.<\/strong><\/p>\n<p><strong>iTested V\u00e9rifi\u00e9<\/strong><\/p>\n<p><strong>Utilisation sugg\u00e9r\u00e9e<\/strong><\/p>\n<p><strong>Prendre 1 capsule par jour, avec ou sans nourriture. Pour de meilleurs r\u00e9sultats, suivre les recommandations d\u2019un professionnel de sant\u00e9 qualifi\u00e9.<\/strong><\/p>\n<p><strong>Autres ingr\u00e9dients<\/strong><\/p>\n<p><strong>Ingr\u00e9dients principaux :<\/strong><\/p>\n<p><strong>Vitamine C (sous forme d\u2019acide ascorbique)<\/strong><\/p>\n<p><strong>Autres ingr\u00e9dients :<\/strong><\/p>\n<p><strong>Cellulose modifi\u00e9e (g\u00e9lule v\u00e9g\u00e9tale Hypromellose) et st\u00e9arate de magn\u00e9sium.<\/strong><\/p>\n<p><strong>Ne contient pas de lait, \u0153ufs, poisson, crustac\u00e9s, fruits \u00e0 coque, arachides, bl\u00e9, soja, s\u00e9same ou gluten. Produit dans une installation enregistr\u00e9e aupr\u00e8s de la FDA, audit\u00e9e par des tiers et conforme aux normes cGMP, qui peut traiter d\u2019autres produits contenant ces allerg\u00e8nes ou ingr\u00e9dients.<\/strong><\/p>\n<p><strong>Mises en garde<\/strong><\/p>\n<p><strong>Tenir hors de port\u00e9e des enfants. Consultez un m\u00e9decin, pharmacien, naturopathe ou autre professionnel de sant\u00e9 qualifi\u00e9 avant de prendre des compl\u00e9ments alimentaires.<\/strong><\/p>\n<p><strong>Scell\u00e9 pour votre protection. Ne pas utiliser si le sceau est manquant ou bris\u00e9. Conserver dans un endroit frais et sec. Prot\u00e9ger de la chaleur, de la lumi\u00e8re et de l\u2019humidit\u00e9.<\/strong><\/p>\n<p><strong>Des variations d\u2019ar\u00f4me, de couleur et de consistance peuvent se produire. Le changement de couleur est normal et in\u00e9vitable.<\/strong><\/p>\n<p><strong>Avertissement<\/strong><\/p>\n<p><strong>Bien que Para Cosmo s\u2019efforce d\u2019assurer l\u2019exactitude des informations et images des produits, certaines modifications de fabrication concernant l\u2019emballage et\/ou les ingr\u00e9dients peuvent ne pas encore \u00eatre mises \u00e0 jour sur notre site. Les produits peuvent occasionnellement \u00eatre exp\u00e9di\u00e9s dans un emballage alternatif, mais la fra\u00eecheur est toujours garantie. Nous recommandons de lire les \u00e9tiquettes, avertissements et modes d\u2019emploi de tous les produits avant utilisation et de ne pas se fier uniquement aux informations fournies par Para Cosmo.<\/strong><\/p>\n","protected":false},"excerpt":{"rendered":"<p>Description Aide \u00e0 Soutenir la Sant\u00e9 Immunitaire et le Bien-\u00eatre G\u00e9n\u00e9ral Convient aux V\u00e9g\u00e9tariens Formul\u00e9 sans Gluten, OGM ou Soja Le California Gold Nutrition\u00ae Gold C\u2122 contient 1000 mg de vitamine C de qualit\u00e9 USP dans des capsules v\u00e9g\u00e9tales. Il est test\u00e9 trois fois pour garantir qu\u2019il respecte ou d\u00e9passe des normes de qualit\u00e9 strictes. [&hellip;]<\/p>\n","protected":false},"featured_media":2586,"comment_status":"open","ping_status":"closed","template":"","meta":{"content-type":"","_uag_custom_page_level_css":""},"pwb-brand":[],"product_brand":[],"product_cat":[330],"product_tag":[],"class_list":{"0":"post-2878","1":"product","2":"type-product","3":"status-publish","4":"has-post-thumbnail","6":"product_cat-complements-alimentaires","8":"first","9":"instock","10":"sale","11":"shipping-taxable","12":"purchasable","13":"product-type-simple"},"aioseo_notices":[],"uagb_featured_image_src":{"full":["https:\/\/wavexia.com\/wp-content\/uploads\/2025\/10\/vitamine-C.webp",1600,1600,false],"thumbnail":["https:\/\/wavexia.com\/wp-content\/uploads\/2025\/10\/vitamine-C-150x150.webp",150,150,true],"medium":["https:\/\/wavexia.com\/wp-content\/uploads\/2025\/10\/vitamine-C-300x300.webp",300,300,true],"medium_large":["https:\/\/wavexia.com\/wp-content\/uploads\/2025\/10\/vitamine-C-768x768.webp",768,768,true],"large":["https:\/\/wavexia.com\/wp-content\/uploads\/2025\/10\/vitamine-C-1024x1024.webp",1024,1024,true],"1536x1536":["https:\/\/wavexia.com\/wp-content\/uploads\/2025\/10\/vitamine-C-1536x1536.webp",1536,1536,true],"2048x2048":["https:\/\/wavexia.com\/wp-content\/uploads\/2025\/10\/vitamine-C.webp",1600,1600,false],"woocommerce_archive_thumbnail":["https:\/\/wavexia.com\/wp-content\/uploads\/2025\/10\/vitamine-C-300x300.webp",300,300,true],"woocommerce_thumbnail":["https:\/\/wavexia.com\/wp-content\/uploads\/2025\/10\/vitamine-C-300x300.webp",300,300,true],"woocommerce_single":["https:\/\/wavexia.com\/wp-content\/uploads\/2025\/10\/vitamine-C-600x600.webp",600,600,true],"woocommerce_gallery_thumbnail":["https:\/\/wavexia.com\/wp-content\/uploads\/2025\/10\/vitamine-C-100x100.webp",100,100,true]},"uagb_author_info":{"display_name":"zineddine.ayoub98@gmail.com","author_link":"https:\/\/wavexia.com\/?author=0"},"uagb_comment_info":0,"uagb_excerpt":"Description Aide \u00e0 Soutenir la Sant\u00e9 Immunitaire et le Bien-\u00eatre G\u00e9n\u00e9ral Convient aux V\u00e9g\u00e9tariens Formul\u00e9 sans Gluten, OGM ou Soja Le California Gold Nutrition\u00ae Gold C\u2122 contient 1000 mg de vitamine C de qualit\u00e9 USP dans des capsules v\u00e9g\u00e9tales. Il est test\u00e9 trois fois pour garantir qu\u2019il respecte ou d\u00e9passe des normes de qualit\u00e9 strictes.&hellip;","brands":[],"_links":{"self":[{"href":"https:\/\/wavexia.com\/index.php?rest_route=\/wp\/v2\/product\/2878","targetHints":{"allow":["GET"]}}],"collection":[{"href":"https:\/\/wavexia.com\/index.php?rest_route=\/wp\/v2\/product"}],"about":[{"href":"https:\/\/wavexia.com\/index.php?rest_route=\/wp\/v2\/types\/product"}],"replies":[{"embeddable":true,"href":"https:\/\/wavexia.com\/index.php?rest_route=%2Fwp%2Fv2%2Fcomments&post=2878"}],"wp:featuredmedia":[{"embeddable":true,"href":"https:\/\/wavexia.com\/index.php?rest_route=\/wp\/v2\/media\/2586"}],"wp:attachment":[{"href":"https:\/\/wavexia.com\/index.php?rest_route=%2Fwp%2Fv2%2Fmedia&parent=2878"}],"wp:term":[{"taxonomy":"pwb-brand","embeddable":true,"href":"https:\/\/wavexia.com\/index.php?rest_route=%2Fwp%2Fv2%2Fpwb-brand&post=2878"},{"taxonomy":"product_brand","embeddable":true,"href":"https:\/\/wavexia.com\/index.php?rest_route=%2Fwp%2Fv2%2Fproduct_brand&post=2878"},{"taxonomy":"product_cat","embeddable":true,"href":"https:\/\/wavexia.com\/index.php?rest_route=%2Fwp%2Fv2%2Fproduct_cat&post=2878"},{"taxonomy":"product_tag","embeddable":true,"href":"https:\/\/wavexia.com\/index.php?rest_route=%2Fwp%2Fv2%2Fproduct_tag&post=2878"}],"curies":[{"name":"wp","href":"https:\/\/api.w.org\/{rel}","templated":true}]}}