{"id":2877,"date":"2025-10-18T22:09:07","date_gmt":"2025-10-18T22:09:07","guid":{"rendered":"https:\/\/wavexia.com\/product\/now-foods-glutathione-250-mg-60-veg-capsules-free-radical-neutralizer\/"},"modified":"2026-03-10T07:30:49","modified_gmt":"2026-03-10T07:30:49","slug":"now-foods-glutathione-250-mg-60-veg-capsules-free-radical-neutralizer","status":"publish","type":"product","link":"https:\/\/wavexia.com\/?product=now-foods-glutathione-250-mg-60-veg-capsules-free-radical-neutralizer","title":{"rendered":"NOW FOODS GLUTATHIONE 250 MG 60 veg capsules Free Radical Neutralizer"},"content":{"rendered":"<h2>Description<\/h2>\n<ul class=\"a-unordered-list a-vertical a-spacing-mini\">\n<li class=\"a-spacing-mini\"><span class=\"a-list-item\">Protection contre les radicaux libres\/forme active r\u00e9duite : Le glutathion joue un r\u00f4le essentiel dans le maintien de la sant\u00e9 cellulaire en neutralisant directement les radicaux libres, ainsi qu\u2019en maintenant l\u2019activit\u00e9 des vitamines C et E. Ce produit contient du glutathion sous sa forme r\u00e9duite et active pour une biodisponibilit\u00e9 optimale.<\/span><\/li>\n<li class=\"a-spacing-mini\"><span class=\"a-list-item\">Soutien \u00e0 la d\u00e9toxification : Le glutathion est essentiel au bon fonctionnement du syst\u00e8me immunitaire et est n\u00e9cessaire au bon d\u00e9roulement des processus de d\u00e9toxification.<\/span><\/li>\n<li class=\"a-spacing-mini\"><span class=\"a-list-item\">\u00c9valuations\/Certifications : Halal, Sans OGM, Casher, Sans produits laitiers, Sans \u0153ufs, Sans gluten, Sans noix, Sans soja, V\u00e9g\u00e9talien\/V\u00e9g\u00e9tarien<\/span><\/li>\n<li class=\"a-spacing-mini\"><span class=\"a-list-item\">Qualit\u00e9 BPF assur\u00e9e : La certification BPF not\u00e9e A de NPA signifie que chaque aspect du processus de fabrication de NOW a \u00e9t\u00e9 v\u00e9rifi\u00e9, y compris nos m\u00e9thodes de laboratoire\/d\u2019essai (pour la stabilit\u00e9, la puissance et la formulation du produit).<\/span><\/li>\n<li class=\"a-spacing-mini\"><span class=\"a-list-item\">Conditionn\u00e9 aux \u00c9tats-Unis par une entreprise familiale et exploit\u00e9 depuis 1968<\/span><\/li>\n<\/ul>\n","protected":false},"excerpt":{"rendered":"<p>Description Protection contre les radicaux libres\/forme active r\u00e9duite : Le glutathion joue un r\u00f4le essentiel dans le maintien de la sant\u00e9 cellulaire en neutralisant directement les radicaux libres, ainsi qu\u2019en maintenant l\u2019activit\u00e9 des vitamines C et E. Ce produit contient du glutathion sous sa forme r\u00e9duite et active pour une biodisponibilit\u00e9 optimale. Soutien \u00e0 la [&hellip;]<\/p>\n","protected":false},"featured_media":2584,"comment_status":"open","ping_status":"closed","template":"","meta":{"content-type":"","_uag_custom_page_level_css":""},"pwb-brand":[],"product_brand":[],"product_cat":[330,327,339],"product_tag":[],"class_list":{"0":"post-2877","1":"product","2":"type-product","3":"status-publish","4":"has-post-thumbnail","6":"product_cat-complements-alimentaires","7":"product_cat-hmizat","8":"product_cat-meilleures-ventes","10":"first","11":"instock","12":"sale","13":"shipping-taxable","14":"purchasable","15":"product-type-simple"},"aioseo_notices":[],"uagb_featured_image_src":{"full":["https:\/\/wavexia.com\/wp-content\/uploads\/2025\/10\/1-26.jpg",500,500,false],"thumbnail":["https:\/\/wavexia.com\/wp-content\/uploads\/2025\/10\/1-26-150x150.jpg",150,150,true],"medium":["https:\/\/wavexia.com\/wp-content\/uploads\/2025\/10\/1-26-300x300.jpg",300,300,true],"medium_large":["https:\/\/wavexia.com\/wp-content\/uploads\/2025\/10\/1-26.jpg",500,500,false],"large":["https:\/\/wavexia.com\/wp-content\/uploads\/2025\/10\/1-26.jpg",500,500,false],"1536x1536":["https:\/\/wavexia.com\/wp-content\/uploads\/2025\/10\/1-26.jpg",500,500,false],"2048x2048":["https:\/\/wavexia.com\/wp-content\/uploads\/2025\/10\/1-26.jpg",500,500,false],"woocommerce_archive_thumbnail":["https:\/\/wavexia.com\/wp-content\/uploads\/2025\/10\/1-26-300x300.jpg",300,300,true],"woocommerce_thumbnail":["https:\/\/wavexia.com\/wp-content\/uploads\/2025\/10\/1-26-300x300.jpg",300,300,true],"woocommerce_single":["https:\/\/wavexia.com\/wp-content\/uploads\/2025\/10\/1-26.jpg",500,500,false],"woocommerce_gallery_thumbnail":["https:\/\/wavexia.com\/wp-content\/uploads\/2025\/10\/1-26-100x100.jpg",100,100,true]},"uagb_author_info":{"display_name":"zineddine.ayoub98@gmail.com","author_link":"https:\/\/wavexia.com\/?author=0"},"uagb_comment_info":0,"uagb_excerpt":"Description Protection contre les radicaux libres\/forme active r\u00e9duite : Le glutathion joue un r\u00f4le essentiel dans le maintien de la sant\u00e9 cellulaire en neutralisant directement les radicaux libres, ainsi qu\u2019en maintenant l\u2019activit\u00e9 des vitamines C et E. Ce produit contient du glutathion sous sa forme r\u00e9duite et active pour une biodisponibilit\u00e9 optimale. Soutien \u00e0 la&hellip;","brands":[],"_links":{"self":[{"href":"https:\/\/wavexia.com\/index.php?rest_route=\/wp\/v2\/product\/2877","targetHints":{"allow":["GET"]}}],"collection":[{"href":"https:\/\/wavexia.com\/index.php?rest_route=\/wp\/v2\/product"}],"about":[{"href":"https:\/\/wavexia.com\/index.php?rest_route=\/wp\/v2\/types\/product"}],"replies":[{"embeddable":true,"href":"https:\/\/wavexia.com\/index.php?rest_route=%2Fwp%2Fv2%2Fcomments&post=2877"}],"wp:featuredmedia":[{"embeddable":true,"href":"https:\/\/wavexia.com\/index.php?rest_route=\/wp\/v2\/media\/2584"}],"wp:attachment":[{"href":"https:\/\/wavexia.com\/index.php?rest_route=%2Fwp%2Fv2%2Fmedia&parent=2877"}],"wp:term":[{"taxonomy":"pwb-brand","embeddable":true,"href":"https:\/\/wavexia.com\/index.php?rest_route=%2Fwp%2Fv2%2Fpwb-brand&post=2877"},{"taxonomy":"product_brand","embeddable":true,"href":"https:\/\/wavexia.com\/index.php?rest_route=%2Fwp%2Fv2%2Fproduct_brand&post=2877"},{"taxonomy":"product_cat","embeddable":true,"href":"https:\/\/wavexia.com\/index.php?rest_route=%2Fwp%2Fv2%2Fproduct_cat&post=2877"},{"taxonomy":"product_tag","embeddable":true,"href":"https:\/\/wavexia.com\/index.php?rest_route=%2Fwp%2Fv2%2Fproduct_tag&post=2877"}],"curies":[{"name":"wp","href":"https:\/\/api.w.org\/{rel}","templated":true}]}}