{"id":2876,"date":"2025-10-18T22:09:07","date_gmt":"2025-10-18T22:09:07","guid":{"rendered":"https:\/\/wavexia.com\/product\/skin1004-madagascar-centella-poremizing-deep-cleansing-foam-125ml\/"},"modified":"2026-03-10T07:30:49","modified_gmt":"2026-03-10T07:30:49","slug":"skin1004-madagascar-centella-poremizing-deep-cleansing-foam-125ml","status":"publish","type":"product","link":"https:\/\/wavexia.com\/?product=skin1004-madagascar-centella-poremizing-deep-cleansing-foam-125ml","title":{"rendered":"SKIN1004 Madagascar Centella Poremizing Deep Cleansing Foam 125ml"},"content":{"rendered":"<h2>Description<\/h2>\n<p>La SKIN1004 Madagascar Centella Poremizing Deep Cleansing Foam est un nettoyant doux pour le visage, enrichi en sel rose de l\u2019Himalaya et en papin, qui exfolie en douceur et nettoie en profondeur les pores. La texture cr\u00e9meuse se transforme en une mousse \u00e9tonnante, \u00e9liminant efficacement la salet\u00e9, le maquillage et les r\u00e9sidus de cr\u00e8me solaire.<\/p>\n<p>Il contient de l\u2019extrait de centella asiatica, connu pour ses propri\u00e9t\u00e9s cicatrisantes et anti-inflammatoires. Il fournit \u00e9galement un boost d\u2019hydratation naturel. L\u2019extrait de feuille d\u2019Aloe barbadensis, d\u00e9riv\u00e9 de l\u2019aloe vera, procure des bienfaits apaisants et hydratants. Et gr\u00e2ce \u00e0 l\u2019extrait de pomme, votre peau est prot\u00e9g\u00e9e contre les radicaux libres et le stress oxydatif gr\u00e2ce \u00e0 ses puissants antioxydants.<\/p>\n<p><strong>Ce nettoyant :<\/strong><\/p>\n<ul>\n<li>nettoyant moussant doux<\/li>\n<li>enrichi en sel rose de l\u2019Himalaya<\/li>\n<li>\u00e9limine la salet\u00e9, les r\u00e9sidus de maquillage et de cr\u00e8me solaire<\/li>\n<li>contient de la centella et de l\u2019aloe vera<\/li>\n<li>hydrate et apaise<\/li>\n<li>contient des antioxydants<\/li>\n<li>sans cruaut\u00e9<\/li>\n<li>v\u00e9g\u00e9talien<\/li>\n<\/ul>\n<p><strong>Comment utiliser:<\/strong><\/p>\n<ul>\n<li>Prenez une petite quantit\u00e9 dans votre main et buvez un peu d\u2019eau.<\/li>\n<li>Frottez-vous les mains jusqu\u2019\u00e0 obtenir une substance mousseuse.<\/li>\n<li>Massez votre peau en effectuant des mouvements circulaires.<\/li>\n<li>Rincer \u00e0 l\u2019eau ti\u00e8de.<\/li>\n<\/ul>\n<p><b>Ingr\u00e9dients<\/b>&nbsp;<strong>:<br \/><\/strong>Myristic Acid, Centella Asiatica Extract, Glycerin, Water, Potassium Hydroxide, Stearic Acid, Glyceryl Stearate, Palmitic Acid, Cocamidopropyl Betaine, Sodium C14-16 Olefin Sulfonate, Butylene Glycol, Glucose, 1,2-Hexanediol, Sodium Chloride, Sorbitol, Acrylates \/C10-30 Alkyl Acrylate Crosspolymer, Rosmarinus Officinalis (Rosemary) Leaf Oil, Cetearyl Alcohol, Potassium Benzoate, Polyquaternium-67, Papain, Hydrogenated Polydecene, Arachidic Acid, Lauric Acid, Aloe Barbadensis Leaf Extract, Sodium Citrate, Propanediol, Citrus Limon ( Lemon) Fruit Extract, Pyrus Malus (Apple) Fruit Extract, Vinegar, Coccinia Indica Fruit Extract, Eclipta Prostrata Extract, Trisodium Ethylenediamine Disuccinate, Oleic Acid, Kaolin (CI 77004), Mineral Salts, Citric Acid, Oenothera Biennis (Evening Primrose) Flower Extract, Pueraria Lobata Root Extract, Pinus Palustris Leaf Extract, Ulmus Davidiana Root Extract, Disodium EDTA<\/p>\n","protected":false},"excerpt":{"rendered":"<p>Description La SKIN1004 Madagascar Centella Poremizing Deep Cleansing Foam est un nettoyant doux pour le visage, enrichi en sel rose de l\u2019Himalaya et en papin, qui exfolie en douceur et nettoie en profondeur les pores. La texture cr\u00e9meuse se transforme en une mousse \u00e9tonnante, \u00e9liminant efficacement la salet\u00e9, le maquillage et les r\u00e9sidus de cr\u00e8me [&hellip;]<\/p>\n","protected":false},"featured_media":2581,"comment_status":"open","ping_status":"closed","template":"","meta":{"content-type":"","_uag_custom_page_level_css":""},"pwb-brand":[],"product_brand":[],"product_cat":[327,336,334,350],"product_tag":[],"class_list":{"0":"post-2876","1":"product","2":"type-product","3":"status-publish","4":"has-post-thumbnail","6":"product_cat-hmizat","7":"product_cat-nettoyant","8":"product_cat-produits-coreens","9":"product_cat-skin1004","11":"first","12":"instock","13":"sale","14":"shipping-taxable","15":"purchasable","16":"product-type-simple"},"aioseo_notices":[],"uagb_featured_image_src":{"full":["https:\/\/wavexia.com\/wp-content\/uploads\/2025\/10\/Product-page-sizes_a3eca198-8bf3-40f2-9c65-20f668ff143c.webp",800,800,false],"thumbnail":["https:\/\/wavexia.com\/wp-content\/uploads\/2025\/10\/Product-page-sizes_a3eca198-8bf3-40f2-9c65-20f668ff143c-150x150.webp",150,150,true],"medium":["https:\/\/wavexia.com\/wp-content\/uploads\/2025\/10\/Product-page-sizes_a3eca198-8bf3-40f2-9c65-20f668ff143c-300x300.webp",300,300,true],"medium_large":["https:\/\/wavexia.com\/wp-content\/uploads\/2025\/10\/Product-page-sizes_a3eca198-8bf3-40f2-9c65-20f668ff143c-768x768.webp",768,768,true],"large":["https:\/\/wavexia.com\/wp-content\/uploads\/2025\/10\/Product-page-sizes_a3eca198-8bf3-40f2-9c65-20f668ff143c.webp",800,800,false],"1536x1536":["https:\/\/wavexia.com\/wp-content\/uploads\/2025\/10\/Product-page-sizes_a3eca198-8bf3-40f2-9c65-20f668ff143c.webp",800,800,false],"2048x2048":["https:\/\/wavexia.com\/wp-content\/uploads\/2025\/10\/Product-page-sizes_a3eca198-8bf3-40f2-9c65-20f668ff143c.webp",800,800,false],"woocommerce_archive_thumbnail":["https:\/\/wavexia.com\/wp-content\/uploads\/2025\/10\/Product-page-sizes_a3eca198-8bf3-40f2-9c65-20f668ff143c-300x300.webp",300,300,true],"woocommerce_thumbnail":["https:\/\/wavexia.com\/wp-content\/uploads\/2025\/10\/Product-page-sizes_a3eca198-8bf3-40f2-9c65-20f668ff143c-300x300.webp",300,300,true],"woocommerce_single":["https:\/\/wavexia.com\/wp-content\/uploads\/2025\/10\/Product-page-sizes_a3eca198-8bf3-40f2-9c65-20f668ff143c-600x600.webp",600,600,true],"woocommerce_gallery_thumbnail":["https:\/\/wavexia.com\/wp-content\/uploads\/2025\/10\/Product-page-sizes_a3eca198-8bf3-40f2-9c65-20f668ff143c-100x100.webp",100,100,true]},"uagb_author_info":{"display_name":"zineddine.ayoub98@gmail.com","author_link":"https:\/\/wavexia.com\/?author=0"},"uagb_comment_info":0,"uagb_excerpt":"Description La SKIN1004 Madagascar Centella Poremizing Deep Cleansing Foam est un nettoyant doux pour le visage, enrichi en sel rose de l\u2019Himalaya et en papin, qui exfolie en douceur et nettoie en profondeur les pores. La texture cr\u00e9meuse se transforme en une mousse \u00e9tonnante, \u00e9liminant efficacement la salet\u00e9, le maquillage et les r\u00e9sidus de cr\u00e8me&hellip;","brands":[],"_links":{"self":[{"href":"https:\/\/wavexia.com\/index.php?rest_route=\/wp\/v2\/product\/2876","targetHints":{"allow":["GET"]}}],"collection":[{"href":"https:\/\/wavexia.com\/index.php?rest_route=\/wp\/v2\/product"}],"about":[{"href":"https:\/\/wavexia.com\/index.php?rest_route=\/wp\/v2\/types\/product"}],"replies":[{"embeddable":true,"href":"https:\/\/wavexia.com\/index.php?rest_route=%2Fwp%2Fv2%2Fcomments&post=2876"}],"wp:featuredmedia":[{"embeddable":true,"href":"https:\/\/wavexia.com\/index.php?rest_route=\/wp\/v2\/media\/2581"}],"wp:attachment":[{"href":"https:\/\/wavexia.com\/index.php?rest_route=%2Fwp%2Fv2%2Fmedia&parent=2876"}],"wp:term":[{"taxonomy":"pwb-brand","embeddable":true,"href":"https:\/\/wavexia.com\/index.php?rest_route=%2Fwp%2Fv2%2Fpwb-brand&post=2876"},{"taxonomy":"product_brand","embeddable":true,"href":"https:\/\/wavexia.com\/index.php?rest_route=%2Fwp%2Fv2%2Fproduct_brand&post=2876"},{"taxonomy":"product_cat","embeddable":true,"href":"https:\/\/wavexia.com\/index.php?rest_route=%2Fwp%2Fv2%2Fproduct_cat&post=2876"},{"taxonomy":"product_tag","embeddable":true,"href":"https:\/\/wavexia.com\/index.php?rest_route=%2Fwp%2Fv2%2Fproduct_tag&post=2876"}],"curies":[{"name":"wp","href":"https:\/\/api.w.org\/{rel}","templated":true}]}}