{"id":2873,"date":"2025-10-18T22:09:05","date_gmt":"2025-10-18T22:09:05","guid":{"rendered":"https:\/\/wavexia.com\/product\/some-by-mi-retinol-intense-advanced-triple-action-eye-cream-30ml\/"},"modified":"2026-03-10T07:30:48","modified_gmt":"2026-03-10T07:30:48","slug":"some-by-mi-retinol-intense-advanced-triple-action-eye-cream-30ml","status":"publish","type":"product","link":"https:\/\/wavexia.com\/?product=some-by-mi-retinol-intense-advanced-triple-action-eye-cream-30ml","title":{"rendered":"Some By Mi Retinol Intense Advanced Triple Action Eye Cream 30ml"},"content":{"rendered":"<h2>Description<\/h2>\n<p>La Some By Mi Retinol Intense Advanced Triple Action Eye Creaml est une cr\u00e8me sp\u00e9cialement d\u00e9velopp\u00e9e pour la peau sous vos yeux. Cette cr\u00e8me est la solution pour les cernes, les poches, les ridules, les rides et la peau s\u00e8che autour des yeux.<\/p>\n<p>La formule en contient 7 ! ingr\u00e9dients qui ont chacun un effet anti-\u00e2ge. Cette cr\u00e8me contient de la niacinamide, du r\u00e9tinol, de l\u2019extrait de soja et de l\u2019extrait de centella. Ces ingr\u00e9dients vont intens\u00e9ment nourrir, hydrater et r\u00e9parer la peau sous les yeux, rendant la peau plus \u00e9lastique et plus ferme. R\u00e9sultat : la peau du contour des yeux est visiblement moins affect\u00e9e par les redoutables poches sous les yeux et pattes d\u2019oie.<\/p>\n<p>Cette cr\u00e8me restaure et hydrate la peau et assure un teint uniforme. R\u00e9duisez les cernes et les rougeurs, vous donnant l\u2019air repos\u00e9 et radieux&nbsp;!<\/p>\n<p><strong>Cette cr\u00e8me contour des yeux :<\/strong><\/p>\n<ul>\n<li>sp\u00e9cialement d\u00e9velopp\u00e9 pour la peau sous vos yeux<\/li>\n<li>att\u00e9nue les poches et les cernes<\/li>\n<li>nourrit et hydrate la peau<\/li>\n<li>contient 7 ingr\u00e9dients anti-\u00e2ge<\/li>\n<li>contient de la niacinamide, du r\u00e9tinol<\/li>\n<li>contient de l\u2019extrait de soja et de l\u2019extrait de centella<\/li>\n<li>prot\u00e8ge la peau<\/li>\n<li>donne un r\u00e9sultat uniforme et \u00e9clatant<\/li>\n<li>minimise les rides et ridules<\/li>\n<li>sans cruaut\u00e9<\/li>\n<\/ul>\n<p><strong>Comment utiliser:<\/strong><\/p>\n<ul>\n<li>Nettoyez votre peau et assurez-vous qu\u2019elle est s\u00e8che.<\/li>\n<li>Appliquez une petite quantit\u00e9 sur le bout de vos doigts et tapotez la cr\u00e8me sur la peau sous vos yeux.<\/li>\n<li>Utilisez uniquement la nuit pour de meilleurs r\u00e9sultats.<\/li>\n<\/ul>\n<p><strong>Ingr\u00e9dients:<br \/><\/strong>Water, Glycerin, Caprylic\/Capric Triglyceride, Dimethicone, Polysorbate 60, Niacinamide, Methylpropanediol, Cetyl Alcohol, Polymethylsilsesquioxane, Centella Asiatica Extract, Dioscorea Japonica Root Extract, Piper Methysticum Leaf\/Root\/Stem Extract, Melaleuca Alternifolia (Tea Tree) Leaf Extract, Panax Ginseng Berry Extract, Artemisia Capillaris Extract, Ganoderma Lucidum (Mushroom) Stem Extract, Chlorella Vulgaris Extract, Glycine Soja (Soybean) Seed Extract, Nymphaea Alba Flower Extract, Elaeis Guineensis (Palm) Oil, Hydrogenated Lecithin, Sodium Hyaluronate, 1,2 -Hexanediol, Dimethicone\/Vinyl Dimethicone Crosspolymer, Panthenol, BHT, Cyclopentasiloxane, Steareth-21, PEG-10 Dimethicone\/Vinyl Dimethicone Crosspolymer, Polyacrylamide, Steareth-2, Isohexadecane, Carbomer, Hydroxyacetophenone, C13-14 Isoparaffin, Tromethamine, Palmitic Acid, Polyquaternium-51, Stearic Acid, Polysorbate 20, Retinol(0.1%), Ethylhexylglycerin, Glyceryl Caprylate, Tocopheryl Acetate, Polyglyceryl-10 Myristat e, PEG-30 Dipolyhydroxystearate, Hydroxyethylcellulose, Glycosyl Trehalose, Beta-Glucan, Glyceryl Polymethacrylate, Laureth-7, Butylene Glycol, Disodium EDTA, Hydrogenated Starch Hydrolysate, Adenosine, Raffinose, Dipotassium Glycyrrhizate, Lecithin, Tocopherol, Pentylene Glycol, BHA, Myristic Acid, Tranexamic Acid, Propanediol, Dipropylene Glycol, Disodium Phosphate, Caprylyl Glycol, Collagen, Madecassic Acid, Biosaccharide Gum-1, Asiaticoside, Sodium Palmitoyl Proline, Leuconostoc\/Radish Root Ferment Filtrate, Asiatic Acid, Glutathione, Retinal, Madecassoside, Sodium Phosphate , Ferulic Acid, Acetyl Hexapeptide-8, Ammonium Acryloyldimethyltaurate\/VP Copolymer, Tetrahydropiperine, Phloretin, Arginine, Fragrance<\/p>\n<p><strong>Contenu :<\/strong>&nbsp;30 ml.<\/p>\n","protected":false},"excerpt":{"rendered":"<p>Description La Some By Mi Retinol Intense Advanced Triple Action Eye Creaml est une cr\u00e8me sp\u00e9cialement d\u00e9velopp\u00e9e pour la peau sous vos yeux. Cette cr\u00e8me est la solution pour les cernes, les poches, les ridules, les rides et la peau s\u00e8che autour des yeux. La formule en contient 7 ! ingr\u00e9dients qui ont chacun un [&hellip;]<\/p>\n","protected":false},"featured_media":2569,"comment_status":"open","ping_status":"closed","template":"","meta":{"content-type":"","_uag_custom_page_level_css":""},"pwb-brand":[],"product_brand":[],"product_cat":[357,352,327,334,353],"product_tag":[],"class_list":{"0":"post-2873","1":"product","2":"type-product","3":"status-publish","4":"has-post-thumbnail","6":"product_cat-anti-age-rides","7":"product_cat-contour-des-yeux","8":"product_cat-hmizat","9":"product_cat-produits-coreens","10":"product_cat-some-by-mi","12":"first","13":"instock","14":"sale","15":"shipping-taxable","16":"purchasable","17":"product-type-simple"},"aioseo_notices":[],"uagb_featured_image_src":{"full":["https:\/\/wavexia.com\/wp-content\/uploads\/2025\/10\/InShot-20240220_224304623-scaled.webp",2560,2560,false],"thumbnail":["https:\/\/wavexia.com\/wp-content\/uploads\/2025\/10\/InShot-20240220_224304623-150x150.webp",150,150,true],"medium":["https:\/\/wavexia.com\/wp-content\/uploads\/2025\/10\/InShot-20240220_224304623-300x300.webp",300,300,true],"medium_large":["https:\/\/wavexia.com\/wp-content\/uploads\/2025\/10\/InShot-20240220_224304623-768x768.webp",768,768,true],"large":["https:\/\/wavexia.com\/wp-content\/uploads\/2025\/10\/InShot-20240220_224304623-1024x1024.webp",1024,1024,true],"1536x1536":["https:\/\/wavexia.com\/wp-content\/uploads\/2025\/10\/InShot-20240220_224304623-1536x1536.webp",1536,1536,true],"2048x2048":["https:\/\/wavexia.com\/wp-content\/uploads\/2025\/10\/InShot-20240220_224304623-2048x2048.webp",2048,2048,true],"woocommerce_archive_thumbnail":["https:\/\/wavexia.com\/wp-content\/uploads\/2025\/10\/InShot-20240220_224304623-300x300.webp",300,300,true],"woocommerce_thumbnail":["https:\/\/wavexia.com\/wp-content\/uploads\/2025\/10\/InShot-20240220_224304623-300x300.webp",300,300,true],"woocommerce_single":["https:\/\/wavexia.com\/wp-content\/uploads\/2025\/10\/InShot-20240220_224304623-600x600.webp",600,600,true],"woocommerce_gallery_thumbnail":["https:\/\/wavexia.com\/wp-content\/uploads\/2025\/10\/InShot-20240220_224304623-100x100.webp",100,100,true]},"uagb_author_info":{"display_name":"zineddine.ayoub98@gmail.com","author_link":"https:\/\/wavexia.com\/?author=0"},"uagb_comment_info":0,"uagb_excerpt":"Description La Some By Mi Retinol Intense Advanced Triple Action Eye Creaml est une cr\u00e8me sp\u00e9cialement d\u00e9velopp\u00e9e pour la peau sous vos yeux. Cette cr\u00e8me est la solution pour les cernes, les poches, les ridules, les rides et la peau s\u00e8che autour des yeux. La formule en contient 7 ! ingr\u00e9dients qui ont chacun un&hellip;","brands":[],"_links":{"self":[{"href":"https:\/\/wavexia.com\/index.php?rest_route=\/wp\/v2\/product\/2873","targetHints":{"allow":["GET"]}}],"collection":[{"href":"https:\/\/wavexia.com\/index.php?rest_route=\/wp\/v2\/product"}],"about":[{"href":"https:\/\/wavexia.com\/index.php?rest_route=\/wp\/v2\/types\/product"}],"replies":[{"embeddable":true,"href":"https:\/\/wavexia.com\/index.php?rest_route=%2Fwp%2Fv2%2Fcomments&post=2873"}],"wp:featuredmedia":[{"embeddable":true,"href":"https:\/\/wavexia.com\/index.php?rest_route=\/wp\/v2\/media\/2569"}],"wp:attachment":[{"href":"https:\/\/wavexia.com\/index.php?rest_route=%2Fwp%2Fv2%2Fmedia&parent=2873"}],"wp:term":[{"taxonomy":"pwb-brand","embeddable":true,"href":"https:\/\/wavexia.com\/index.php?rest_route=%2Fwp%2Fv2%2Fpwb-brand&post=2873"},{"taxonomy":"product_brand","embeddable":true,"href":"https:\/\/wavexia.com\/index.php?rest_route=%2Fwp%2Fv2%2Fproduct_brand&post=2873"},{"taxonomy":"product_cat","embeddable":true,"href":"https:\/\/wavexia.com\/index.php?rest_route=%2Fwp%2Fv2%2Fproduct_cat&post=2873"},{"taxonomy":"product_tag","embeddable":true,"href":"https:\/\/wavexia.com\/index.php?rest_route=%2Fwp%2Fv2%2Fproduct_tag&post=2873"}],"curies":[{"name":"wp","href":"https:\/\/api.w.org\/{rel}","templated":true}]}}