{"id":2872,"date":"2025-10-18T22:09:05","date_gmt":"2025-10-18T22:09:05","guid":{"rendered":"https:\/\/wavexia.com\/product\/the-ordinary-hyaluronic-acid-2-b5-hydrating-serum-30ml\/"},"modified":"2026-03-10T07:30:48","modified_gmt":"2026-03-10T07:30:48","slug":"the-ordinary-hyaluronic-acid-2-b5-hydrating-serum-30ml","status":"publish","type":"product","link":"https:\/\/wavexia.com\/?product=the-ordinary-hyaluronic-acid-2-b5-hydrating-serum-30ml","title":{"rendered":"The Ordinary Hyaluronic Acid 2% + B5 Hydrating Serum \u2013 30ml"},"content":{"rendered":"<h2>Description<\/h2>\n<p>Une reformulation de notre s\u00e9rum hydratant le plus appr\u00e9ci\u00e9 qui hydrate et repulpe instantan\u00e9ment, tout en lissant la texture et les rides. Cette nouvelle formule a une l\u00e9g\u00e8re teinte jaune par rapport \u00e0 notre formule pr\u00e9c\u00e9dente en raison de l\u2019ajout d\u2019un m\u00e9lange de c\u00e9ramides. C\u2019est la couleur naturelle de cette nouvelle mati\u00e8re premi\u00e8re.<\/p>\n<p><strong>Type de peau :<\/strong>&nbsp;Normale, s\u00e8che, mixte et grasse<\/p>\n<p><strong>Probl\u00e8mes de peau :<\/strong>&nbsp;S\u00e9cheresse<\/p>\n<p><strong>Formulation:<\/strong>&nbsp;S\u00e9rum<\/p>\n<p><strong>Ingr\u00e9dients vedettes :<\/strong><br \/>\u2013 Cinq formes d\u2019acide hyaluronique : Travaillent diff\u00e9rentes couches de la surface de la peau pour retenir l\u2019eau.<\/p>\n<p>\u2013 C\u00e9ramides : Les mol\u00e9cules semblables \u00e0 l\u2019huile se combinent pour soutenir la barri\u00e8re cutan\u00e9e, aidant \u00e0 retenir l\u2019eau.<\/p>\n<p>\u2013 Vitamine B5 : Agit dans la barri\u00e8re d\u2019hydratation de la peau pour la maintenir.<\/p>\n<p><strong>Informations ingr\u00e9dients :<\/strong>&nbsp;Sans parab\u00e8nes, formald\u00e9hydes, agents lib\u00e9rant des formald\u00e9hydes, phtalates, huile min\u00e9rale, palmitate de r\u00e9tinyle, oxybenzone, goudron de houille, hydroquinone, sulfates SLS et SLES, triclocarban, triclosan et contient moins d\u2019un pour cent de parfum synth\u00e9tique. Il est \u00e9galement sans gluten, sans cruaut\u00e9 envers les animaux et est livr\u00e9 dans un emballage recyclable.<\/p>\n<p><strong>Ce que vous devez aussi savoir :<\/strong>&nbsp;L\u2019acide hyaluronique 2% + B5 procure une hydratation rapide et visiblement repulpante pour une peau plus douce, plus lisse et d\u2019apparence saine. La formule l\u00e9g\u00e8re reconstitue les niveaux d\u2019hydratation de la peau avec des r\u00e9sultats tout au long de la journ\u00e9e, et aide la peau \u00e0 retenir l\u2019humidit\u00e9 pour repulper l\u2019apparence de la peau s\u00e8che et d\u00e9shydrat\u00e9e. L\u2019acide hyaluronique 2% + B5 favorise \u00e9galement la souplesse et l\u2019\u00e9lasticit\u00e9 visible de la peau, tout en minimisant l\u2019apparence des ridules et des ridules s\u00e8ches.<\/p>\n<p><strong>R\u00e9sultats cliniques :<\/strong>&nbsp;Lors d\u2019un test, les r\u00e9sultats comprenaient :<\/p>\n<p>\u2013 Fournit une hydratation repulpante rapide et visible qui dure toute la journ\u00e9e<\/p>\n<p>\u2013 Favorise la souplesse de la peau avec une \u00e9lasticit\u00e9 visiblement am\u00e9lior\u00e9e<\/p>\n<p>\u2013 Minimise l\u2019apparence des ridules et des lignes s\u00e8ches<\/p>\n","protected":false},"excerpt":{"rendered":"<p>Description Une reformulation de notre s\u00e9rum hydratant le plus appr\u00e9ci\u00e9 qui hydrate et repulpe instantan\u00e9ment, tout en lissant la texture et les rides. Cette nouvelle formule a une l\u00e9g\u00e8re teinte jaune par rapport \u00e0 notre formule pr\u00e9c\u00e9dente en raison de l\u2019ajout d\u2019un m\u00e9lange de c\u00e9ramides. C\u2019est la couleur naturelle de cette nouvelle mati\u00e8re premi\u00e8re. Type [&hellip;]<\/p>\n","protected":false},"featured_media":2567,"comment_status":"open","ping_status":"closed","template":"","meta":{"content-type":"","_uag_custom_page_level_css":""},"pwb-brand":[],"product_brand":[],"product_cat":[327,329,338,356],"product_tag":[],"class_list":{"0":"post-2872","1":"product","2":"type-product","3":"status-publish","4":"has-post-thumbnail","6":"product_cat-hmizat","7":"product_cat-produits-americains","8":"product_cat-serum-ampoule","9":"product_cat-the-ordinary","11":"first","12":"instock","13":"sale","14":"shipping-taxable","15":"purchasable","16":"product-type-simple"},"aioseo_notices":[],"uagb_featured_image_src":{"full":["https:\/\/wavexia.com\/wp-content\/uploads\/2025\/10\/ord-hyaluronic-acid-2pct-B5-30ml-Clr-Acu-1.webp",800,800,false],"thumbnail":["https:\/\/wavexia.com\/wp-content\/uploads\/2025\/10\/ord-hyaluronic-acid-2pct-B5-30ml-Clr-Acu-1-150x150.webp",150,150,true],"medium":["https:\/\/wavexia.com\/wp-content\/uploads\/2025\/10\/ord-hyaluronic-acid-2pct-B5-30ml-Clr-Acu-1-300x300.webp",300,300,true],"medium_large":["https:\/\/wavexia.com\/wp-content\/uploads\/2025\/10\/ord-hyaluronic-acid-2pct-B5-30ml-Clr-Acu-1-768x768.webp",768,768,true],"large":["https:\/\/wavexia.com\/wp-content\/uploads\/2025\/10\/ord-hyaluronic-acid-2pct-B5-30ml-Clr-Acu-1.webp",800,800,false],"1536x1536":["https:\/\/wavexia.com\/wp-content\/uploads\/2025\/10\/ord-hyaluronic-acid-2pct-B5-30ml-Clr-Acu-1.webp",800,800,false],"2048x2048":["https:\/\/wavexia.com\/wp-content\/uploads\/2025\/10\/ord-hyaluronic-acid-2pct-B5-30ml-Clr-Acu-1.webp",800,800,false],"woocommerce_archive_thumbnail":["https:\/\/wavexia.com\/wp-content\/uploads\/2025\/10\/ord-hyaluronic-acid-2pct-B5-30ml-Clr-Acu-1-300x300.webp",300,300,true],"woocommerce_thumbnail":["https:\/\/wavexia.com\/wp-content\/uploads\/2025\/10\/ord-hyaluronic-acid-2pct-B5-30ml-Clr-Acu-1-300x300.webp",300,300,true],"woocommerce_single":["https:\/\/wavexia.com\/wp-content\/uploads\/2025\/10\/ord-hyaluronic-acid-2pct-B5-30ml-Clr-Acu-1-600x600.webp",600,600,true],"woocommerce_gallery_thumbnail":["https:\/\/wavexia.com\/wp-content\/uploads\/2025\/10\/ord-hyaluronic-acid-2pct-B5-30ml-Clr-Acu-1-100x100.webp",100,100,true]},"uagb_author_info":{"display_name":"zineddine.ayoub98@gmail.com","author_link":"https:\/\/wavexia.com\/?author=0"},"uagb_comment_info":0,"uagb_excerpt":"Description Une reformulation de notre s\u00e9rum hydratant le plus appr\u00e9ci\u00e9 qui hydrate et repulpe instantan\u00e9ment, tout en lissant la texture et les rides. Cette nouvelle formule a une l\u00e9g\u00e8re teinte jaune par rapport \u00e0 notre formule pr\u00e9c\u00e9dente en raison de l\u2019ajout d\u2019un m\u00e9lange de c\u00e9ramides. C\u2019est la couleur naturelle de cette nouvelle mati\u00e8re premi\u00e8re. Type&hellip;","brands":[],"_links":{"self":[{"href":"https:\/\/wavexia.com\/index.php?rest_route=\/wp\/v2\/product\/2872","targetHints":{"allow":["GET"]}}],"collection":[{"href":"https:\/\/wavexia.com\/index.php?rest_route=\/wp\/v2\/product"}],"about":[{"href":"https:\/\/wavexia.com\/index.php?rest_route=\/wp\/v2\/types\/product"}],"replies":[{"embeddable":true,"href":"https:\/\/wavexia.com\/index.php?rest_route=%2Fwp%2Fv2%2Fcomments&post=2872"}],"wp:featuredmedia":[{"embeddable":true,"href":"https:\/\/wavexia.com\/index.php?rest_route=\/wp\/v2\/media\/2567"}],"wp:attachment":[{"href":"https:\/\/wavexia.com\/index.php?rest_route=%2Fwp%2Fv2%2Fmedia&parent=2872"}],"wp:term":[{"taxonomy":"pwb-brand","embeddable":true,"href":"https:\/\/wavexia.com\/index.php?rest_route=%2Fwp%2Fv2%2Fpwb-brand&post=2872"},{"taxonomy":"product_brand","embeddable":true,"href":"https:\/\/wavexia.com\/index.php?rest_route=%2Fwp%2Fv2%2Fproduct_brand&post=2872"},{"taxonomy":"product_cat","embeddable":true,"href":"https:\/\/wavexia.com\/index.php?rest_route=%2Fwp%2Fv2%2Fproduct_cat&post=2872"},{"taxonomy":"product_tag","embeddable":true,"href":"https:\/\/wavexia.com\/index.php?rest_route=%2Fwp%2Fv2%2Fproduct_tag&post=2872"}],"curies":[{"name":"wp","href":"https:\/\/api.w.org\/{rel}","templated":true}]}}