{"id":2871,"date":"2025-10-18T22:09:05","date_gmt":"2025-10-18T22:09:05","guid":{"rendered":"https:\/\/wavexia.com\/product\/vt-cosmetics-reedle-shot-100\/"},"modified":"2026-03-10T07:30:48","modified_gmt":"2026-03-10T07:30:48","slug":"vt-cosmetics-reedle-shot-100","status":"publish","type":"product","link":"https:\/\/wavexia.com\/?product=vt-cosmetics-reedle-shot-100","title":{"rendered":"VT Cosmetics \u2013 Reedle Shot 100"},"content":{"rendered":"<h2>Description<\/h2>\n<p>Le VT Cosmetics Reedle Shot 100 est le booster ultime pour votre routine de soins de la peau ! Ce s\u00e9rum innovant contient de nombreux actifs sp\u00e9cialement con\u00e7us pour hydrater, adoucir et revitaliser votre peau. La formule unique est un coup de fouet imm\u00e9diat pour les peaux ternes et fatigu\u00e9es.<\/p>\n<p>La texture l\u00e9g\u00e8re de ce s\u00e9rum est rapidement absorb\u00e9e par la peau, ce qui en fait une base id\u00e9ale pour votre routine de maquillage quotidienne. Il est enrichi d\u2019un m\u00e9lange d\u2019extraits botaniques et d\u2019agents hydratants qui non seulement nourrissent votre peau, mais lui donnent \u00e9galement une apparence radieuse et saine. Gr\u00e2ce \u00e0 sa composition unique, votre peau est douce et soyeuse et para\u00eet plus pleine et plus \u00e9clatante.<\/p>\n<p>Donnez \u00e0 votre peau le coup de pouce qu\u2019elle m\u00e9rite avec le&nbsp;VT Cosmetics Reedle Shot 100 et sentez-vous \u00e0 nouveau radieuse !<\/p>\n<p><strong>Ce s\u00e9rum :<\/strong><\/p>\n<ul>\n<li>variante puissante<\/li>\n<li>de nombreux principes actifs<\/li>\n<li>hydratation intense<\/li>\n<li>adouci<\/li>\n<li>revitalise<\/li>\n<li>coup de pouce imm\u00e9diat<\/li>\n<li>id\u00e9al pour les peaux ternes, fatigu\u00e9es ou mixtes<\/li>\n<li>texture l\u00e9g\u00e8re<\/li>\n<li>absorbe rapidement<\/li>\n<li>m\u00e9lange d\u2019extraits botaniques et d\u2019agents hydratants<\/li>\n<li>peau douce et soyeuse<\/li>\n<li>sans parfum<\/li>\n<li>sans cruaut\u00e9<\/li>\n<\/ul>\n<p>Appliquez apr\u00e8s votre tonique et avant votre cr\u00e8me hydratante pour des r\u00e9sultats optimaux<\/p>\n<ul>\n<li><strong>Reedle Shot 50<\/strong> : Pr\u00e9levez quelques gouttes et r\u00e9chauffez-les entre vos doigts. Appliquer uniform\u00e9ment sur votre visage et votre cou en massant doucement jusqu\u2019\u00e0 absorption compl\u00e8te.<\/li>\n<li><strong>Reedle Shot 100<\/strong> : Suivez les m\u00eames \u00e9tapes que pour le 50, mais appliquez une quantit\u00e9 l\u00e9g\u00e8rement plus importante pour plus d\u2019hydratation et de luminosit\u00e9.<\/li>\n<li><strong>Reedle Shot 300<\/strong> : Pr\u00e9levez une quantit\u00e9 g\u00e9n\u00e9reuse de s\u00e9rum et appliquez-la du bout des doigts. Massez-le doucement sur votre peau pour une absorption optimale.<\/li>\n<\/ul>\n<p>Water, Dipropylene Glycol, Glycerin, Niacinamide, Butylene Glycol, Macadamia Ternifolia Seed Oil, 1,2-Hexanediol, Ethylhexyl Palmitate, Sodium Acrylate\/Sodium Acryloyldimethyl Taurate Copolymer, Polyisobutene, Silica, Glycereth-26, Ethylhexylglycerin, Caprylyl Glycol, Adenosine, Sodium Polyacrylate, Sodium Hyaluronate, Centella Asiatica Extract, Caprylyl\/Capryl Glucoside, Sorbitan Oleate, Xanthan Gum, Propolis Extract, Asiaticoside, Madecassoside, Madecassic Acid, Asiatic Acid, Glycine, Serine, Glutamic Acid, Aspartic Acid, Leucine, Alanine, Lysine, Arginine, Tyrosine, Phenylalanine, Threonine, Proline, Valine, Isoleucine, Histidine, Methionine, Cysteine.<\/p>\n","protected":false},"excerpt":{"rendered":"<p>Description Le VT Cosmetics Reedle Shot 100 est le booster ultime pour votre routine de soins de la peau ! Ce s\u00e9rum innovant contient de nombreux actifs sp\u00e9cialement con\u00e7us pour hydrater, adoucir et revitaliser votre peau. La formule unique est un coup de fouet imm\u00e9diat pour les peaux ternes et fatigu\u00e9es. La texture l\u00e9g\u00e8re de [&hellip;]<\/p>\n","protected":false},"featured_media":2563,"comment_status":"open","ping_status":"closed","template":"","meta":{"content-type":"","_uag_custom_page_level_css":""},"pwb-brand":[],"product_brand":[],"product_cat":[327,339,338,355],"product_tag":[],"class_list":{"0":"post-2871","1":"product","2":"type-product","3":"status-publish","4":"has-post-thumbnail","6":"product_cat-hmizat","7":"product_cat-meilleures-ventes","8":"product_cat-serum-ampoule","9":"product_cat-vt-cosmetics","11":"first","12":"instock","13":"sale","14":"shipping-taxable","15":"purchasable","16":"product-type-simple"},"aioseo_notices":[],"uagb_featured_image_src":{"full":["https:\/\/wavexia.com\/wp-content\/uploads\/2025\/10\/a69574c30a2cb739d80c7f0aa0467cd3392db5ef-1024_1024.webp",1024,1024,false],"thumbnail":["https:\/\/wavexia.com\/wp-content\/uploads\/2025\/10\/a69574c30a2cb739d80c7f0aa0467cd3392db5ef-1024_1024-150x150.webp",150,150,true],"medium":["https:\/\/wavexia.com\/wp-content\/uploads\/2025\/10\/a69574c30a2cb739d80c7f0aa0467cd3392db5ef-1024_1024-300x300.webp",300,300,true],"medium_large":["https:\/\/wavexia.com\/wp-content\/uploads\/2025\/10\/a69574c30a2cb739d80c7f0aa0467cd3392db5ef-1024_1024-768x768.webp",768,768,true],"large":["https:\/\/wavexia.com\/wp-content\/uploads\/2025\/10\/a69574c30a2cb739d80c7f0aa0467cd3392db5ef-1024_1024.webp",1024,1024,false],"1536x1536":["https:\/\/wavexia.com\/wp-content\/uploads\/2025\/10\/a69574c30a2cb739d80c7f0aa0467cd3392db5ef-1024_1024.webp",1024,1024,false],"2048x2048":["https:\/\/wavexia.com\/wp-content\/uploads\/2025\/10\/a69574c30a2cb739d80c7f0aa0467cd3392db5ef-1024_1024.webp",1024,1024,false],"woocommerce_archive_thumbnail":["https:\/\/wavexia.com\/wp-content\/uploads\/2025\/10\/a69574c30a2cb739d80c7f0aa0467cd3392db5ef-1024_1024-300x300.webp",300,300,true],"woocommerce_thumbnail":["https:\/\/wavexia.com\/wp-content\/uploads\/2025\/10\/a69574c30a2cb739d80c7f0aa0467cd3392db5ef-1024_1024-300x300.webp",300,300,true],"woocommerce_single":["https:\/\/wavexia.com\/wp-content\/uploads\/2025\/10\/a69574c30a2cb739d80c7f0aa0467cd3392db5ef-1024_1024-600x600.webp",600,600,true],"woocommerce_gallery_thumbnail":["https:\/\/wavexia.com\/wp-content\/uploads\/2025\/10\/a69574c30a2cb739d80c7f0aa0467cd3392db5ef-1024_1024-100x100.webp",100,100,true]},"uagb_author_info":{"display_name":"zineddine.ayoub98@gmail.com","author_link":"https:\/\/wavexia.com\/?author=0"},"uagb_comment_info":0,"uagb_excerpt":"Description Le VT Cosmetics Reedle Shot 100 est le booster ultime pour votre routine de soins de la peau ! Ce s\u00e9rum innovant contient de nombreux actifs sp\u00e9cialement con\u00e7us pour hydrater, adoucir et revitaliser votre peau. La formule unique est un coup de fouet imm\u00e9diat pour les peaux ternes et fatigu\u00e9es. La texture l\u00e9g\u00e8re de&hellip;","brands":[],"_links":{"self":[{"href":"https:\/\/wavexia.com\/index.php?rest_route=\/wp\/v2\/product\/2871","targetHints":{"allow":["GET"]}}],"collection":[{"href":"https:\/\/wavexia.com\/index.php?rest_route=\/wp\/v2\/product"}],"about":[{"href":"https:\/\/wavexia.com\/index.php?rest_route=\/wp\/v2\/types\/product"}],"replies":[{"embeddable":true,"href":"https:\/\/wavexia.com\/index.php?rest_route=%2Fwp%2Fv2%2Fcomments&post=2871"}],"wp:featuredmedia":[{"embeddable":true,"href":"https:\/\/wavexia.com\/index.php?rest_route=\/wp\/v2\/media\/2563"}],"wp:attachment":[{"href":"https:\/\/wavexia.com\/index.php?rest_route=%2Fwp%2Fv2%2Fmedia&parent=2871"}],"wp:term":[{"taxonomy":"pwb-brand","embeddable":true,"href":"https:\/\/wavexia.com\/index.php?rest_route=%2Fwp%2Fv2%2Fpwb-brand&post=2871"},{"taxonomy":"product_brand","embeddable":true,"href":"https:\/\/wavexia.com\/index.php?rest_route=%2Fwp%2Fv2%2Fproduct_brand&post=2871"},{"taxonomy":"product_cat","embeddable":true,"href":"https:\/\/wavexia.com\/index.php?rest_route=%2Fwp%2Fv2%2Fproduct_cat&post=2871"},{"taxonomy":"product_tag","embeddable":true,"href":"https:\/\/wavexia.com\/index.php?rest_route=%2Fwp%2Fv2%2Fproduct_tag&post=2871"}],"curies":[{"name":"wp","href":"https:\/\/api.w.org\/{rel}","templated":true}]}}