{"id":2870,"date":"2025-10-18T22:09:05","date_gmt":"2025-10-18T22:09:05","guid":{"rendered":"https:\/\/wavexia.com\/product\/beauty-of-joseon-dynasty-cream-50ml\/"},"modified":"2026-03-10T07:30:48","modified_gmt":"2026-03-10T07:30:48","slug":"beauty-of-joseon-dynasty-cream-50ml","status":"publish","type":"product","link":"https:\/\/wavexia.com\/?product=beauty-of-joseon-dynasty-cream-50ml","title":{"rendered":"Beauty of Joseon \u2013 Dynasty Cream 50ml"},"content":{"rendered":"<h2>Description<\/h2>\n<p>La cr\u00e8me Beauty Of Joseon Dynasty est une cr\u00e8me illuminatrice et anti-\u00e2ge \u00e0 base d\u2019herbes traditionnelles cor\u00e9ennes avec de l\u2019extrait d\u2019orchid\u00e9e pour hydrater, raffermir et lisser la peau. L\u2019huile de carthame et les c\u00e9ramides prot\u00e8gent et renforcent la peau. La cr\u00e8me convient \u00e0 tous les types de peau et procure un teint frais et \u00e9clatant. La structure fine est rapidement absorb\u00e9e et procure une sensation raffin\u00e9e et r\u00e9sistante sur la peau.<\/p>\n<p>Cette cr\u00e8me est sans parab\u00e8nes, sulfates et allerg\u00e8nes.<\/p>\n<p><strong>Cette cr\u00e8me :<\/strong><\/p>\n<ul>\n<li>convient \u00e0 tous les types de peau<\/li>\n<li>cr\u00e8me anti-\u00e2ge<\/li>\n<li>\u00e9pices traditionnelles cor\u00e9ennes<\/li>\n<li>prot\u00e8ge et renforce la peau<\/li>\n<li>teint frais et \u00e9clatant<\/li>\n<li>texture collante<\/li>\n<li>sans parab\u00e8nes, sulfates et allerg\u00e8nes<\/li>\n<li>sans cruaut\u00e9<\/li>\n<\/ul>\n<p><strong>Comment utiliser:<\/strong><\/p>\n<ul>\n<li>Appliquez la cr\u00e8me matin et soir sur votre peau nettoy\u00e9e.<\/li>\n<li>Massez la cr\u00e8me du bout des doigts jusqu\u2019\u00e0 ce que tout le produit soit absorb\u00e9.<\/li>\n<\/ul>\n<p><strong>Ingr\u00e9dients:<\/strong><br \/>Water, Oryza Sativa (rice) Bran Water, Glycerin, Panax Ginseng Root Water, Hydrogenated polydecene, 1,2-Hexanediol, Niacinamide, Squalane, Butylene glycol, Propanediol, Dicaprylate\/Dicaprate, Cetearyl Olivate, Sorbitan Olivate, Ammonium acryloyldimethyltaurate\/VP Copolymer, Xanthan Gum, Acrylates\/C10-30 Alkyl Acrylate Crosspolymer, Tromethamine, Carthamus Tinctorius (Safflower) Seed Oil, Hydrogenated Coconut Oil, Glyceryl Acrylate\/Acrylic Acid Copolymer, Ethylhexylglycerin, Adenosine, Caprylic\/Capric Triglyceride, Disodium EDTA, Hyaluronic Acid, Hydrolyzed Hyaluronic Acid, Sodium Hyaluronate, Honey Extract, Ceramide NP, Hydrogenated Lecithin, Coptis Japonica Root Extract, Raphanus Sativus (Radish) Seed Extract, Lycium Chinense Fruit Extract, Theobroma Cacao (Cocoa) Seed Extract, Phellinus Linteus Extract, Dextrin, Scutellaria Baicalensis Root Extract.<\/p>\n","protected":false},"excerpt":{"rendered":"<p>Description La cr\u00e8me Beauty Of Joseon Dynasty est une cr\u00e8me illuminatrice et anti-\u00e2ge \u00e0 base d\u2019herbes traditionnelles cor\u00e9ennes avec de l\u2019extrait d\u2019orchid\u00e9e pour hydrater, raffermir et lisser la peau. L\u2019huile de carthame et les c\u00e9ramides prot\u00e8gent et renforcent la peau. La cr\u00e8me convient \u00e0 tous les types de peau et procure un teint frais et [&hellip;]<\/p>\n","protected":false},"featured_media":2559,"comment_status":"open","ping_status":"closed","template":"","meta":{"content-type":"","_uag_custom_page_level_css":""},"pwb-brand":[],"product_brand":[],"product_cat":[354,324,327,334,323],"product_tag":[],"class_list":{"0":"post-2870","1":"product","2":"type-product","3":"status-publish","4":"has-post-thumbnail","6":"product_cat-beauty-of-joseon","7":"product_cat-creme","8":"product_cat-hmizat","9":"product_cat-produits-coreens","10":"product_cat-skincare","12":"first","13":"instock","14":"sale","15":"shipping-taxable","16":"purchasable","17":"product-type-simple"},"aioseo_notices":[],"uagb_featured_image_src":{"full":["https:\/\/wavexia.com\/wp-content\/uploads\/2025\/10\/800x_e8370303-1f50-492b-aa65-7021254f308c.webp",800,800,false],"thumbnail":["https:\/\/wavexia.com\/wp-content\/uploads\/2025\/10\/800x_e8370303-1f50-492b-aa65-7021254f308c-150x150.webp",150,150,true],"medium":["https:\/\/wavexia.com\/wp-content\/uploads\/2025\/10\/800x_e8370303-1f50-492b-aa65-7021254f308c-300x300.webp",300,300,true],"medium_large":["https:\/\/wavexia.com\/wp-content\/uploads\/2025\/10\/800x_e8370303-1f50-492b-aa65-7021254f308c-768x768.webp",768,768,true],"large":["https:\/\/wavexia.com\/wp-content\/uploads\/2025\/10\/800x_e8370303-1f50-492b-aa65-7021254f308c.webp",800,800,false],"1536x1536":["https:\/\/wavexia.com\/wp-content\/uploads\/2025\/10\/800x_e8370303-1f50-492b-aa65-7021254f308c.webp",800,800,false],"2048x2048":["https:\/\/wavexia.com\/wp-content\/uploads\/2025\/10\/800x_e8370303-1f50-492b-aa65-7021254f308c.webp",800,800,false],"woocommerce_archive_thumbnail":["https:\/\/wavexia.com\/wp-content\/uploads\/2025\/10\/800x_e8370303-1f50-492b-aa65-7021254f308c-300x300.webp",300,300,true],"woocommerce_thumbnail":["https:\/\/wavexia.com\/wp-content\/uploads\/2025\/10\/800x_e8370303-1f50-492b-aa65-7021254f308c-300x300.webp",300,300,true],"woocommerce_single":["https:\/\/wavexia.com\/wp-content\/uploads\/2025\/10\/800x_e8370303-1f50-492b-aa65-7021254f308c-600x600.webp",600,600,true],"woocommerce_gallery_thumbnail":["https:\/\/wavexia.com\/wp-content\/uploads\/2025\/10\/800x_e8370303-1f50-492b-aa65-7021254f308c-100x100.webp",100,100,true]},"uagb_author_info":{"display_name":"zineddine.ayoub98@gmail.com","author_link":"https:\/\/wavexia.com\/?author=0"},"uagb_comment_info":0,"uagb_excerpt":"Description La cr\u00e8me Beauty Of Joseon Dynasty est une cr\u00e8me illuminatrice et anti-\u00e2ge \u00e0 base d\u2019herbes traditionnelles cor\u00e9ennes avec de l\u2019extrait d\u2019orchid\u00e9e pour hydrater, raffermir et lisser la peau. L\u2019huile de carthame et les c\u00e9ramides prot\u00e8gent et renforcent la peau. La cr\u00e8me convient \u00e0 tous les types de peau et procure un teint frais et&hellip;","brands":[],"_links":{"self":[{"href":"https:\/\/wavexia.com\/index.php?rest_route=\/wp\/v2\/product\/2870","targetHints":{"allow":["GET"]}}],"collection":[{"href":"https:\/\/wavexia.com\/index.php?rest_route=\/wp\/v2\/product"}],"about":[{"href":"https:\/\/wavexia.com\/index.php?rest_route=\/wp\/v2\/types\/product"}],"replies":[{"embeddable":true,"href":"https:\/\/wavexia.com\/index.php?rest_route=%2Fwp%2Fv2%2Fcomments&post=2870"}],"wp:featuredmedia":[{"embeddable":true,"href":"https:\/\/wavexia.com\/index.php?rest_route=\/wp\/v2\/media\/2559"}],"wp:attachment":[{"href":"https:\/\/wavexia.com\/index.php?rest_route=%2Fwp%2Fv2%2Fmedia&parent=2870"}],"wp:term":[{"taxonomy":"pwb-brand","embeddable":true,"href":"https:\/\/wavexia.com\/index.php?rest_route=%2Fwp%2Fv2%2Fpwb-brand&post=2870"},{"taxonomy":"product_brand","embeddable":true,"href":"https:\/\/wavexia.com\/index.php?rest_route=%2Fwp%2Fv2%2Fproduct_brand&post=2870"},{"taxonomy":"product_cat","embeddable":true,"href":"https:\/\/wavexia.com\/index.php?rest_route=%2Fwp%2Fv2%2Fproduct_cat&post=2870"},{"taxonomy":"product_tag","embeddable":true,"href":"https:\/\/wavexia.com\/index.php?rest_route=%2Fwp%2Fv2%2Fproduct_tag&post=2870"}],"curies":[{"name":"wp","href":"https:\/\/api.w.org\/{rel}","templated":true}]}}