{"id":2869,"date":"2025-10-18T22:09:05","date_gmt":"2025-10-18T22:09:05","guid":{"rendered":"https:\/\/wavexia.com\/product\/celimax-the-real-noni-ultimate-eye-cream\/"},"modified":"2026-03-10T07:30:48","modified_gmt":"2026-03-10T07:30:48","slug":"celimax-the-real-noni-ultimate-eye-cream","status":"publish","type":"product","link":"https:\/\/wavexia.com\/?product=celimax-the-real-noni-ultimate-eye-cream","title":{"rendered":"Celimax The Real Noni Ultimate Eye Cream"},"content":{"rendered":"<h2>Description<\/h2>\n<p>La Celimax The Real Noni Ultimate Eye Cream Ultimate offre un soin ultime pour la peau du contour des yeux ! Cette luxueuse cr\u00e8me pour les yeux est enrichie en extrait de fruit de noni, provenant de l\u2019oc\u00e9an Pacifique Sud, qui contient plus de 140 antioxydants phytochimiques et plus de 200 min\u00e9raux et vitamines essentiels. Ces ingr\u00e9dients puissants agissent ensemble pour prot\u00e9ger et revitaliser la peau.<\/p>\n<p>La cr\u00e8me offre un m\u00e9lange \u00e9quilibr\u00e9 d\u2019huile de graines de noni, d\u2019huile de graines de jojoba et de beurre de karit\u00e9, qui procurent une hydratation en profondeur et une meilleure \u00e9lasticit\u00e9 de la peau d\u00e9licate du contour des yeux. Cela rend non seulement la peau nourrie, mais para\u00eet \u00e9galement plus ferme et plus souple !<\/p>\n<p>De plus, la cr\u00e8me pour les yeux combat les signes du vieillissement cutan\u00e9 \u00e0 l\u2019aide du bakuchiol, de l\u2019ad\u00e9nosine et de quatre peptides puissants. Ces ingr\u00e9dients agissent ensemble pour r\u00e9duire l\u2019apparence des rides et ridules, tout en am\u00e9liorant la clart\u00e9 de la peau et en luttant contre le teint terne. Le r\u00e9sultat est une apparence fra\u00eeche et jeune qui fait briller les yeux !<\/p>\n<p><strong>Cette cr\u00e8me pour les yeux :<\/strong><\/p>\n<ul>\n<li>soin oculaire ultime riche en antioxydants<\/li>\n<li>prot\u00e8ge et revitalise la peau<\/li>\n<li>hydratation en profondeur et \u00e9lasticit\u00e9 am\u00e9lior\u00e9e<\/li>\n<li>huile de graines de noni, huile de graines de jojoba et beurre de karit\u00e9<\/li>\n<li>combat le vieillissement cutan\u00e9 gr\u00e2ce au bakuchiol et \u00e0 l\u2019ad\u00e9nosine<\/li>\n<li>r\u00e9duit les ridules et am\u00e9liore la clart\u00e9<\/li>\n<li>apparence fr<\/li>\n<\/ul>\n<p><strong>Comment utiliser:<\/strong><\/p>\n<ul>\n<li>Appliquez de petites touches de cr\u00e8me autour des yeux.<\/li>\n<li>Tapotez-le doucement sur la peau.<\/li>\n<\/ul>\n<p><strong>Ingr\u00e9dients:<br \/><\/strong>Morinda Citrifolia Fruit Extract (36.26%), Water, Glycerin, Glyceryl Stearate, Butylene Glycol, Caprylic\/Capric Triglyceride, Cetearyl Alcohol, Phenyl Trimethicone, 1,2-Hexanediol, Niacinamide, Morinda Citrifolia Seed Oil (2%), Hydrogenated Poly ( C6-14 Olefin), Butyrospermum Parkii (Shea) Butter, Polyglyceryl-3 Methylglucose Distearate, Beeswax, Simmondsia Chinensis (Jojoba) Seed Oil, Polymethylsilsesquioxane, Sodium Acrylate\/Sodium Acryloyldimethyl Taurate Copolymer, Polyisobutene, Phytosteryl\/Isostearyl\/Cetyl\/Stearyl\/Behenyl Dimer Dilinoleate, Bakuchiol, Oligopeptide-32, Oligopeptide-29, Acetyl Hexapeptide-8, Caprylyl\/Capryl Glucoside, Sorbitan Oleate, Azadirachta Leaf Extract, Copper Tripeptide-1, Azadirachta Flower Extract, Ocimum Sanctum Leaf Extract, Sodium Stearoyl Glutamate, Rosmarinus Officinalis (Rosemary) Leaf Oil, Curcuma Longa (Turmeric) Root Extract, Corallina Officinalis Extract, Coccinia Indica Fruit Extract, Ceramide NP, Hydrogenated Lecithin, Solanum Melongena (Eggplant) Fruit Extract, Disodium EDTA, Adenosine, Ethylhexylglycerin, Tocopherol<\/p>\n","protected":false},"excerpt":{"rendered":"<p>Description La Celimax The Real Noni Ultimate Eye Cream Ultimate offre un soin ultime pour la peau du contour des yeux ! Cette luxueuse cr\u00e8me pour les yeux est enrichie en extrait de fruit de noni, provenant de l\u2019oc\u00e9an Pacifique Sud, qui contient plus de 140 antioxydants phytochimiques et plus de 200 min\u00e9raux et vitamines [&hellip;]<\/p>\n","protected":false},"featured_media":2555,"comment_status":"open","ping_status":"closed","template":"","meta":{"content-type":"","_uag_custom_page_level_css":""},"pwb-brand":[],"product_brand":[],"product_cat":[333,352,328,334],"product_tag":[],"class_list":{"0":"post-2869","1":"product","2":"type-product","3":"status-publish","4":"has-post-thumbnail","6":"product_cat-celimax","7":"product_cat-contour-des-yeux","8":"product_cat-nouveautes","9":"product_cat-produits-coreens","11":"first","12":"instock","13":"sale","14":"shipping-taxable","15":"purchasable","16":"product-type-simple"},"aioseo_notices":[],"uagb_featured_image_src":{"full":["https:\/\/wavexia.com\/wp-content\/uploads\/2025\/10\/51KQbfURT0L.jpg",1600,1600,false],"thumbnail":["https:\/\/wavexia.com\/wp-content\/uploads\/2025\/10\/51KQbfURT0L-150x150.jpg",150,150,true],"medium":["https:\/\/wavexia.com\/wp-content\/uploads\/2025\/10\/51KQbfURT0L-300x300.jpg",300,300,true],"medium_large":["https:\/\/wavexia.com\/wp-content\/uploads\/2025\/10\/51KQbfURT0L-768x768.jpg",768,768,true],"large":["https:\/\/wavexia.com\/wp-content\/uploads\/2025\/10\/51KQbfURT0L-1024x1024.jpg",1024,1024,true],"1536x1536":["https:\/\/wavexia.com\/wp-content\/uploads\/2025\/10\/51KQbfURT0L-1536x1536.jpg",1536,1536,true],"2048x2048":["https:\/\/wavexia.com\/wp-content\/uploads\/2025\/10\/51KQbfURT0L.jpg",1600,1600,false],"woocommerce_archive_thumbnail":["https:\/\/wavexia.com\/wp-content\/uploads\/2025\/10\/51KQbfURT0L-300x300.jpg",300,300,true],"woocommerce_thumbnail":["https:\/\/wavexia.com\/wp-content\/uploads\/2025\/10\/51KQbfURT0L-300x300.jpg",300,300,true],"woocommerce_single":["https:\/\/wavexia.com\/wp-content\/uploads\/2025\/10\/51KQbfURT0L-600x600.jpg",600,600,true],"woocommerce_gallery_thumbnail":["https:\/\/wavexia.com\/wp-content\/uploads\/2025\/10\/51KQbfURT0L-100x100.jpg",100,100,true]},"uagb_author_info":{"display_name":"zineddine.ayoub98@gmail.com","author_link":"https:\/\/wavexia.com\/?author=0"},"uagb_comment_info":0,"uagb_excerpt":"Description La Celimax The Real Noni Ultimate Eye Cream Ultimate offre un soin ultime pour la peau du contour des yeux ! Cette luxueuse cr\u00e8me pour les yeux est enrichie en extrait de fruit de noni, provenant de l\u2019oc\u00e9an Pacifique Sud, qui contient plus de 140 antioxydants phytochimiques et plus de 200 min\u00e9raux et vitamines&hellip;","brands":[],"_links":{"self":[{"href":"https:\/\/wavexia.com\/index.php?rest_route=\/wp\/v2\/product\/2869","targetHints":{"allow":["GET"]}}],"collection":[{"href":"https:\/\/wavexia.com\/index.php?rest_route=\/wp\/v2\/product"}],"about":[{"href":"https:\/\/wavexia.com\/index.php?rest_route=\/wp\/v2\/types\/product"}],"replies":[{"embeddable":true,"href":"https:\/\/wavexia.com\/index.php?rest_route=%2Fwp%2Fv2%2Fcomments&post=2869"}],"wp:featuredmedia":[{"embeddable":true,"href":"https:\/\/wavexia.com\/index.php?rest_route=\/wp\/v2\/media\/2555"}],"wp:attachment":[{"href":"https:\/\/wavexia.com\/index.php?rest_route=%2Fwp%2Fv2%2Fmedia&parent=2869"}],"wp:term":[{"taxonomy":"pwb-brand","embeddable":true,"href":"https:\/\/wavexia.com\/index.php?rest_route=%2Fwp%2Fv2%2Fpwb-brand&post=2869"},{"taxonomy":"product_brand","embeddable":true,"href":"https:\/\/wavexia.com\/index.php?rest_route=%2Fwp%2Fv2%2Fproduct_brand&post=2869"},{"taxonomy":"product_cat","embeddable":true,"href":"https:\/\/wavexia.com\/index.php?rest_route=%2Fwp%2Fv2%2Fproduct_cat&post=2869"},{"taxonomy":"product_tag","embeddable":true,"href":"https:\/\/wavexia.com\/index.php?rest_route=%2Fwp%2Fv2%2Fproduct_tag&post=2869"}],"curies":[{"name":"wp","href":"https:\/\/api.w.org\/{rel}","templated":true}]}}