{"id":2868,"date":"2025-10-18T22:09:05","date_gmt":"2025-10-18T22:09:05","guid":{"rendered":"https:\/\/wavexia.com\/product\/round-lab-birch-moisturizing-tone-up-sunscreen-spf-50-pa\/"},"modified":"2026-03-10T07:30:48","modified_gmt":"2026-03-10T07:30:48","slug":"round-lab-birch-moisturizing-tone-up-sunscreen-spf-50-pa","status":"publish","type":"product","link":"https:\/\/wavexia.com\/?product=round-lab-birch-moisturizing-tone-up-sunscreen-spf-50-pa","title":{"rendered":"ROUND LAB Birch Moisturizing Tone-Up Sunscreen SPF 50+, PA++++"},"content":{"rendered":"<h2>Description<\/h2>\n<p>Dot\u00e9 d\u2019un SPF 50+ PA++++, cet \u00e9cran solaire chimique prot\u00e8ge la peau des rayons UV tout en l\u2019hydratant et en l\u2019apaisant gr\u00e2ce \u00e0 des ingr\u00e9dients tels que la s\u00e8ve de bouleau, l\u2019extrait de persil, le panth\u00e9nol et bien d\u2019autres encore. La formule l\u00e9g\u00e8re \u00e0 la texture de lotion adh\u00e8re bien \u00e0 la peau pour une application confortable.<\/p>\n<p>L\u2019\u00e9cran solaire rose-beige offre un effet tonique subtil pour un fini radieux.<\/p>\n<p>Il s\u2019agit d\u2019un produit indispensable de Birch Juice Moisturizing Toning Sunscreen qui apporte une vitalit\u00e9 hydratante et un effet tonifiant \u00e0 votre peau. Ajoute un \u00e9clat \u00e9blouissant pour cr\u00e9er un \u00e9clat ros\u00e9 vibrant sur la peau. Un \u00e9clat ros\u00e9 qui convient \u00e0 tous les tons de peau et qui tonifie la peau.<br \/>Il sert de base parfaite pour l\u2019application du maquillage. Des poudres pigmentaires miniatures de diff\u00e9rentes tailles couvrent les pores et les imperfections, aidant \u00e0 lisser la peau et \u00e0 la pr\u00e9parer \u00e0 l\u2019application du maquillage. La cr\u00e8me d\u2019enrobage am\u00e9liore l\u2019application et stoppe l\u2019assombrissement, aidant la peau \u00e0 rester \u00e9clatante.<br \/>Ce produit de protection solaire offre une hydratation abondante aux peaux s\u00e8ches.<\/p>\n<p>Gr\u00e2ce \u00e0 l\u2019humidit\u00e9 fra\u00eeche de la s\u00e8ve de bouleau d\u2019Inje, ce produit aide \u00e0 maintenir la peau hydrat\u00e9e. La s\u00e8ve de bouleau d\u2019Inje est riche en acides amin\u00e9s et en min\u00e9raux qui hydratent la peau s\u00e8che tout en la maintenant hydrat\u00e9e.<br \/>Contient du glucoside de glyc\u00e9ryle, qui attire l\u2019humidit\u00e9 vers la peau, offrant une forte hydratation \u00e0 la peau.<\/p>\n<p>Une \u00e9tude clinique montre qu\u2019elle offre une protection de 63,3 contre les rayons UVB et de 19,9 contre les rayons UVA.<br \/>C\u2019est une lotion laiteuse \u00e0 la texture soyeuse qui p\u00e9n\u00e8tre en douceur dans la peau. La texture fra\u00eeche et l\u00e9g\u00e8re, pleine d\u2019hydratation, s\u2019applique en douceur et augmente la vitalit\u00e9 de la peau.<\/p>\n<h5 class=\"accordion_title__igE6o MuiBox-root mui-0\" aria-expanded=\"true\" aria-controls=\"\u00abRhkeh6htrndnb\u00bb\">Ingr\u00e9dients:<\/h5>\n<p>Water, Dibutyl Adipate, Propanediol, Titanium Dioxide, Caprylic\/Capric Triglyceride, C12-15 Alkyl Benzoate, Diethylamino Hydroxybenzoyl Hexyl Benzoate, Caprylyl Methicone, Ethylhexyl Triazone, Niacinamide, Glycerin, Diethylhexyl Butamido Triazone, 1,2-Hexanediol, Pentylene Glycol, Butylene Glycol, Betula Platyphylla Japonica Juice, Sodium Hyaluronate, Hyaluronic Acid Glyceryl Glucoside, Panthenol, Dipotassium Glycyrrhizate, Allantoin Portulaca Oleracea Extract, Artemisia Annua Extract, Pinus Sylvestris Leaf Oil Anthemis Nobilis Flower Oil, Ethylhexylglycerin, Dimethicone\/Vinyl Dimethicone Crosspolymer, VP\/Eicosene Copolymer Trisiloxane, Coco-caprylate\/Caprate, Sodium Polyacryloyldimethyl Taurate, Ammonium Polyacryloyldimethyl Taurate, Hydroxypropyl Methylcellulose Stearoxy Ether, Dicaprylyl Carbonate, Alumina, Ascorbic Acid, Adenosine, Polyhydroxystearic Acid, Stearic Acid, Dimethiconol, Sodium Polyacrylate, Triethoxycaprylylsilane, PVM\/MA Copolymer, Polyether -1, Iron Oxides(CI 77492), Iron Oxides(CI 77491), T-butyl Alcohol, Xanthan Gum<\/p>\n<p>Comment l\u2019utiliser ?<\/p>\n<p>Appliquer une quantit\u00e9 mod\u00e9r\u00e9e sur la peau lors de la derni\u00e8re \u00e9tape des soins de base.<\/p>\n<p>&nbsp;<\/p>\n","protected":false},"excerpt":{"rendered":"<p>Description Dot\u00e9 d\u2019un SPF 50+ PA++++, cet \u00e9cran solaire chimique prot\u00e8ge la peau des rayons UV tout en l\u2019hydratant et en l\u2019apaisant gr\u00e2ce \u00e0 des ingr\u00e9dients tels que la s\u00e8ve de bouleau, l\u2019extrait de persil, le panth\u00e9nol et bien d\u2019autres encore. La formule l\u00e9g\u00e8re \u00e0 la texture de lotion adh\u00e8re bien \u00e0 la peau pour [&hellip;]<\/p>\n","protected":false},"featured_media":2550,"comment_status":"open","ping_status":"closed","template":"","meta":{"content-type":"","_uag_custom_page_level_css":""},"pwb-brand":[],"product_brand":[],"product_cat":[327,328,334,340,341],"product_tag":[],"class_list":{"0":"post-2868","1":"product","2":"type-product","3":"status-publish","4":"has-post-thumbnail","6":"product_cat-hmizat","7":"product_cat-nouveautes","8":"product_cat-produits-coreens","9":"product_cat-protection-solaire","10":"product_cat-round-lab","12":"first","13":"instock","14":"sale","15":"shipping-taxable","16":"purchasable","17":"product-type-simple"},"aioseo_notices":[],"uagb_featured_image_src":{"full":["https:\/\/wavexia.com\/wp-content\/uploads\/2025\/10\/Birch_Juice_-_Tone_up_-_Sunscreen_50ml-1.webp",600,600,false],"thumbnail":["https:\/\/wavexia.com\/wp-content\/uploads\/2025\/10\/Birch_Juice_-_Tone_up_-_Sunscreen_50ml-1-150x150.webp",150,150,true],"medium":["https:\/\/wavexia.com\/wp-content\/uploads\/2025\/10\/Birch_Juice_-_Tone_up_-_Sunscreen_50ml-1-300x300.webp",300,300,true],"medium_large":["https:\/\/wavexia.com\/wp-content\/uploads\/2025\/10\/Birch_Juice_-_Tone_up_-_Sunscreen_50ml-1.webp",600,600,false],"large":["https:\/\/wavexia.com\/wp-content\/uploads\/2025\/10\/Birch_Juice_-_Tone_up_-_Sunscreen_50ml-1.webp",600,600,false],"1536x1536":["https:\/\/wavexia.com\/wp-content\/uploads\/2025\/10\/Birch_Juice_-_Tone_up_-_Sunscreen_50ml-1.webp",600,600,false],"2048x2048":["https:\/\/wavexia.com\/wp-content\/uploads\/2025\/10\/Birch_Juice_-_Tone_up_-_Sunscreen_50ml-1.webp",600,600,false],"woocommerce_archive_thumbnail":["https:\/\/wavexia.com\/wp-content\/uploads\/2025\/10\/Birch_Juice_-_Tone_up_-_Sunscreen_50ml-1-300x300.webp",300,300,true],"woocommerce_thumbnail":["https:\/\/wavexia.com\/wp-content\/uploads\/2025\/10\/Birch_Juice_-_Tone_up_-_Sunscreen_50ml-1-300x300.webp",300,300,true],"woocommerce_single":["https:\/\/wavexia.com\/wp-content\/uploads\/2025\/10\/Birch_Juice_-_Tone_up_-_Sunscreen_50ml-1.webp",600,600,false],"woocommerce_gallery_thumbnail":["https:\/\/wavexia.com\/wp-content\/uploads\/2025\/10\/Birch_Juice_-_Tone_up_-_Sunscreen_50ml-1-100x100.webp",100,100,true]},"uagb_author_info":{"display_name":"zineddine.ayoub98@gmail.com","author_link":"https:\/\/wavexia.com\/?author=0"},"uagb_comment_info":0,"uagb_excerpt":"Description Dot\u00e9 d\u2019un SPF 50+ PA++++, cet \u00e9cran solaire chimique prot\u00e8ge la peau des rayons UV tout en l\u2019hydratant et en l\u2019apaisant gr\u00e2ce \u00e0 des ingr\u00e9dients tels que la s\u00e8ve de bouleau, l\u2019extrait de persil, le panth\u00e9nol et bien d\u2019autres encore. La formule l\u00e9g\u00e8re \u00e0 la texture de lotion adh\u00e8re bien \u00e0 la peau pour&hellip;","brands":[],"_links":{"self":[{"href":"https:\/\/wavexia.com\/index.php?rest_route=\/wp\/v2\/product\/2868","targetHints":{"allow":["GET"]}}],"collection":[{"href":"https:\/\/wavexia.com\/index.php?rest_route=\/wp\/v2\/product"}],"about":[{"href":"https:\/\/wavexia.com\/index.php?rest_route=\/wp\/v2\/types\/product"}],"replies":[{"embeddable":true,"href":"https:\/\/wavexia.com\/index.php?rest_route=%2Fwp%2Fv2%2Fcomments&post=2868"}],"wp:featuredmedia":[{"embeddable":true,"href":"https:\/\/wavexia.com\/index.php?rest_route=\/wp\/v2\/media\/2550"}],"wp:attachment":[{"href":"https:\/\/wavexia.com\/index.php?rest_route=%2Fwp%2Fv2%2Fmedia&parent=2868"}],"wp:term":[{"taxonomy":"pwb-brand","embeddable":true,"href":"https:\/\/wavexia.com\/index.php?rest_route=%2Fwp%2Fv2%2Fpwb-brand&post=2868"},{"taxonomy":"product_brand","embeddable":true,"href":"https:\/\/wavexia.com\/index.php?rest_route=%2Fwp%2Fv2%2Fproduct_brand&post=2868"},{"taxonomy":"product_cat","embeddable":true,"href":"https:\/\/wavexia.com\/index.php?rest_route=%2Fwp%2Fv2%2Fproduct_cat&post=2868"},{"taxonomy":"product_tag","embeddable":true,"href":"https:\/\/wavexia.com\/index.php?rest_route=%2Fwp%2Fv2%2Fproduct_tag&post=2868"}],"curies":[{"name":"wp","href":"https:\/\/api.w.org\/{rel}","templated":true}]}}