{"id":2867,"date":"2025-10-18T22:09:05","date_gmt":"2025-10-18T22:09:05","guid":{"rendered":"https:\/\/wavexia.com\/product\/eqqualberry-swimming-pool-toner-300ml\/"},"modified":"2026-03-10T07:30:48","modified_gmt":"2026-03-10T07:30:48","slug":"eqqualberry-swimming-pool-toner-300ml","status":"publish","type":"product","link":"https:\/\/wavexia.com\/?product=eqqualberry-swimming-pool-toner-300ml","title":{"rendered":"Eqqualberry Swimming Pool Toner 300ml"},"content":{"rendered":"<h2>Description<\/h2>\n<p>Un tonique hydratant sain qui plonge&nbsp;profond\u00e9ment dans la peau pour une hydratation durable. Exfoliation douce tous les jours, peau plus lisse sans textures rugueuses.<\/p>\n<p>Formul\u00e9 avec de la Prot\u00e9ase, un ingr\u00e9dient d\u2019origine naturelle, \u00e9limine s\u00e9lectivement les cellules mortes inutiles de la peau sans irritation. Il am\u00e9liore \u00e9galement la r\u00e9g\u00e9n\u00e9ration cellulaire, am\u00e9liorant la capacit\u00e9 de renouvellement de la peau, permettant aux nutriments d\u2019\u00eatre absorb\u00e9s plus efficacement. Enrichi d\u2019un complexe de 5 baies, il aide \u00e0 blanchir la peau et \u00e0 r\u00e9duire les imperfections. \u00c9galement infus\u00e9 d\u2019un hydratant d\u2019origine naturelle extrait de ma\u00efs et de plantes bulbeuses qui absorbe bien, am\u00e9liore la r\u00e9tention d\u2019humidit\u00e9 et prot\u00e8ge la peau s\u00e8che.<\/p>\n<p>Ingr\u00e9dients verts EWG. Sans cruaut\u00e9. Beaut\u00e9 propre.<\/p>\n<p>Convient \u00e0 tous les types de peau, y compris les peaux sensibles et sujettes \u00e0 l\u2019acn\u00e9.<\/p>\n<h5>mode d\u2019emploi:<\/h5>\n<p>Apr\u00e8s vous \u00eatre lav\u00e9 le visage \u00e0 l\u2019eau, distribuez une quantit\u00e9 de la taille d\u2019une pi\u00e8ce de monnaie. Tapotez doucement le produit sur votre peau pour l\u2019absorption. Pour les zones qui n\u00e9cessitent des soins suppl\u00e9mentaires, superposez 1 \u00e0 2 fois.<\/p>\n<h5>ingr\u00e9dients:<\/h5>\n<p>Eau, butyl\u00e8ne glycol, glyc\u00e9rine, propanediol, 1,2-hexanediol, prot\u00e9ase, b\u00e9ta\u00efne, panth\u00e9nol, gomme xanthane, allanto\u00efne, extrait de fruit d\u2019Euterpe oleracea, copolym\u00e8re styr\u00e8ne\/VP, pentyl\u00e8ne glycol, extrait de fruit de Vaccinium macrocarpon (canneberge), extrait de fruit de Sambucus Nigra, hyaluronate de sodium, extrait de fruit de Rubus Fruticosus (m\u00fbre), b\u00eata-glucane, extrait de fruit de Vaccinium angustifolium (myrtille), extrait de fruit de Rubus idaeus (framboise), caprylyl glycol, fructane.<\/p>\n","protected":false},"excerpt":{"rendered":"<p>Description Un tonique hydratant sain qui plonge&nbsp;profond\u00e9ment dans la peau pour une hydratation durable. Exfoliation douce tous les jours, peau plus lisse sans textures rugueuses. Formul\u00e9 avec de la Prot\u00e9ase, un ingr\u00e9dient d\u2019origine naturelle, \u00e9limine s\u00e9lectivement les cellules mortes inutiles de la peau sans irritation. Il am\u00e9liore \u00e9galement la r\u00e9g\u00e9n\u00e9ration cellulaire, am\u00e9liorant la capacit\u00e9 de [&hellip;]<\/p>\n","protected":false},"featured_media":2545,"comment_status":"open","ping_status":"closed","template":"","meta":{"content-type":"","_uag_custom_page_level_css":""},"pwb-brand":[],"product_brand":[],"product_cat":[337,327,334,345],"product_tag":[],"class_list":{"0":"post-2867","1":"product","2":"type-product","3":"status-publish","4":"has-post-thumbnail","6":"product_cat-eqqualberry","7":"product_cat-hmizat","8":"product_cat-produits-coreens","9":"product_cat-toner-pads","11":"first","12":"instock","13":"sale","14":"shipping-taxable","15":"purchasable","16":"product-type-simple"},"aioseo_notices":[],"uagb_featured_image_src":{"full":["https:\/\/wavexia.com\/wp-content\/uploads\/2025\/10\/01_ada40242-3216-4d53-9428-f141eabd43c8.webp",1268,1268,false],"thumbnail":["https:\/\/wavexia.com\/wp-content\/uploads\/2025\/10\/01_ada40242-3216-4d53-9428-f141eabd43c8-150x150.webp",150,150,true],"medium":["https:\/\/wavexia.com\/wp-content\/uploads\/2025\/10\/01_ada40242-3216-4d53-9428-f141eabd43c8-300x300.webp",300,300,true],"medium_large":["https:\/\/wavexia.com\/wp-content\/uploads\/2025\/10\/01_ada40242-3216-4d53-9428-f141eabd43c8-768x768.webp",768,768,true],"large":["https:\/\/wavexia.com\/wp-content\/uploads\/2025\/10\/01_ada40242-3216-4d53-9428-f141eabd43c8-1024x1024.webp",1024,1024,true],"1536x1536":["https:\/\/wavexia.com\/wp-content\/uploads\/2025\/10\/01_ada40242-3216-4d53-9428-f141eabd43c8.webp",1268,1268,false],"2048x2048":["https:\/\/wavexia.com\/wp-content\/uploads\/2025\/10\/01_ada40242-3216-4d53-9428-f141eabd43c8.webp",1268,1268,false],"woocommerce_archive_thumbnail":["https:\/\/wavexia.com\/wp-content\/uploads\/2025\/10\/01_ada40242-3216-4d53-9428-f141eabd43c8-300x300.webp",300,300,true],"woocommerce_thumbnail":["https:\/\/wavexia.com\/wp-content\/uploads\/2025\/10\/01_ada40242-3216-4d53-9428-f141eabd43c8-300x300.webp",300,300,true],"woocommerce_single":["https:\/\/wavexia.com\/wp-content\/uploads\/2025\/10\/01_ada40242-3216-4d53-9428-f141eabd43c8-600x600.webp",600,600,true],"woocommerce_gallery_thumbnail":["https:\/\/wavexia.com\/wp-content\/uploads\/2025\/10\/01_ada40242-3216-4d53-9428-f141eabd43c8-100x100.webp",100,100,true]},"uagb_author_info":{"display_name":"zineddine.ayoub98@gmail.com","author_link":"https:\/\/wavexia.com\/?author=0"},"uagb_comment_info":0,"uagb_excerpt":"Description Un tonique hydratant sain qui plonge&nbsp;profond\u00e9ment dans la peau pour une hydratation durable. Exfoliation douce tous les jours, peau plus lisse sans textures rugueuses. Formul\u00e9 avec de la Prot\u00e9ase, un ingr\u00e9dient d\u2019origine naturelle, \u00e9limine s\u00e9lectivement les cellules mortes inutiles de la peau sans irritation. Il am\u00e9liore \u00e9galement la r\u00e9g\u00e9n\u00e9ration cellulaire, am\u00e9liorant la capacit\u00e9 de&hellip;","brands":[],"_links":{"self":[{"href":"https:\/\/wavexia.com\/index.php?rest_route=\/wp\/v2\/product\/2867","targetHints":{"allow":["GET"]}}],"collection":[{"href":"https:\/\/wavexia.com\/index.php?rest_route=\/wp\/v2\/product"}],"about":[{"href":"https:\/\/wavexia.com\/index.php?rest_route=\/wp\/v2\/types\/product"}],"replies":[{"embeddable":true,"href":"https:\/\/wavexia.com\/index.php?rest_route=%2Fwp%2Fv2%2Fcomments&post=2867"}],"wp:featuredmedia":[{"embeddable":true,"href":"https:\/\/wavexia.com\/index.php?rest_route=\/wp\/v2\/media\/2545"}],"wp:attachment":[{"href":"https:\/\/wavexia.com\/index.php?rest_route=%2Fwp%2Fv2%2Fmedia&parent=2867"}],"wp:term":[{"taxonomy":"pwb-brand","embeddable":true,"href":"https:\/\/wavexia.com\/index.php?rest_route=%2Fwp%2Fv2%2Fpwb-brand&post=2867"},{"taxonomy":"product_brand","embeddable":true,"href":"https:\/\/wavexia.com\/index.php?rest_route=%2Fwp%2Fv2%2Fproduct_brand&post=2867"},{"taxonomy":"product_cat","embeddable":true,"href":"https:\/\/wavexia.com\/index.php?rest_route=%2Fwp%2Fv2%2Fproduct_cat&post=2867"},{"taxonomy":"product_tag","embeddable":true,"href":"https:\/\/wavexia.com\/index.php?rest_route=%2Fwp%2Fv2%2Fproduct_tag&post=2867"}],"curies":[{"name":"wp","href":"https:\/\/api.w.org\/{rel}","templated":true}]}}