{"id":2865,"date":"2025-10-18T22:09:05","date_gmt":"2025-10-18T22:09:05","guid":{"rendered":"https:\/\/wavexia.com\/product\/some-by-mi-snail-truecica-miracle-repair-starter-kit\/"},"modified":"2026-03-10T07:30:48","modified_gmt":"2026-03-10T07:30:48","slug":"some-by-mi-snail-truecica-miracle-repair-starter-kit","status":"publish","type":"product","link":"https:\/\/wavexia.com\/?product=some-by-mi-snail-truecica-miracle-repair-starter-kit","title":{"rendered":"SOME BY MI \u2013 SNAIL TRUECICA MIRACLE REPAIR STARTER KIT"},"content":{"rendered":"<h2>Description<\/h2>\n<p>Ce kit contient 4 produits<\/p>\n<p>1. SOMEBYMI\u2122 Snail Truecica Gel nettoyant \u00e0 faible pH<\/p>\n<p>\u2013 Un nettoyant doux et doux qui cicatrise les peaux ab\u00eem\u00e9es et renforce la barri\u00e8re cutan\u00e9e.<\/p>\n<p>\u2013 Il contient un complexe d\u2019acides amin\u00e9s, des c\u00e9ramides et du panth\u00e9nol qui vous permettent de maintenir un teint plus rebondi et plus ferme tout en r\u00e9parant les affections cutan\u00e9es fragiles et en cr\u00e9ant une barri\u00e8re hydratante pour retenir l\u2019humidit\u00e9 de la peau.<\/p>\n<p>2. SOMEBYMI\u2122 Snail Truecica Miracle Repair Toner<\/p>\n<p>\u2013 Il procure un boost instantan\u00e9 d\u2019hydratation et prot\u00e8ge la peau des ultraviolets et a un effet \u00e9claircissant et anti-rides.<\/p>\n<p>\u2013 Il r\u00e9pare la peau et gu\u00e9rit la peau endommag\u00e9e et contient des ingr\u00e9dients blanchissants pour le soin de la pigmentation de la peau et arr\u00eater la production de m\u00e9lanine.<\/p>\n<p>3. SOMEBYMI\u2122 Snail Truecica Miracle Repair Serum<\/p>\n<p>\u2013 Il apaise la peau et renforce la barri\u00e8re cutan\u00e9e avec Truecica \u2122 et \u00e9limine les imperfections et les cicatrices avec une finition non collante.<\/p>\n<p>\u2013 Il r\u00e9g\u00e9n\u00e8re la peau des dommages, \u00e9limine les cicatrices d\u2019acn\u00e9 profondes et r\u00e9cup\u00e8re la peau des imperfections sombres.<\/p>\n<p>4. SOMEBYMI\u2122 Snail Truecica Miracle Repair Cream<\/p>\n<p>\u2013 Il aide \u00e0 renforcer la barri\u00e8re cutan\u00e9e qui peut prot\u00e9ger la peau des agressions ext\u00e9rieures et peut \u00eatre appliqu\u00e9 sur tout type de peau en la laissant douce et lisse.<\/p>\n<p>\u2013 Il apaise les peaux ab\u00eem\u00e9es et sensibles et aide \u00e0 diminuer les cicatrices troubl\u00e9es.<\/p>\n","protected":false},"excerpt":{"rendered":"<p>Description Ce kit contient 4 produits 1. SOMEBYMI\u2122 Snail Truecica Gel nettoyant \u00e0 faible pH \u2013 Un nettoyant doux et doux qui cicatrise les peaux ab\u00eem\u00e9es et renforce la barri\u00e8re cutan\u00e9e. \u2013 Il contient un complexe d\u2019acides amin\u00e9s, des c\u00e9ramides et du panth\u00e9nol qui vous permettent de maintenir un teint plus rebondi et plus ferme [&hellip;]<\/p>\n","protected":false},"featured_media":2536,"comment_status":"open","ping_status":"closed","template":"","meta":{"content-type":"","_uag_custom_page_level_css":""},"pwb-brand":[],"product_brand":[],"product_cat":[327,334,353],"product_tag":[],"class_list":{"0":"post-2865","1":"product","2":"type-product","3":"status-publish","4":"has-post-thumbnail","6":"product_cat-hmizat","7":"product_cat-produits-coreens","8":"product_cat-some-by-mi","10":"first","11":"instock","12":"sale","13":"shipping-taxable","14":"purchasable","15":"product-type-simple"},"aioseo_notices":[],"uagb_featured_image_src":{"full":["https:\/\/wavexia.com\/wp-content\/uploads\/2025\/10\/InShot-20240403_172132504.webp",1920,1920,false],"thumbnail":["https:\/\/wavexia.com\/wp-content\/uploads\/2025\/10\/InShot-20240403_172132504-150x150.webp",150,150,true],"medium":["https:\/\/wavexia.com\/wp-content\/uploads\/2025\/10\/InShot-20240403_172132504-300x300.webp",300,300,true],"medium_large":["https:\/\/wavexia.com\/wp-content\/uploads\/2025\/10\/InShot-20240403_172132504-768x768.webp",768,768,true],"large":["https:\/\/wavexia.com\/wp-content\/uploads\/2025\/10\/InShot-20240403_172132504-1024x1024.webp",1024,1024,true],"1536x1536":["https:\/\/wavexia.com\/wp-content\/uploads\/2025\/10\/InShot-20240403_172132504-1536x1536.webp",1536,1536,true],"2048x2048":["https:\/\/wavexia.com\/wp-content\/uploads\/2025\/10\/InShot-20240403_172132504.webp",1920,1920,false],"woocommerce_archive_thumbnail":["https:\/\/wavexia.com\/wp-content\/uploads\/2025\/10\/InShot-20240403_172132504-300x300.webp",300,300,true],"woocommerce_thumbnail":["https:\/\/wavexia.com\/wp-content\/uploads\/2025\/10\/InShot-20240403_172132504-300x300.webp",300,300,true],"woocommerce_single":["https:\/\/wavexia.com\/wp-content\/uploads\/2025\/10\/InShot-20240403_172132504-600x600.webp",600,600,true],"woocommerce_gallery_thumbnail":["https:\/\/wavexia.com\/wp-content\/uploads\/2025\/10\/InShot-20240403_172132504-100x100.webp",100,100,true]},"uagb_author_info":{"display_name":"zineddine.ayoub98@gmail.com","author_link":"https:\/\/wavexia.com\/?author=0"},"uagb_comment_info":0,"uagb_excerpt":"Description Ce kit contient 4 produits 1. SOMEBYMI\u2122 Snail Truecica Gel nettoyant \u00e0 faible pH \u2013 Un nettoyant doux et doux qui cicatrise les peaux ab\u00eem\u00e9es et renforce la barri\u00e8re cutan\u00e9e. \u2013 Il contient un complexe d\u2019acides amin\u00e9s, des c\u00e9ramides et du panth\u00e9nol qui vous permettent de maintenir un teint plus rebondi et plus ferme&hellip;","brands":[],"_links":{"self":[{"href":"https:\/\/wavexia.com\/index.php?rest_route=\/wp\/v2\/product\/2865","targetHints":{"allow":["GET"]}}],"collection":[{"href":"https:\/\/wavexia.com\/index.php?rest_route=\/wp\/v2\/product"}],"about":[{"href":"https:\/\/wavexia.com\/index.php?rest_route=\/wp\/v2\/types\/product"}],"replies":[{"embeddable":true,"href":"https:\/\/wavexia.com\/index.php?rest_route=%2Fwp%2Fv2%2Fcomments&post=2865"}],"wp:featuredmedia":[{"embeddable":true,"href":"https:\/\/wavexia.com\/index.php?rest_route=\/wp\/v2\/media\/2536"}],"wp:attachment":[{"href":"https:\/\/wavexia.com\/index.php?rest_route=%2Fwp%2Fv2%2Fmedia&parent=2865"}],"wp:term":[{"taxonomy":"pwb-brand","embeddable":true,"href":"https:\/\/wavexia.com\/index.php?rest_route=%2Fwp%2Fv2%2Fpwb-brand&post=2865"},{"taxonomy":"product_brand","embeddable":true,"href":"https:\/\/wavexia.com\/index.php?rest_route=%2Fwp%2Fv2%2Fproduct_brand&post=2865"},{"taxonomy":"product_cat","embeddable":true,"href":"https:\/\/wavexia.com\/index.php?rest_route=%2Fwp%2Fv2%2Fproduct_cat&post=2865"},{"taxonomy":"product_tag","embeddable":true,"href":"https:\/\/wavexia.com\/index.php?rest_route=%2Fwp%2Fv2%2Fproduct_tag&post=2865"}],"curies":[{"name":"wp","href":"https:\/\/api.w.org\/{rel}","templated":true}]}}