{"id":2864,"date":"2025-10-18T22:09:05","date_gmt":"2025-10-18T22:09:05","guid":{"rendered":"https:\/\/wavexia.com\/product\/numbuzin-tampon-concentre-de-vitamine-niacinamide-n5\/"},"modified":"2026-03-10T07:30:48","modified_gmt":"2026-03-10T07:30:48","slug":"numbuzin-tampon-concentre-de-vitamine-niacinamide-n5","status":"publish","type":"product","link":"https:\/\/wavexia.com\/?product=numbuzin-tampon-concentre-de-vitamine-niacinamide-n5","title":{"rendered":"Numbuzin- Tampon concentr\u00e9 de vitamine niacinamide n\u00b05"},"content":{"rendered":"<h2>Description<\/h2>\n<p>Le Numbuzin No.5 Vitamin-Niacinamide Concentrated Pad est votre secret pour une peau radieuse et uniforme ! Ce puissant tonique en tampon est infus\u00e9 d\u2019ingr\u00e9dients \u00e9claircissants comme la niacinamide, le glutathion et la vitamine C, qui agissent ensemble pour unifier le teint de votre peau et r\u00e9duire visiblement les taches brunes.<\/p>\n<p>Les coussinets sont enrichis de panth\u00e9nol hydratant, d\u2019extrait de champignon et de PHA et LHA exfoliants, qui non seulement hydratent votre peau, mais lui donnent \u00e9galement de l\u2019\u00e9lasticit\u00e9 et \u00e9liminent en douceur les cellules mortes de la peau.<\/p>\n<p><strong>Ces tampons:<\/strong><\/p>\n<ul>\n<li>contient de la niacinamide, du glutathion et de la vitamine C<\/li>\n<li>r\u00e9duit les taches brunes et unifie la peau<\/li>\n<li>hydratation intense<\/li>\n<li>am\u00e9liore l\u2019\u00e9clat naturel<\/li>\n<li>convient \u00e0 tous les types de peau<\/li>\n<li>sans parfum<\/li>\n<li>sans cruaut\u00e9<\/li>\n<\/ul>\n<p><strong>Comment utiliser:<\/strong><\/p>\n<ul>\n<li>Essuyez d\u00e9licatement les tampons sur votre peau propre et s\u00e8che.<\/li>\n<li>Vous pouvez ensuite utiliser l\u2019autre c\u00f4t\u00e9 du tampon pour repasser sur votre visage.<\/li>\n<li>Tapotez doucement l\u2019essence restante sur votre peau.<\/li>\n<li>Apr\u00e8s utilisation, jetez le coton.<\/li>\n<\/ul>\n<p><strong>Ingr\u00e9dients:<br \/><\/strong>Water, Niacinamide, Dipropylene Glycol, Glycerin, Propanediol, Butylene Glycol, Hydroxyethyl Urea, Diethoxyethyl Succinate, Hydroxyacetophenone, Caprylyl Glycol, Polyglyceryl-10 Laurate, Betaine, Panthenol, Ethylhexylglycerin, Gluconolactone, Sodium Polyacrylate, Ammonium Acryloyldimethyltaurate\/vp Copolymer, Sodium Citrate, Citric Acid, Maltodextrin, 1,2-hexanediol, Gardenia Florida Fruit Extract, Dipotassium Glycyrrhizate, Sodium Hyaluronate, Ascorbic Acid, Pantolactone, Tocopherol, Capryloyl Salicylic Acid, Tranexamic Acid, Tremella Fuciformis Extract, Caprylic\/capric Triglyceride, Ascorbyl Glucoside, Ubiquinone, Hydrogenated Lecithin, Magnesium Chloride, Alcohol, Glutathione, Polysorbate 80, Calcium Gluconate, Pyridoxine Hcl, Bht, Yeast Extract, Cyanocobalamin, Disodium Edta<\/p>\n","protected":false},"excerpt":{"rendered":"<p>Description Le Numbuzin No.5 Vitamin-Niacinamide Concentrated Pad est votre secret pour une peau radieuse et uniforme ! Ce puissant tonique en tampon est infus\u00e9 d\u2019ingr\u00e9dients \u00e9claircissants comme la niacinamide, le glutathion et la vitamine C, qui agissent ensemble pour unifier le teint de votre peau et r\u00e9duire visiblement les taches brunes. Les coussinets sont enrichis [&hellip;]<\/p>\n","protected":false},"featured_media":2532,"comment_status":"open","ping_status":"closed","template":"","meta":{"content-type":"","_uag_custom_page_level_css":""},"pwb-brand":[],"product_brand":[],"product_cat":[346,334,345],"product_tag":[],"class_list":{"0":"post-2864","1":"product","2":"type-product","3":"status-publish","4":"has-post-thumbnail","6":"product_cat-numbuzin","7":"product_cat-produits-coreens","8":"product_cat-toner-pads","10":"first","11":"instock","12":"sale","13":"shipping-taxable","14":"purchasable","15":"product-type-simple"},"aioseo_notices":[],"uagb_featured_image_src":{"full":["https:\/\/wavexia.com\/wp-content\/uploads\/2025\/10\/Sanstitre_1000x1000px_841x1189mm_2000x2500px_21_1fb1431d-e44c-426d-b38d-79a643b1e377.webp",750,750,false],"thumbnail":["https:\/\/wavexia.com\/wp-content\/uploads\/2025\/10\/Sanstitre_1000x1000px_841x1189mm_2000x2500px_21_1fb1431d-e44c-426d-b38d-79a643b1e377-150x150.webp",150,150,true],"medium":["https:\/\/wavexia.com\/wp-content\/uploads\/2025\/10\/Sanstitre_1000x1000px_841x1189mm_2000x2500px_21_1fb1431d-e44c-426d-b38d-79a643b1e377-300x300.webp",300,300,true],"medium_large":["https:\/\/wavexia.com\/wp-content\/uploads\/2025\/10\/Sanstitre_1000x1000px_841x1189mm_2000x2500px_21_1fb1431d-e44c-426d-b38d-79a643b1e377.webp",750,750,false],"large":["https:\/\/wavexia.com\/wp-content\/uploads\/2025\/10\/Sanstitre_1000x1000px_841x1189mm_2000x2500px_21_1fb1431d-e44c-426d-b38d-79a643b1e377.webp",750,750,false],"1536x1536":["https:\/\/wavexia.com\/wp-content\/uploads\/2025\/10\/Sanstitre_1000x1000px_841x1189mm_2000x2500px_21_1fb1431d-e44c-426d-b38d-79a643b1e377.webp",750,750,false],"2048x2048":["https:\/\/wavexia.com\/wp-content\/uploads\/2025\/10\/Sanstitre_1000x1000px_841x1189mm_2000x2500px_21_1fb1431d-e44c-426d-b38d-79a643b1e377.webp",750,750,false],"woocommerce_archive_thumbnail":["https:\/\/wavexia.com\/wp-content\/uploads\/2025\/10\/Sanstitre_1000x1000px_841x1189mm_2000x2500px_21_1fb1431d-e44c-426d-b38d-79a643b1e377-300x300.webp",300,300,true],"woocommerce_thumbnail":["https:\/\/wavexia.com\/wp-content\/uploads\/2025\/10\/Sanstitre_1000x1000px_841x1189mm_2000x2500px_21_1fb1431d-e44c-426d-b38d-79a643b1e377-300x300.webp",300,300,true],"woocommerce_single":["https:\/\/wavexia.com\/wp-content\/uploads\/2025\/10\/Sanstitre_1000x1000px_841x1189mm_2000x2500px_21_1fb1431d-e44c-426d-b38d-79a643b1e377-600x600.webp",600,600,true],"woocommerce_gallery_thumbnail":["https:\/\/wavexia.com\/wp-content\/uploads\/2025\/10\/Sanstitre_1000x1000px_841x1189mm_2000x2500px_21_1fb1431d-e44c-426d-b38d-79a643b1e377-100x100.webp",100,100,true]},"uagb_author_info":{"display_name":"zineddine.ayoub98@gmail.com","author_link":"https:\/\/wavexia.com\/?author=0"},"uagb_comment_info":0,"uagb_excerpt":"Description Le Numbuzin No.5 Vitamin-Niacinamide Concentrated Pad est votre secret pour une peau radieuse et uniforme ! Ce puissant tonique en tampon est infus\u00e9 d\u2019ingr\u00e9dients \u00e9claircissants comme la niacinamide, le glutathion et la vitamine C, qui agissent ensemble pour unifier le teint de votre peau et r\u00e9duire visiblement les taches brunes. Les coussinets sont enrichis&hellip;","brands":[],"_links":{"self":[{"href":"https:\/\/wavexia.com\/index.php?rest_route=\/wp\/v2\/product\/2864","targetHints":{"allow":["GET"]}}],"collection":[{"href":"https:\/\/wavexia.com\/index.php?rest_route=\/wp\/v2\/product"}],"about":[{"href":"https:\/\/wavexia.com\/index.php?rest_route=\/wp\/v2\/types\/product"}],"replies":[{"embeddable":true,"href":"https:\/\/wavexia.com\/index.php?rest_route=%2Fwp%2Fv2%2Fcomments&post=2864"}],"wp:featuredmedia":[{"embeddable":true,"href":"https:\/\/wavexia.com\/index.php?rest_route=\/wp\/v2\/media\/2532"}],"wp:attachment":[{"href":"https:\/\/wavexia.com\/index.php?rest_route=%2Fwp%2Fv2%2Fmedia&parent=2864"}],"wp:term":[{"taxonomy":"pwb-brand","embeddable":true,"href":"https:\/\/wavexia.com\/index.php?rest_route=%2Fwp%2Fv2%2Fpwb-brand&post=2864"},{"taxonomy":"product_brand","embeddable":true,"href":"https:\/\/wavexia.com\/index.php?rest_route=%2Fwp%2Fv2%2Fproduct_brand&post=2864"},{"taxonomy":"product_cat","embeddable":true,"href":"https:\/\/wavexia.com\/index.php?rest_route=%2Fwp%2Fv2%2Fproduct_cat&post=2864"},{"taxonomy":"product_tag","embeddable":true,"href":"https:\/\/wavexia.com\/index.php?rest_route=%2Fwp%2Fv2%2Fproduct_tag&post=2864"}],"curies":[{"name":"wp","href":"https:\/\/api.w.org\/{rel}","templated":true}]}}