{"id":2863,"date":"2025-10-18T22:09:05","date_gmt":"2025-10-18T22:09:05","guid":{"rendered":"https:\/\/wavexia.com\/product\/skin1004-madagascar-centella-travel-kit\/"},"modified":"2026-03-10T07:30:48","modified_gmt":"2026-03-10T07:30:48","slug":"skin1004-madagascar-centella-travel-kit","status":"publish","type":"product","link":"https:\/\/wavexia.com\/?product=skin1004-madagascar-centella-travel-kit","title":{"rendered":"SKIN1004 Madagascar Centella Travel Kit"},"content":{"rendered":"<h2>Description<\/h2>\n<p>D\u00e9couvrez le nec plus ultra des soins \u00e0 la Centella avec le kit de voyage \u00e0 la Centella de Madagascar SKIN1004, un mini coffret de cinq pi\u00e8ces parfait pour les voyages ou les essais. Compos\u00e9 de l\u2019ampoule Centella hydratante et apaisante, du tonique exfoliant doux, de la mousse nettoyante \u00e0 ampoule au pH \u00e9quilibr\u00e9, de l\u2019huile nettoyante l\u00e9g\u00e8re mais puissante et de la cr\u00e8me apaisante rafra\u00eechissante qui renforce la peau, ce kit est con\u00e7u pour calmer les peaux sensibles, renforcer la barri\u00e8re cutan\u00e9e et restaurer un teint radieux.<\/p>\n<p>Gr\u00e2ce \u00e0 la Centella Asiatica de Madagascar, qui contient sept fois plus d\u2019actifs apaisants que la Centella ordinaire, chaque produit offre une hydratation, des bienfaits anti-inflammatoires et une protection antioxydante. Que vous soyez en d\u00e9placement ou \u00e0 la recherche d\u2019une nouvelle routine, cet ensemble non com\u00e9dog\u00e8ne test\u00e9 par des dermatologues vous garantit une peau saine et \u00e9quilibr\u00e9e o\u00f9 que vous soyez.<\/p>\n<p><strong>Recommand\u00e9 pour :<\/strong>&nbsp;Peau sensible, tous les types de peau.<\/p>\n<p><strong>Ce coffret comprend :<\/strong><\/p>\n<ul>\n<li>Centella Ampoule Foam (20ml)<\/li>\n<li>Centella Toning Toner (30ml)<\/li>\n<li>Centella Ampoule (30ml)<\/li>\n<li>Centella Soothing Cream (30ml)<\/li>\n<li>Centella Light Cleansing Oil (30ml)<\/li>\n<\/ul>\n<p><strong>Conseils d\u2019utilisation :<\/strong><\/p>\n<p>Centella Light Cleansing Oil:<\/p>\n<ul>\n<li>Appliquer quelques pressions de l\u2019huile nettoyante sur le visage sec avec des mains s\u00e8ches.<\/li>\n<li>Masser doucement en mouvements circulaires pour dissoudre le maquillage et les d\u00e9bris.<\/li>\n<li>Ajouter un peu d\u2019eau pour cr\u00e9er une \u00e9mulsion l\u00e9g\u00e8re et laiteuse.<\/li>\n<li>Rincer compl\u00e8tement \u00e0 l\u2019eau ti\u00e8de.<\/li>\n<\/ul>\n<p>Centella Ampoule Foam:<\/p>\n<ul>\n<li>Appliquer une quantit\u00e9 appropri\u00e9e sur les paumes mouill\u00e9es et frotter pour faire mousser.<\/li>\n<li>Masser doucement le visage et rincer \u00e0 l\u2019eau ti\u00e8de.<\/li>\n<\/ul>\n<p>Centella Toning Toner:<\/p>\n<ul>\n<li>Apr\u00e8s avoir nettoy\u00e9 la peau, appliquer le tonique sur un coton ou dans la paume de la main et l\u2019appliquer d\u00e9licatement sur le grain de la peau.<\/li>\n<li>Tapotez l\u00e9g\u00e8rement pour faire p\u00e9n\u00e9trer le produit dans la peau.<\/li>\n<\/ul>\n<p>Centella Ampoule:<\/p>\n<ul>\n<li>Appliquer uniform\u00e9ment une quantit\u00e9 appropri\u00e9e sur la peau, en \u00e9vitant le contour des yeux et de la bouche.<\/li>\n<li>Tapoter l\u00e9g\u00e8rement la peau pour faciliter l\u2019absorption.<\/li>\n<\/ul>\n<p>Centella Soothing Cream:<\/p>\n<ul>\n<li>Appliquer uniform\u00e9ment une quantit\u00e9 appropri\u00e9e sur le visage et faire l\u00e9g\u00e8rement p\u00e9n\u00e9trer dans la peau pour faciliter l\u2019absorption.<\/li>\n<\/ul>\n<p><strong>Ingr\u00e9dients :<\/strong><\/p>\n<p class=\"p1\">Centella Ampoule:&nbsp;Water, Glycerin, Butylene Glycol, Centella Asiatica Extract, 1,2-Hexanediol, Cellulose Gum, Ethylhexylglycerin<\/p>\n<p>Centella Toning Toner:&nbsp;Water, Dipropylene Glycol, Centella Asiatica Extract, 1,2-Hexanediol, Niacinamide, Sodium Citrate, Gluconolactone, Ethylhexylglycerin, Adenosine, Disodium EDTA, Dipotassium Glycyrrhizate, Betaine, Hyaluronic Acid, Carbomer, Tromethamine<\/p>\n<p>Centella Ampoule Foam:&nbsp;Water, Sodium Cocoyl Isethionate, Glycerin, Sodium Methyl Cocoyl Taurate, Coco-Betaine, Centella Asiatica Extract, Potassium Cocoyl Glycinate, 1,2-Hexanediol, Potassium Cocoate, Potassium Benzoate, Polyquaternium-67, Citric Acid, Sodium Chloride, Butylene Glycol, Dextrin, Theobroma Cacao Extract, Disodium EDTA, Sodium Acetate, Sodium Bicarbonate, Coptis Chinensis Root Extract, Sodium Hyaluronate, Coccinia Indica Fruit Extract, Eclipta Prostrata Extract<\/p>\n<p>Centella Light Cleansing Oil:&nbsp;Ethylhexyl Stearate, Cetyl Ethylhexanoate, Sorbeth-30 Tetraoleate, Caprylic\/Capric Triglyceride, Citrus Aurantium Bergamia Fruit Oil, Centella Asiatica Extract, Simmondsia Chinensis Seed Oil, Olea Europaea Fruit Oil, Helianthus Annuus Seed Oil, Ethylhexylglycerin, Pelargonium Graveolens Flower Oil, Rosa Damascena Flower Oil, Limonene, Linalool<\/p>\n<p>Centella Soothing Cream:&nbsp;Water, Glycerin, Propanediol, Dipropylene Glycol, Cyclopentasiloxane, Centella Asiatica Extract, 1,2-Hexanediol, Cyclohexasiloxane, Trehalose, Caprylyl Methicone, C12-14 Pareth-12, Carbomer, Tromethamine, C30-45 Alkyl Cetearyl Dimethicone Crosspolymer, Ammonium Acryloyldimethyltaurate\/VP Copolymer, Butylene Glycol, Xanthan Gum, Zingiber Officinale Root Extract, Mentha Piperita Leaf Extract, Ethylhexylglycerin, Dipotassium Glycyrrhizate, Tranexamic Acid, Dextrin, Theobroma Cacao Seed Extract, Leuconostoc\/Radish Root Ferment Filtrate, Biosaccharide Gum-1, Disodium EDTA, Sodium Hyaluronate, Beta-Glucan, Hydrogenated Lecithin, Coptis Chinensis Root Extract, Cetearyl Alcohol, Stearic Acid, Ceramide NP, Ceramide NG, Cholesterol, Phytosphingosine, Ceramide AS, Ceramide AP, Ceramide EO<\/p>\n","protected":false},"excerpt":{"rendered":"<p>Description D\u00e9couvrez le nec plus ultra des soins \u00e0 la Centella avec le kit de voyage \u00e0 la Centella de Madagascar SKIN1004, un mini coffret de cinq pi\u00e8ces parfait pour les voyages ou les essais. Compos\u00e9 de l\u2019ampoule Centella hydratante et apaisante, du tonique exfoliant doux, de la mousse nettoyante \u00e0 ampoule au pH \u00e9quilibr\u00e9, [&hellip;]<\/p>\n","protected":false},"featured_media":2528,"comment_status":"open","ping_status":"closed","template":"","meta":{"content-type":"","_uag_custom_page_level_css":""},"pwb-brand":[],"product_brand":[],"product_cat":[327,328,334,350],"product_tag":[],"class_list":{"0":"post-2863","1":"product","2":"type-product","3":"status-publish","4":"has-post-thumbnail","6":"product_cat-hmizat","7":"product_cat-nouveautes","8":"product_cat-produits-coreens","9":"product_cat-skin1004","11":"first","12":"instock","13":"sale","14":"shipping-taxable","15":"purchasable","16":"product-type-simple"},"aioseo_notices":[],"uagb_featured_image_src":{"full":["https:\/\/wavexia.com\/wp-content\/uploads\/2025\/10\/Skin1004-Madagascar-Centella-Travel-Kit-5-Piece-Skincare-Set_b07d2c57-0480-4d7b-9b44-e83acbc1f223.54cb410f02e54739ad044ffb299b947c.webp",1000,1000,false],"thumbnail":["https:\/\/wavexia.com\/wp-content\/uploads\/2025\/10\/Skin1004-Madagascar-Centella-Travel-Kit-5-Piece-Skincare-Set_b07d2c57-0480-4d7b-9b44-e83acbc1f223.54cb410f02e54739ad044ffb299b947c-150x150.webp",150,150,true],"medium":["https:\/\/wavexia.com\/wp-content\/uploads\/2025\/10\/Skin1004-Madagascar-Centella-Travel-Kit-5-Piece-Skincare-Set_b07d2c57-0480-4d7b-9b44-e83acbc1f223.54cb410f02e54739ad044ffb299b947c-300x300.webp",300,300,true],"medium_large":["https:\/\/wavexia.com\/wp-content\/uploads\/2025\/10\/Skin1004-Madagascar-Centella-Travel-Kit-5-Piece-Skincare-Set_b07d2c57-0480-4d7b-9b44-e83acbc1f223.54cb410f02e54739ad044ffb299b947c-768x768.webp",768,768,true],"large":["https:\/\/wavexia.com\/wp-content\/uploads\/2025\/10\/Skin1004-Madagascar-Centella-Travel-Kit-5-Piece-Skincare-Set_b07d2c57-0480-4d7b-9b44-e83acbc1f223.54cb410f02e54739ad044ffb299b947c.webp",1000,1000,false],"1536x1536":["https:\/\/wavexia.com\/wp-content\/uploads\/2025\/10\/Skin1004-Madagascar-Centella-Travel-Kit-5-Piece-Skincare-Set_b07d2c57-0480-4d7b-9b44-e83acbc1f223.54cb410f02e54739ad044ffb299b947c.webp",1000,1000,false],"2048x2048":["https:\/\/wavexia.com\/wp-content\/uploads\/2025\/10\/Skin1004-Madagascar-Centella-Travel-Kit-5-Piece-Skincare-Set_b07d2c57-0480-4d7b-9b44-e83acbc1f223.54cb410f02e54739ad044ffb299b947c.webp",1000,1000,false],"woocommerce_archive_thumbnail":["https:\/\/wavexia.com\/wp-content\/uploads\/2025\/10\/Skin1004-Madagascar-Centella-Travel-Kit-5-Piece-Skincare-Set_b07d2c57-0480-4d7b-9b44-e83acbc1f223.54cb410f02e54739ad044ffb299b947c-300x300.webp",300,300,true],"woocommerce_thumbnail":["https:\/\/wavexia.com\/wp-content\/uploads\/2025\/10\/Skin1004-Madagascar-Centella-Travel-Kit-5-Piece-Skincare-Set_b07d2c57-0480-4d7b-9b44-e83acbc1f223.54cb410f02e54739ad044ffb299b947c-300x300.webp",300,300,true],"woocommerce_single":["https:\/\/wavexia.com\/wp-content\/uploads\/2025\/10\/Skin1004-Madagascar-Centella-Travel-Kit-5-Piece-Skincare-Set_b07d2c57-0480-4d7b-9b44-e83acbc1f223.54cb410f02e54739ad044ffb299b947c-600x600.webp",600,600,true],"woocommerce_gallery_thumbnail":["https:\/\/wavexia.com\/wp-content\/uploads\/2025\/10\/Skin1004-Madagascar-Centella-Travel-Kit-5-Piece-Skincare-Set_b07d2c57-0480-4d7b-9b44-e83acbc1f223.54cb410f02e54739ad044ffb299b947c-100x100.webp",100,100,true]},"uagb_author_info":{"display_name":"zineddine.ayoub98@gmail.com","author_link":"https:\/\/wavexia.com\/?author=0"},"uagb_comment_info":0,"uagb_excerpt":"Description D\u00e9couvrez le nec plus ultra des soins \u00e0 la Centella avec le kit de voyage \u00e0 la Centella de Madagascar SKIN1004, un mini coffret de cinq pi\u00e8ces parfait pour les voyages ou les essais. Compos\u00e9 de l\u2019ampoule Centella hydratante et apaisante, du tonique exfoliant doux, de la mousse nettoyante \u00e0 ampoule au pH \u00e9quilibr\u00e9,&hellip;","brands":[],"_links":{"self":[{"href":"https:\/\/wavexia.com\/index.php?rest_route=\/wp\/v2\/product\/2863","targetHints":{"allow":["GET"]}}],"collection":[{"href":"https:\/\/wavexia.com\/index.php?rest_route=\/wp\/v2\/product"}],"about":[{"href":"https:\/\/wavexia.com\/index.php?rest_route=\/wp\/v2\/types\/product"}],"replies":[{"embeddable":true,"href":"https:\/\/wavexia.com\/index.php?rest_route=%2Fwp%2Fv2%2Fcomments&post=2863"}],"wp:featuredmedia":[{"embeddable":true,"href":"https:\/\/wavexia.com\/index.php?rest_route=\/wp\/v2\/media\/2528"}],"wp:attachment":[{"href":"https:\/\/wavexia.com\/index.php?rest_route=%2Fwp%2Fv2%2Fmedia&parent=2863"}],"wp:term":[{"taxonomy":"pwb-brand","embeddable":true,"href":"https:\/\/wavexia.com\/index.php?rest_route=%2Fwp%2Fv2%2Fpwb-brand&post=2863"},{"taxonomy":"product_brand","embeddable":true,"href":"https:\/\/wavexia.com\/index.php?rest_route=%2Fwp%2Fv2%2Fproduct_brand&post=2863"},{"taxonomy":"product_cat","embeddable":true,"href":"https:\/\/wavexia.com\/index.php?rest_route=%2Fwp%2Fv2%2Fproduct_cat&post=2863"},{"taxonomy":"product_tag","embeddable":true,"href":"https:\/\/wavexia.com\/index.php?rest_route=%2Fwp%2Fv2%2Fproduct_tag&post=2863"}],"curies":[{"name":"wp","href":"https:\/\/api.w.org\/{rel}","templated":true}]}}