{"id":2862,"date":"2025-10-18T22:09:05","date_gmt":"2025-10-18T22:09:05","guid":{"rendered":"https:\/\/wavexia.com\/product\/now-b-12-1000-mcg-nervous-system-health-100-capsules\/"},"modified":"2026-03-10T07:30:48","modified_gmt":"2026-03-10T07:30:48","slug":"now-b-12-1000-mcg-nervous-system-health-100-capsules","status":"publish","type":"product","link":"https:\/\/wavexia.com\/?product=now-b-12-1000-mcg-nervous-system-health-100-capsules","title":{"rendered":"NOW \u2013 B-12 1,000 mcg Nervous System Health 100 capsules"},"content":{"rendered":"<h2>Description<\/h2>\n<p>Now Foods&nbsp;\u2013&nbsp;La vitamine B-12 (cyanocobalamine) est une vitamine hydrosoluble n\u00e9cessaire au maintien d\u2019un syst\u00e8me nerveux sain et \u00e0 la production d\u2019\u00e9nergie \u00e0 partir de graisses et de prot\u00e9ines. La vitamine B-12 est \u00e9galement essentielle \u00e0 la synth\u00e8se de l\u2019ADN lors de la division cellulaire et est donc particuli\u00e8rement importante pour les cellules \u00e0 multiplication rapide, telles que les cellules sanguines. De plus, un apport ad\u00e9quat en vitamine B-12, ainsi qu\u2019en acide folique et en vitamine B-6, est essentiel \u00e0 la conversion de l\u2019homocyst\u00e9ine en m\u00e9thionine, favorisant ainsi un syst\u00e8me cardiovasculaire sain. Bien que le B-12 soit stock\u00e9 dans le foie, les sources alimentaires sont uniquement d\u2019origine animale (viande et produits laitiers). Par cons\u00e9quent, une suppl\u00e9mentation en B-12 peut \u00eatre particuli\u00e8rement importante pour les v\u00e9g\u00e9tariens stricts.<\/p>\n","protected":false},"excerpt":{"rendered":"<p>Description Now Foods&nbsp;\u2013&nbsp;La vitamine B-12 (cyanocobalamine) est une vitamine hydrosoluble n\u00e9cessaire au maintien d\u2019un syst\u00e8me nerveux sain et \u00e0 la production d\u2019\u00e9nergie \u00e0 partir de graisses et de prot\u00e9ines. La vitamine B-12 est \u00e9galement essentielle \u00e0 la synth\u00e8se de l\u2019ADN lors de la division cellulaire et est donc particuli\u00e8rement importante pour les cellules \u00e0 multiplication [&hellip;]<\/p>\n","protected":false},"featured_media":2526,"comment_status":"open","ping_status":"closed","template":"","meta":{"content-type":"","_uag_custom_page_level_css":""},"pwb-brand":[],"product_brand":[],"product_cat":[330],"product_tag":[],"class_list":{"0":"post-2862","1":"product","2":"type-product","3":"status-publish","4":"has-post-thumbnail","6":"product_cat-complements-alimentaires","8":"first","9":"instock","10":"sale","11":"shipping-taxable","12":"purchasable","13":"product-type-simple"},"aioseo_notices":[],"uagb_featured_image_src":{"full":["https:\/\/wavexia.com\/wp-content\/uploads\/2025\/10\/now-b-12-1000-mcg-nervous-system-health-100-capsules.jpg",800,800,false],"thumbnail":["https:\/\/wavexia.com\/wp-content\/uploads\/2025\/10\/now-b-12-1000-mcg-nervous-system-health-100-capsules-150x150.jpg",150,150,true],"medium":["https:\/\/wavexia.com\/wp-content\/uploads\/2025\/10\/now-b-12-1000-mcg-nervous-system-health-100-capsules-300x300.jpg",300,300,true],"medium_large":["https:\/\/wavexia.com\/wp-content\/uploads\/2025\/10\/now-b-12-1000-mcg-nervous-system-health-100-capsules-768x768.jpg",768,768,true],"large":["https:\/\/wavexia.com\/wp-content\/uploads\/2025\/10\/now-b-12-1000-mcg-nervous-system-health-100-capsules.jpg",800,800,false],"1536x1536":["https:\/\/wavexia.com\/wp-content\/uploads\/2025\/10\/now-b-12-1000-mcg-nervous-system-health-100-capsules.jpg",800,800,false],"2048x2048":["https:\/\/wavexia.com\/wp-content\/uploads\/2025\/10\/now-b-12-1000-mcg-nervous-system-health-100-capsules.jpg",800,800,false],"woocommerce_archive_thumbnail":["https:\/\/wavexia.com\/wp-content\/uploads\/2025\/10\/now-b-12-1000-mcg-nervous-system-health-100-capsules-300x300.jpg",300,300,true],"woocommerce_thumbnail":["https:\/\/wavexia.com\/wp-content\/uploads\/2025\/10\/now-b-12-1000-mcg-nervous-system-health-100-capsules-300x300.jpg",300,300,true],"woocommerce_single":["https:\/\/wavexia.com\/wp-content\/uploads\/2025\/10\/now-b-12-1000-mcg-nervous-system-health-100-capsules-600x600.jpg",600,600,true],"woocommerce_gallery_thumbnail":["https:\/\/wavexia.com\/wp-content\/uploads\/2025\/10\/now-b-12-1000-mcg-nervous-system-health-100-capsules-100x100.jpg",100,100,true]},"uagb_author_info":{"display_name":"zineddine.ayoub98@gmail.com","author_link":"https:\/\/wavexia.com\/?author=0"},"uagb_comment_info":0,"uagb_excerpt":"Description Now Foods&nbsp;\u2013&nbsp;La vitamine B-12 (cyanocobalamine) est une vitamine hydrosoluble n\u00e9cessaire au maintien d\u2019un syst\u00e8me nerveux sain et \u00e0 la production d\u2019\u00e9nergie \u00e0 partir de graisses et de prot\u00e9ines. La vitamine B-12 est \u00e9galement essentielle \u00e0 la synth\u00e8se de l\u2019ADN lors de la division cellulaire et est donc particuli\u00e8rement importante pour les cellules \u00e0 multiplication&hellip;","brands":[],"_links":{"self":[{"href":"https:\/\/wavexia.com\/index.php?rest_route=\/wp\/v2\/product\/2862","targetHints":{"allow":["GET"]}}],"collection":[{"href":"https:\/\/wavexia.com\/index.php?rest_route=\/wp\/v2\/product"}],"about":[{"href":"https:\/\/wavexia.com\/index.php?rest_route=\/wp\/v2\/types\/product"}],"replies":[{"embeddable":true,"href":"https:\/\/wavexia.com\/index.php?rest_route=%2Fwp%2Fv2%2Fcomments&post=2862"}],"wp:featuredmedia":[{"embeddable":true,"href":"https:\/\/wavexia.com\/index.php?rest_route=\/wp\/v2\/media\/2526"}],"wp:attachment":[{"href":"https:\/\/wavexia.com\/index.php?rest_route=%2Fwp%2Fv2%2Fmedia&parent=2862"}],"wp:term":[{"taxonomy":"pwb-brand","embeddable":true,"href":"https:\/\/wavexia.com\/index.php?rest_route=%2Fwp%2Fv2%2Fpwb-brand&post=2862"},{"taxonomy":"product_brand","embeddable":true,"href":"https:\/\/wavexia.com\/index.php?rest_route=%2Fwp%2Fv2%2Fproduct_brand&post=2862"},{"taxonomy":"product_cat","embeddable":true,"href":"https:\/\/wavexia.com\/index.php?rest_route=%2Fwp%2Fv2%2Fproduct_cat&post=2862"},{"taxonomy":"product_tag","embeddable":true,"href":"https:\/\/wavexia.com\/index.php?rest_route=%2Fwp%2Fv2%2Fproduct_tag&post=2862"}],"curies":[{"name":"wp","href":"https:\/\/api.w.org\/{rel}","templated":true}]}}