{"id":2861,"date":"2025-10-18T22:09:05","date_gmt":"2025-10-18T22:09:05","guid":{"rendered":"https:\/\/wavexia.com\/product\/mary-may-tranexamic-acid-glutathion-eye-cream-12g\/"},"modified":"2026-03-10T07:30:48","modified_gmt":"2026-03-10T07:30:48","slug":"mary-may-tranexamic-acid-glutathion-eye-cream-12g","status":"publish","type":"product","link":"https:\/\/wavexia.com\/?product=mary-may-tranexamic-acid-glutathion-eye-cream-12g","title":{"rendered":"Mary &#038; May Tranexamic Acid + Glutathion Eye Cream 12g"},"content":{"rendered":"<h2>Description<\/h2>\n<p>Enrichie en 1000&nbsp;ppm d\u2019acide tranexamique et en glutathion, cette cr\u00e8me contour des yeux illumine les cernes et revitalise la peau du contour des yeux. Elle contient \u00e9galement de la vitamine C pour stimuler la production de collag\u00e8ne et illuminer les teints ternes.<\/p>\n<p>Ce produit convient \u00e0 tous les types de peaux, et plus particuli\u00e8rement les peaux sensibles.<\/p>\n<p><strong><span class=\"summary__title\"><span class=\"accordion__title\">Mode d\u2019emploi<\/span><\/span><\/strong><\/p>\n<div class=\"accordion__content custom__liquid-template--24054367912267__main rte\">\n<p><span class=\"metafield-multi_line_text_field\">Appliquez le cr\u00e8me d\u00e9licatement sur la peau autour des yeux et tapotez.<\/span><\/p>\n<p><strong><span class=\"summary__title\"><span class=\"accordion__title\">Ingr\u00e9dients<\/span><\/span><\/strong><\/p>\n<div class=\"accordion__content custom__liquid-template--24054367912267__main rte\">\n<p><span class=\"metafield-multi_line_text_field\">Water, Ethylhexyl Palmitate, Glycereth-26, Glycerin, Cetearyl Alcohol, Niacinamide, Hydrogenated Poly(C6-14 Olefin), Beeswax, Caprylic\/Capric Triglyceride, Polyglyceryl-2 Stearate, Dipropylene Glycol, Isododecane, Glyceryl Stearate, HydroxyethylAcrylate\/Sodium Acryloyldimethyl Taurate Copolymer, Stearyl Alcohol, Glycol Stearate SE, Sodium Polyacrylate, Hydroxyacetophenone, Stearic Acid, Dimethiconol, Dimethicone\/Vinyl dimethicone crosspolymer, Hydrogenated Polydecene, HydrogenatedLecithin, Tranexamic Acid, Betaine, Glutathione, Panthenol, Fragrance, Hippophae Rhamnoides Fruit Oil, Butylene Glycol, Adenosine, Sorbitan Isostearate, Caprylyl Glycol, Trideceth-6, 1,2-Hexanediol, Disodium EDTA, Sodium Hyaluronate, Ascorbic Ac<\/span><\/p>\n<\/div>\n<\/div>\n","protected":false},"excerpt":{"rendered":"<p>Description Enrichie en 1000&nbsp;ppm d\u2019acide tranexamique et en glutathion, cette cr\u00e8me contour des yeux illumine les cernes et revitalise la peau du contour des yeux. Elle contient \u00e9galement de la vitamine C pour stimuler la production de collag\u00e8ne et illuminer les teints ternes. Ce produit convient \u00e0 tous les types de peaux, et plus particuli\u00e8rement [&hellip;]<\/p>\n","protected":false},"featured_media":2523,"comment_status":"open","ping_status":"closed","template":"","meta":{"content-type":"","_uag_custom_page_level_css":""},"pwb-brand":[],"product_brand":[],"product_cat":[352,327,351,328,334],"product_tag":[],"class_list":{"0":"post-2861","1":"product","2":"type-product","3":"status-publish","4":"has-post-thumbnail","6":"product_cat-contour-des-yeux","7":"product_cat-hmizat","8":"product_cat-mary-may","9":"product_cat-nouveautes","10":"product_cat-produits-coreens","12":"first","13":"instock","14":"sale","15":"shipping-taxable","16":"purchasable","17":"product-type-simple"},"aioseo_notices":[],"uagb_featured_image_src":{"full":["https:\/\/wavexia.com\/wp-content\/uploads\/2025\/10\/mary-may-eye-cream-faceshine-lebanon.webp",700,700,false],"thumbnail":["https:\/\/wavexia.com\/wp-content\/uploads\/2025\/10\/mary-may-eye-cream-faceshine-lebanon-150x150.webp",150,150,true],"medium":["https:\/\/wavexia.com\/wp-content\/uploads\/2025\/10\/mary-may-eye-cream-faceshine-lebanon-300x300.webp",300,300,true],"medium_large":["https:\/\/wavexia.com\/wp-content\/uploads\/2025\/10\/mary-may-eye-cream-faceshine-lebanon.webp",700,700,false],"large":["https:\/\/wavexia.com\/wp-content\/uploads\/2025\/10\/mary-may-eye-cream-faceshine-lebanon.webp",700,700,false],"1536x1536":["https:\/\/wavexia.com\/wp-content\/uploads\/2025\/10\/mary-may-eye-cream-faceshine-lebanon.webp",700,700,false],"2048x2048":["https:\/\/wavexia.com\/wp-content\/uploads\/2025\/10\/mary-may-eye-cream-faceshine-lebanon.webp",700,700,false],"woocommerce_archive_thumbnail":["https:\/\/wavexia.com\/wp-content\/uploads\/2025\/10\/mary-may-eye-cream-faceshine-lebanon-300x300.webp",300,300,true],"woocommerce_thumbnail":["https:\/\/wavexia.com\/wp-content\/uploads\/2025\/10\/mary-may-eye-cream-faceshine-lebanon-300x300.webp",300,300,true],"woocommerce_single":["https:\/\/wavexia.com\/wp-content\/uploads\/2025\/10\/mary-may-eye-cream-faceshine-lebanon-600x600.webp",600,600,true],"woocommerce_gallery_thumbnail":["https:\/\/wavexia.com\/wp-content\/uploads\/2025\/10\/mary-may-eye-cream-faceshine-lebanon-100x100.webp",100,100,true]},"uagb_author_info":{"display_name":"zineddine.ayoub98@gmail.com","author_link":"https:\/\/wavexia.com\/?author=0"},"uagb_comment_info":0,"uagb_excerpt":"Description Enrichie en 1000&nbsp;ppm d\u2019acide tranexamique et en glutathion, cette cr\u00e8me contour des yeux illumine les cernes et revitalise la peau du contour des yeux. Elle contient \u00e9galement de la vitamine C pour stimuler la production de collag\u00e8ne et illuminer les teints ternes. Ce produit convient \u00e0 tous les types de peaux, et plus particuli\u00e8rement&hellip;","brands":[],"_links":{"self":[{"href":"https:\/\/wavexia.com\/index.php?rest_route=\/wp\/v2\/product\/2861","targetHints":{"allow":["GET"]}}],"collection":[{"href":"https:\/\/wavexia.com\/index.php?rest_route=\/wp\/v2\/product"}],"about":[{"href":"https:\/\/wavexia.com\/index.php?rest_route=\/wp\/v2\/types\/product"}],"replies":[{"embeddable":true,"href":"https:\/\/wavexia.com\/index.php?rest_route=%2Fwp%2Fv2%2Fcomments&post=2861"}],"wp:featuredmedia":[{"embeddable":true,"href":"https:\/\/wavexia.com\/index.php?rest_route=\/wp\/v2\/media\/2523"}],"wp:attachment":[{"href":"https:\/\/wavexia.com\/index.php?rest_route=%2Fwp%2Fv2%2Fmedia&parent=2861"}],"wp:term":[{"taxonomy":"pwb-brand","embeddable":true,"href":"https:\/\/wavexia.com\/index.php?rest_route=%2Fwp%2Fv2%2Fpwb-brand&post=2861"},{"taxonomy":"product_brand","embeddable":true,"href":"https:\/\/wavexia.com\/index.php?rest_route=%2Fwp%2Fv2%2Fproduct_brand&post=2861"},{"taxonomy":"product_cat","embeddable":true,"href":"https:\/\/wavexia.com\/index.php?rest_route=%2Fwp%2Fv2%2Fproduct_cat&post=2861"},{"taxonomy":"product_tag","embeddable":true,"href":"https:\/\/wavexia.com\/index.php?rest_route=%2Fwp%2Fv2%2Fproduct_tag&post=2861"}],"curies":[{"name":"wp","href":"https:\/\/api.w.org\/{rel}","templated":true}]}}