{"id":2859,"date":"2025-10-18T22:09:05","date_gmt":"2025-10-18T22:09:05","guid":{"rendered":"https:\/\/wavexia.com\/product\/celimax-noni-ampoule-calming-radiance-30ml\/"},"modified":"2026-03-10T07:30:48","modified_gmt":"2026-03-10T07:30:48","slug":"celimax-noni-ampoule-calming-radiance-30ml","status":"publish","type":"product","link":"https:\/\/wavexia.com\/?product=celimax-noni-ampoule-calming-radiance-30ml","title":{"rendered":"Celimax NONI Ampoule calming + Radiance 30ml"},"content":{"rendered":"<h2>Description<\/h2>\n<p>La Real Noni Energy Ampoule Celimax est une ampoule rajeunissante et nourrissante pour la peau contenant 71,77 % d\u2019extrait de fruit de noni et d\u2019huile de graine de noni qui sont connus pour leur teneur \u00e9lev\u00e9e en vitamines et en min\u00e9raux. Ces nutriments hydratent en profondeur, apaisent, hydratent et prot\u00e8gent les cellules de la peau contre les radicaux libres qui entra\u00eenent les signes du vieillissement. L\u2019extrait de fruit de Noni (aussi appel\u00e9 Morinda Citrifolia), superfood de renomm\u00e9e mondiale, poss\u00e8de de puissantes propri\u00e9t\u00e9s antioxydantes, antibact\u00e9riennes, rajeunissantes et antifongiques. Il est rempli de vitamines A et C et de plus de 200 autres vitamines et min\u00e9raux b\u00e9n\u00e9fiques pour la peau. Cette ampoule aide \u00e0 pr\u00e9venir la perte d\u2019\u00e9lasticit\u00e9. De plus, l\u2019huile de romarin apaise encore plus les zones rugueuses ou s\u00e8ches pour une exp\u00e9rience nourrissante et r\u00e9g\u00e9n\u00e9rante totale. Enfin, l\u2019ad\u00e9nosine apaise et restaure la surface de la peau. Elle aide \u00e0 att\u00e9nuer les rides et ridules, am\u00e9liorant ainsi la texture de la peau. La Real Noni Energy Ampoule Celimax hydrate la peau s\u00e8che, calme les irritations et am\u00e9liore l\u2019apparence des rides et ridules. Cette ampoule hautement hydratante s\u2019applique facilement et p\u00e9n\u00e8tre rapidement dans la peau sans coller.<\/p>\n<p><strong>Conseils d\u2019utilisation :<\/strong><\/p>\n<ul>\n<li>Pr\u00e9l\u00e8ve une quantit\u00e9 ad\u00e9quate de produit.<\/li>\n<li>Masse d\u00e9licatement ta peau en suivant son grain.<\/li>\n<li>Renouvelle l\u2019application sur le contour des yeux secs.<\/li>\n<\/ul>\n<p><strong>Ingr\u00e9dients :<\/strong><\/p>\n<p>Extrait de Fruit de Morinda Citrifolia (71,77%), Butyl\u00e8ne Glycol, Propanediol, Glyc\u00e9rine, 1,2-Hexanediol, Succinate de Di\u00e9thoxy\u00e9thyle, Copolym\u00e8re Acrylate de Glyc\u00e9ryle\/Acide Acrylique, Huile de Graine de Morinda Citrifolia, C\u00e9ramide NP, Huile de Fruit d\u2019Olea Europaea (Olive), Beurre de Butyrospermum Parkii (Karit\u00e9), Squalane, Huile de Feuille de Rosmarinus Officinalis (Romarin), Extrait de Feuille de Melia Azadirachta, Extrait de Fleur de Melia Azadirachta, Extrait de Theobroma Cacao (Cacao), Dextrine, Phytosphingosine, Cholest\u00e9rol, Hyaluronate de Sodium, L\u00e9cithine Hydrog\u00e9n\u00e9e, C12-13 Pareth-9, Polyacryloyldim\u00e9thyl Taurate de Sodium, Triglyc\u00e9ride Caprylique\/Caprique, Eau, Allanto\u00efne, Ad\u00e9nosine, Disodium EDTA, Chlorph\u00e9n\u00e9sine.<\/p>\n","protected":false},"excerpt":{"rendered":"<p>Description La Real Noni Energy Ampoule Celimax est une ampoule rajeunissante et nourrissante pour la peau contenant 71,77 % d\u2019extrait de fruit de noni et d\u2019huile de graine de noni qui sont connus pour leur teneur \u00e9lev\u00e9e en vitamines et en min\u00e9raux. Ces nutriments hydratent en profondeur, apaisent, hydratent et prot\u00e8gent les cellules de la [&hellip;]<\/p>\n","protected":false},"featured_media":2514,"comment_status":"open","ping_status":"closed","template":"","meta":{"content-type":"","_uag_custom_page_level_css":""},"pwb-brand":[],"product_brand":[],"product_cat":[333,328,334,338],"product_tag":[],"class_list":{"0":"post-2859","1":"product","2":"type-product","3":"status-publish","4":"has-post-thumbnail","6":"product_cat-celimax","7":"product_cat-nouveautes","8":"product_cat-produits-coreens","9":"product_cat-serum-ampoule","11":"first","12":"instock","13":"sale","14":"shipping-taxable","15":"purchasable","16":"product-type-simple"},"aioseo_notices":[],"uagb_featured_image_src":{"full":["https:\/\/wavexia.com\/wp-content\/uploads\/2025\/10\/XXL_p0122984892.webp",640,640,false],"thumbnail":["https:\/\/wavexia.com\/wp-content\/uploads\/2025\/10\/XXL_p0122984892-150x150.webp",150,150,true],"medium":["https:\/\/wavexia.com\/wp-content\/uploads\/2025\/10\/XXL_p0122984892-300x300.webp",300,300,true],"medium_large":["https:\/\/wavexia.com\/wp-content\/uploads\/2025\/10\/XXL_p0122984892.webp",640,640,false],"large":["https:\/\/wavexia.com\/wp-content\/uploads\/2025\/10\/XXL_p0122984892.webp",640,640,false],"1536x1536":["https:\/\/wavexia.com\/wp-content\/uploads\/2025\/10\/XXL_p0122984892.webp",640,640,false],"2048x2048":["https:\/\/wavexia.com\/wp-content\/uploads\/2025\/10\/XXL_p0122984892.webp",640,640,false],"woocommerce_archive_thumbnail":["https:\/\/wavexia.com\/wp-content\/uploads\/2025\/10\/XXL_p0122984892-300x300.webp",300,300,true],"woocommerce_thumbnail":["https:\/\/wavexia.com\/wp-content\/uploads\/2025\/10\/XXL_p0122984892-300x300.webp",300,300,true],"woocommerce_single":["https:\/\/wavexia.com\/wp-content\/uploads\/2025\/10\/XXL_p0122984892-600x600.webp",600,600,true],"woocommerce_gallery_thumbnail":["https:\/\/wavexia.com\/wp-content\/uploads\/2025\/10\/XXL_p0122984892-100x100.webp",100,100,true]},"uagb_author_info":{"display_name":"zineddine.ayoub98@gmail.com","author_link":"https:\/\/wavexia.com\/?author=0"},"uagb_comment_info":0,"uagb_excerpt":"Description La Real Noni Energy Ampoule Celimax est une ampoule rajeunissante et nourrissante pour la peau contenant 71,77 % d\u2019extrait de fruit de noni et d\u2019huile de graine de noni qui sont connus pour leur teneur \u00e9lev\u00e9e en vitamines et en min\u00e9raux. Ces nutriments hydratent en profondeur, apaisent, hydratent et prot\u00e8gent les cellules de la&hellip;","brands":[],"_links":{"self":[{"href":"https:\/\/wavexia.com\/index.php?rest_route=\/wp\/v2\/product\/2859","targetHints":{"allow":["GET"]}}],"collection":[{"href":"https:\/\/wavexia.com\/index.php?rest_route=\/wp\/v2\/product"}],"about":[{"href":"https:\/\/wavexia.com\/index.php?rest_route=\/wp\/v2\/types\/product"}],"replies":[{"embeddable":true,"href":"https:\/\/wavexia.com\/index.php?rest_route=%2Fwp%2Fv2%2Fcomments&post=2859"}],"wp:featuredmedia":[{"embeddable":true,"href":"https:\/\/wavexia.com\/index.php?rest_route=\/wp\/v2\/media\/2514"}],"wp:attachment":[{"href":"https:\/\/wavexia.com\/index.php?rest_route=%2Fwp%2Fv2%2Fmedia&parent=2859"}],"wp:term":[{"taxonomy":"pwb-brand","embeddable":true,"href":"https:\/\/wavexia.com\/index.php?rest_route=%2Fwp%2Fv2%2Fpwb-brand&post=2859"},{"taxonomy":"product_brand","embeddable":true,"href":"https:\/\/wavexia.com\/index.php?rest_route=%2Fwp%2Fv2%2Fproduct_brand&post=2859"},{"taxonomy":"product_cat","embeddable":true,"href":"https:\/\/wavexia.com\/index.php?rest_route=%2Fwp%2Fv2%2Fproduct_cat&post=2859"},{"taxonomy":"product_tag","embeddable":true,"href":"https:\/\/wavexia.com\/index.php?rest_route=%2Fwp%2Fv2%2Fproduct_tag&post=2859"}],"curies":[{"name":"wp","href":"https:\/\/api.w.org\/{rel}","templated":true}]}}