{"id":2858,"date":"2025-10-18T22:09:05","date_gmt":"2025-10-18T22:09:05","guid":{"rendered":"https:\/\/wavexia.com\/product\/medicube-red-succinic-acid-peeling-pad-155g-70pads\/"},"modified":"2026-03-10T07:30:48","modified_gmt":"2026-03-10T07:30:48","slug":"medicube-red-succinic-acid-peeling-pad-155g-70pads","status":"publish","type":"product","link":"https:\/\/wavexia.com\/?product=medicube-red-succinic-acid-peeling-pad-155g-70pads","title":{"rendered":"Medicube Red Succinic Acid Peeling Pad 155G\/70Pads"},"content":{"rendered":"<h2>Description<\/h2>\n<p>Le Peeling Pad \u00e0 l\u2019Acide Succinique Rouge Medicube est un tampon tonique exfoliant innovant sp\u00e9cialement formul\u00e9 pour les peaux \u00e0 tendance acn\u00e9ique. Ces coussinets combinent des ingr\u00e9dients puissants tels que l\u2019acide succinique, l\u2019acide salicylique (BHA) et l\u2019acide glycolique (AHA) pour lutter efficacement contre les imperfections et les imperfections, tout en affinant la texture de la peau et en favorisant un teint plus lumineux. Id\u00e9al pour les adolescents et les adultes.<\/p>\n<p>Enrichis en niacinamide et en panth\u00e9nol, ces coussinets apaisent les rougeurs et les irritations, favorisent la r\u00e9g\u00e9n\u00e9ration de la peau et favorisent un teint plus uniforme. Leur texture l\u00e9g\u00e8re et non collante et leur pH \u00e9quilibr\u00e9 les rendent adapt\u00e9s \u00e0 un usage quotidien, m\u00eame pour les peaux sensibles.<\/p>\n<p><strong>Ces coussinets :<\/strong><\/p>\n<ul>\n<li>Combattre les boutons et les imperfections<\/li>\n<li>contient du BHA et de l\u2019AHA<\/li>\n<li>exfolier en douceur<\/li>\n<li>apaiser les rougeurs et les irritations<\/li>\n<li>pH \u00e9quilibr\u00e9, id\u00e9al pour les peaux sensibles<\/li>\n<li>Convient \u00e0 un usage quotidien<\/li>\n<li>sans cruaut\u00e9<\/li>\n<\/ul>\n<p><strong>Mode d\u2019emploi :<\/strong><\/p>\n<ul>\n<li>Essuyez doucement les coussinets sur votre peau propre et s\u00e8che.<\/li>\n<li>Vous pouvez ensuite utiliser l\u2019autre c\u00f4t\u00e9 du tampon pour passer \u00e0 nouveau sur votre visage.<\/li>\n<li>Tapotez doucement l\u2019essence restante sur votre peau.<\/li>\n<li>Apr\u00e8s utilisation, jetez le coton.<\/li>\n<\/ul>\n<p><strong>Ingr\u00e9dients :<br \/><\/strong>Eau, Butyl\u00e8ne Glycol, Propanediol, Niacinamide, 1,2-hexanediol, Alcool, Panth\u00e9nol, Acide succinique, Glyc\u00e9rine, Polyglyc\u00e9ryl-10 Laurate, Polyglyc\u00e9rine-3, Trom\u00e9thamine, Allanto\u00efne, Acide salicylique, Vinyle Dim\u00e9thicone, Ethylhexylglyc\u00e9rine, Extrait de racine de Coptis Japonica, Gomme xanthane, Edta disodique, Cyanocobalamine, L\u00e9cithine hydrog\u00e9n\u00e9e, Huile de Mentha Piperita (menthe poivr\u00e9e), Huile de fruit de Citrus Aurantium Bergamia (Bergamote), Huile de feuille de Rosmarinus Officinalis (Romarin), Prot\u00e9ase, Huile de Juniperus Virginiana, huile de Lavandula Hybrida, extrait de graines d\u2019Elettaria Cardamomum, extrait de graines de Foeniculum vulgare (fenouil), extrait de fleur de Crocus Sativus, extrait de Coriandrum Sativum (coriandre), tocoph\u00e9rol.<\/p>\n","protected":false},"excerpt":{"rendered":"<p>Description Le Peeling Pad \u00e0 l\u2019Acide Succinique Rouge Medicube est un tampon tonique exfoliant innovant sp\u00e9cialement formul\u00e9 pour les peaux \u00e0 tendance acn\u00e9ique. Ces coussinets combinent des ingr\u00e9dients puissants tels que l\u2019acide succinique, l\u2019acide salicylique (BHA) et l\u2019acide glycolique (AHA) pour lutter efficacement contre les imperfections et les imperfections, tout en affinant la texture de [&hellip;]<\/p>\n","protected":false},"featured_media":2509,"comment_status":"open","ping_status":"closed","template":"","meta":{"content-type":"","_uag_custom_page_level_css":""},"pwb-brand":[],"product_brand":[],"product_cat":[327,349,328,334,345],"product_tag":[],"class_list":{"0":"post-2858","1":"product","2":"type-product","3":"status-publish","4":"has-post-thumbnail","6":"product_cat-hmizat","7":"product_cat-medicube","8":"product_cat-nouveautes","9":"product_cat-produits-coreens","10":"product_cat-toner-pads","12":"first","13":"instock","14":"sale","15":"shipping-taxable","16":"purchasable","17":"product-type-simple"},"aioseo_notices":[],"uagb_featured_image_src":{"full":["https:\/\/wavexia.com\/wp-content\/uploads\/2025\/10\/RedSuccinicAcidPeelingPad3_1.webp",1080,1080,false],"thumbnail":["https:\/\/wavexia.com\/wp-content\/uploads\/2025\/10\/RedSuccinicAcidPeelingPad3_1-150x150.webp",150,150,true],"medium":["https:\/\/wavexia.com\/wp-content\/uploads\/2025\/10\/RedSuccinicAcidPeelingPad3_1-300x300.webp",300,300,true],"medium_large":["https:\/\/wavexia.com\/wp-content\/uploads\/2025\/10\/RedSuccinicAcidPeelingPad3_1-768x768.webp",768,768,true],"large":["https:\/\/wavexia.com\/wp-content\/uploads\/2025\/10\/RedSuccinicAcidPeelingPad3_1-1024x1024.webp",1024,1024,true],"1536x1536":["https:\/\/wavexia.com\/wp-content\/uploads\/2025\/10\/RedSuccinicAcidPeelingPad3_1.webp",1080,1080,false],"2048x2048":["https:\/\/wavexia.com\/wp-content\/uploads\/2025\/10\/RedSuccinicAcidPeelingPad3_1.webp",1080,1080,false],"woocommerce_archive_thumbnail":["https:\/\/wavexia.com\/wp-content\/uploads\/2025\/10\/RedSuccinicAcidPeelingPad3_1-300x300.webp",300,300,true],"woocommerce_thumbnail":["https:\/\/wavexia.com\/wp-content\/uploads\/2025\/10\/RedSuccinicAcidPeelingPad3_1-300x300.webp",300,300,true],"woocommerce_single":["https:\/\/wavexia.com\/wp-content\/uploads\/2025\/10\/RedSuccinicAcidPeelingPad3_1-600x600.webp",600,600,true],"woocommerce_gallery_thumbnail":["https:\/\/wavexia.com\/wp-content\/uploads\/2025\/10\/RedSuccinicAcidPeelingPad3_1-100x100.webp",100,100,true]},"uagb_author_info":{"display_name":"zineddine.ayoub98@gmail.com","author_link":"https:\/\/wavexia.com\/?author=0"},"uagb_comment_info":0,"uagb_excerpt":"Description Le Peeling Pad \u00e0 l\u2019Acide Succinique Rouge Medicube est un tampon tonique exfoliant innovant sp\u00e9cialement formul\u00e9 pour les peaux \u00e0 tendance acn\u00e9ique. Ces coussinets combinent des ingr\u00e9dients puissants tels que l\u2019acide succinique, l\u2019acide salicylique (BHA) et l\u2019acide glycolique (AHA) pour lutter efficacement contre les imperfections et les imperfections, tout en affinant la texture de&hellip;","brands":[],"_links":{"self":[{"href":"https:\/\/wavexia.com\/index.php?rest_route=\/wp\/v2\/product\/2858","targetHints":{"allow":["GET"]}}],"collection":[{"href":"https:\/\/wavexia.com\/index.php?rest_route=\/wp\/v2\/product"}],"about":[{"href":"https:\/\/wavexia.com\/index.php?rest_route=\/wp\/v2\/types\/product"}],"replies":[{"embeddable":true,"href":"https:\/\/wavexia.com\/index.php?rest_route=%2Fwp%2Fv2%2Fcomments&post=2858"}],"wp:featuredmedia":[{"embeddable":true,"href":"https:\/\/wavexia.com\/index.php?rest_route=\/wp\/v2\/media\/2509"}],"wp:attachment":[{"href":"https:\/\/wavexia.com\/index.php?rest_route=%2Fwp%2Fv2%2Fmedia&parent=2858"}],"wp:term":[{"taxonomy":"pwb-brand","embeddable":true,"href":"https:\/\/wavexia.com\/index.php?rest_route=%2Fwp%2Fv2%2Fpwb-brand&post=2858"},{"taxonomy":"product_brand","embeddable":true,"href":"https:\/\/wavexia.com\/index.php?rest_route=%2Fwp%2Fv2%2Fproduct_brand&post=2858"},{"taxonomy":"product_cat","embeddable":true,"href":"https:\/\/wavexia.com\/index.php?rest_route=%2Fwp%2Fv2%2Fproduct_cat&post=2858"},{"taxonomy":"product_tag","embeddable":true,"href":"https:\/\/wavexia.com\/index.php?rest_route=%2Fwp%2Fv2%2Fproduct_tag&post=2858"}],"curies":[{"name":"wp","href":"https:\/\/api.w.org\/{rel}","templated":true}]}}