{"id":2857,"date":"2025-10-18T22:09:05","date_gmt":"2025-10-18T22:09:05","guid":{"rendered":"https:\/\/wavexia.com\/product\/round-lab-mugwort-calming-cream-80ml\/"},"modified":"2026-03-10T07:30:48","modified_gmt":"2026-03-10T07:30:48","slug":"round-lab-mugwort-calming-cream-80ml","status":"publish","type":"product","link":"https:\/\/wavexia.com\/?product=round-lab-mugwort-calming-cream-80ml","title":{"rendered":"ROUND LAB Mugwort Calming Cream 80ml"},"content":{"rendered":"<h2>Description<\/h2>\n<p>La Mugwort Calming Cream ROUND LAB est une cr\u00e8me hydratante apaisante. Sa texture semblable \u00e0 un gel p\u00e9n\u00e8tre en quelques instants dans la peau et fournit des ingr\u00e9dients calmants et apaisants extr\u00eamement puissants. Elle &nbsp;est infus\u00e9e d\u2019extrait d\u2019armoise et de mad\u00e9cassoside pour calmer les irritations de la peau.<\/p>\n<p><strong>Conseils d\u2019utilisation :<\/strong><\/p>\n<ul>\n<li>Lors de la derni\u00e8re \u00e9tape de ta routine beaut\u00e9, applique une quantit\u00e9 appropri\u00e9e du produit sur ta peau pour cr\u00e9er une barri\u00e8re d\u2019hydratation.<\/li>\n<li>Laisse p\u00e9n\u00e9trer dans ta peau.<\/li>\n<\/ul>\n<p><strong>Ingr\u00e9dients :<\/strong><\/p>\n<p>Eau, Glyc\u00e9rine, Propanediol, Pentyl\u00e8ne Glycol, Butyl\u00e8ne Glycol, Cyclopentasiloxane, M\u00e9thicone Caprylylique, Extrait d\u2019Artemisia Vulgaris, Extrait de Feuille de Centella Asiatica, Mad\u00e9cassoside, Asiaticoside, Panth\u00e9nol, Allanto\u00efne, Diglycyrrhizate de Dipotassium, Extrait de Feuille d\u2019Artemisia Princeps, Xylitol, Extrait de Graine de Theobroma Cacao, Extrait de Feuille de Camellia Sinensis, Extrait de Chlorella Vulgaris, Huile de Salvia Officinalis, Diglyc\u00e9rine, T\u00e9trah\u00e9xanoate de Penta\u00e9rythrityle, Copolym\u00e8re d\u2019Acrylate d\u2019Hydroxy\u00e9thyle\/Taurate de Dim\u00e9thylacryloyle de Sodium, Dim\u00e9thicone de Vinyl, Silice, Glucose, Hydroxyac\u00e9tylph\u00e9none, Dim\u00e9thicone, Fructooligosaccharides, Fructose, Trom\u00e9thamine, Copolym\u00e8re d\u2019Acrylates\/Alkyl Acrylate C10-30, Glyc\u00e9ryl, Copolym\u00e8re d\u2019Acrylate\/Acide Acrylique, Acide Lactobionique, 1,2-Hexanediol, Ethylhexylglyc\u00e9rine, Citrate de Sodium, Phytate de Sodium, Dextrine, Tocoph\u00e9rol, Dexter, Gomme Xanthane.<\/p>\n<p>&nbsp;<\/p>\n","protected":false},"excerpt":{"rendered":"<p>Description La Mugwort Calming Cream ROUND LAB est une cr\u00e8me hydratante apaisante. Sa texture semblable \u00e0 un gel p\u00e9n\u00e8tre en quelques instants dans la peau et fournit des ingr\u00e9dients calmants et apaisants extr\u00eamement puissants. Elle &nbsp;est infus\u00e9e d\u2019extrait d\u2019armoise et de mad\u00e9cassoside pour calmer les irritations de la peau. Conseils d\u2019utilisation : Lors de la [&hellip;]<\/p>\n","protected":false},"featured_media":2504,"comment_status":"open","ping_status":"closed","template":"","meta":{"content-type":"","_uag_custom_page_level_css":""},"pwb-brand":[],"product_brand":[],"product_cat":[324,328,334,341],"product_tag":[],"class_list":{"0":"post-2857","1":"product","2":"type-product","3":"status-publish","4":"has-post-thumbnail","6":"product_cat-creme","7":"product_cat-nouveautes","8":"product_cat-produits-coreens","9":"product_cat-round-lab","11":"first","12":"instock","13":"sale","14":"shipping-taxable","15":"purchasable","16":"product-type-simple"},"aioseo_notices":[],"uagb_featured_image_src":{"full":["https:\/\/wavexia.com\/wp-content\/uploads\/2025\/10\/C0CC11EE-55DE-4A0D-B1E3-EC0D9FED1B9C_93c4a4e3-4e9f-4343-8bc2-f74b6424583d.webp",2048,2048,false],"thumbnail":["https:\/\/wavexia.com\/wp-content\/uploads\/2025\/10\/C0CC11EE-55DE-4A0D-B1E3-EC0D9FED1B9C_93c4a4e3-4e9f-4343-8bc2-f74b6424583d-150x150.webp",150,150,true],"medium":["https:\/\/wavexia.com\/wp-content\/uploads\/2025\/10\/C0CC11EE-55DE-4A0D-B1E3-EC0D9FED1B9C_93c4a4e3-4e9f-4343-8bc2-f74b6424583d-300x300.webp",300,300,true],"medium_large":["https:\/\/wavexia.com\/wp-content\/uploads\/2025\/10\/C0CC11EE-55DE-4A0D-B1E3-EC0D9FED1B9C_93c4a4e3-4e9f-4343-8bc2-f74b6424583d-768x768.webp",768,768,true],"large":["https:\/\/wavexia.com\/wp-content\/uploads\/2025\/10\/C0CC11EE-55DE-4A0D-B1E3-EC0D9FED1B9C_93c4a4e3-4e9f-4343-8bc2-f74b6424583d-1024x1024.webp",1024,1024,true],"1536x1536":["https:\/\/wavexia.com\/wp-content\/uploads\/2025\/10\/C0CC11EE-55DE-4A0D-B1E3-EC0D9FED1B9C_93c4a4e3-4e9f-4343-8bc2-f74b6424583d-1536x1536.webp",1536,1536,true],"2048x2048":["https:\/\/wavexia.com\/wp-content\/uploads\/2025\/10\/C0CC11EE-55DE-4A0D-B1E3-EC0D9FED1B9C_93c4a4e3-4e9f-4343-8bc2-f74b6424583d.webp",2048,2048,false],"woocommerce_archive_thumbnail":["https:\/\/wavexia.com\/wp-content\/uploads\/2025\/10\/C0CC11EE-55DE-4A0D-B1E3-EC0D9FED1B9C_93c4a4e3-4e9f-4343-8bc2-f74b6424583d-300x300.webp",300,300,true],"woocommerce_thumbnail":["https:\/\/wavexia.com\/wp-content\/uploads\/2025\/10\/C0CC11EE-55DE-4A0D-B1E3-EC0D9FED1B9C_93c4a4e3-4e9f-4343-8bc2-f74b6424583d-300x300.webp",300,300,true],"woocommerce_single":["https:\/\/wavexia.com\/wp-content\/uploads\/2025\/10\/C0CC11EE-55DE-4A0D-B1E3-EC0D9FED1B9C_93c4a4e3-4e9f-4343-8bc2-f74b6424583d-600x600.webp",600,600,true],"woocommerce_gallery_thumbnail":["https:\/\/wavexia.com\/wp-content\/uploads\/2025\/10\/C0CC11EE-55DE-4A0D-B1E3-EC0D9FED1B9C_93c4a4e3-4e9f-4343-8bc2-f74b6424583d-100x100.webp",100,100,true]},"uagb_author_info":{"display_name":"zineddine.ayoub98@gmail.com","author_link":"https:\/\/wavexia.com\/?author=0"},"uagb_comment_info":0,"uagb_excerpt":"Description La Mugwort Calming Cream ROUND LAB est une cr\u00e8me hydratante apaisante. Sa texture semblable \u00e0 un gel p\u00e9n\u00e8tre en quelques instants dans la peau et fournit des ingr\u00e9dients calmants et apaisants extr\u00eamement puissants. Elle &nbsp;est infus\u00e9e d\u2019extrait d\u2019armoise et de mad\u00e9cassoside pour calmer les irritations de la peau. Conseils d\u2019utilisation : Lors de la&hellip;","brands":[],"_links":{"self":[{"href":"https:\/\/wavexia.com\/index.php?rest_route=\/wp\/v2\/product\/2857","targetHints":{"allow":["GET"]}}],"collection":[{"href":"https:\/\/wavexia.com\/index.php?rest_route=\/wp\/v2\/product"}],"about":[{"href":"https:\/\/wavexia.com\/index.php?rest_route=\/wp\/v2\/types\/product"}],"replies":[{"embeddable":true,"href":"https:\/\/wavexia.com\/index.php?rest_route=%2Fwp%2Fv2%2Fcomments&post=2857"}],"wp:featuredmedia":[{"embeddable":true,"href":"https:\/\/wavexia.com\/index.php?rest_route=\/wp\/v2\/media\/2504"}],"wp:attachment":[{"href":"https:\/\/wavexia.com\/index.php?rest_route=%2Fwp%2Fv2%2Fmedia&parent=2857"}],"wp:term":[{"taxonomy":"pwb-brand","embeddable":true,"href":"https:\/\/wavexia.com\/index.php?rest_route=%2Fwp%2Fv2%2Fpwb-brand&post=2857"},{"taxonomy":"product_brand","embeddable":true,"href":"https:\/\/wavexia.com\/index.php?rest_route=%2Fwp%2Fv2%2Fproduct_brand&post=2857"},{"taxonomy":"product_cat","embeddable":true,"href":"https:\/\/wavexia.com\/index.php?rest_route=%2Fwp%2Fv2%2Fproduct_cat&post=2857"},{"taxonomy":"product_tag","embeddable":true,"href":"https:\/\/wavexia.com\/index.php?rest_route=%2Fwp%2Fv2%2Fproduct_tag&post=2857"}],"curies":[{"name":"wp","href":"https:\/\/api.w.org\/{rel}","templated":true}]}}