{"id":2856,"date":"2025-10-18T22:09:04","date_gmt":"2025-10-18T22:09:04","guid":{"rendered":"https:\/\/wavexia.com\/product\/cosrx-full-fit-propolis-synergy-toner-150ml\/"},"modified":"2026-03-10T07:30:48","modified_gmt":"2026-03-10T07:30:48","slug":"cosrx-full-fit-propolis-synergy-toner-150ml","status":"publish","type":"product","link":"https:\/\/wavexia.com\/?product=cosrx-full-fit-propolis-synergy-toner-150ml","title":{"rendered":"Cosrx \u2013 Full Fit Propolis Synergy Toner \u2013 150ml"},"content":{"rendered":"<h2>Description<\/h2>\n<p>Le COSRX Full Fit Propolis Synergy Toner est un toner r\u00e9parateur qui prot\u00e8ge et renforce votre peau. Le toner contient 72,6% d\u2019extrait de propolis de l\u2019abeille noire et 10% d\u2019extrait de miel qui vous assure une belle peau lisse et brillante. Le toner a \u00e9t\u00e9 d\u00e9velopp\u00e9 pour \u00eatre combin\u00e9 avec l\u2019ampoule COSRX Propolis Light. La peau endommag\u00e9e par des facteurs externes est restaur\u00e9e en incluant ces deux produits dans votre routine.<\/p>\n<p>Les ingr\u00e9dients ont un effet anti-inflammatoire, antibact\u00e9rien et r\u00e9parateur. Le toner ne se sent pas collant et se sent l\u00e9ger sur votre peau.<\/p>\n<p><strong>Ce tonique&nbsp;:<\/strong><\/p>\n<ul>\n<li>a un effet r\u00e9parateur, protecteur et fortifiant<\/li>\n<li>convient \u00e0 tous les types de peau<\/li>\n<li>contient 72,6 % d\u2019extrait de propolis d\u2019abeille noire et 10 % d\u2019extrait de miel<\/li>\n<li>hydratant<\/li>\n<li>anti-inflammatoire et antibact\u00e9rien<\/li>\n<li>id\u00e9al pour les peaux sensibles et \u00e0 probl\u00e8mes<\/li>\n<li>id\u00e9al en combinaison avec l\u2019ampoule COSRX Propolis Light<\/li>\n<li>convient \u00e0 tous les types de peau<\/li>\n<\/ul>\n<p><strong>Comment utiliser:<\/strong><\/p>\n<ul>\n<li>Nettoyez votre peau avec votre nettoyant pr\u00e9f\u00e9r\u00e9.<\/li>\n<li>Appliquez le toner sur un coton et frottez-le sur votre visage.<\/li>\n<li>En tapotant ensuite vos doigts sur votre peau, le toner s\u2019absorbe plus rapidement.<\/li>\n<\/ul>\n<p><strong>Ingr\u00e9dients:<\/strong><br \/>Extrait de propolis, extrait de miel, butyl\u00e8ne glycol, 1,2-hexanediol, glyc\u00e9rine, b\u00e9ta\u00efne, extrait de graine de casse obtusifolia, panth\u00e9nol, polyglyc\u00e9ryl-10 laurate, polyglyc\u00e9ryl-10 myristate, \u00e9thylhexylglyc\u00e9rine, hyaluronate de sodium, hydroxy\u00e9thyl acrylate\/sodium acryloyldim\u00e9thyl taurate copolym\u00e8re, caprylique \/ Triglyc\u00e9ride.<\/p>\n","protected":false},"excerpt":{"rendered":"<p>Description Le COSRX Full Fit Propolis Synergy Toner est un toner r\u00e9parateur qui prot\u00e8ge et renforce votre peau. Le toner contient 72,6% d\u2019extrait de propolis de l\u2019abeille noire et 10% d\u2019extrait de miel qui vous assure une belle peau lisse et brillante. Le toner a \u00e9t\u00e9 d\u00e9velopp\u00e9 pour \u00eatre combin\u00e9 avec l\u2019ampoule COSRX Propolis Light. [&hellip;]<\/p>\n","protected":false},"featured_media":2501,"comment_status":"open","ping_status":"closed","template":"","meta":{"content-type":"","_uag_custom_page_level_css":""},"pwb-brand":[],"product_brand":[],"product_cat":[347,327,334,345],"product_tag":[],"class_list":{"0":"post-2856","1":"product","2":"type-product","3":"status-publish","4":"has-post-thumbnail","6":"product_cat-cosrx","7":"product_cat-hmizat","8":"product_cat-produits-coreens","9":"product_cat-toner-pads","11":"first","12":"instock","13":"sale","14":"shipping-taxable","15":"purchasable","16":"product-type-simple"},"aioseo_notices":[],"uagb_featured_image_src":{"full":["https:\/\/wavexia.com\/wp-content\/uploads\/2025\/10\/019000000172.webp",800,800,false],"thumbnail":["https:\/\/wavexia.com\/wp-content\/uploads\/2025\/10\/019000000172-150x150.webp",150,150,true],"medium":["https:\/\/wavexia.com\/wp-content\/uploads\/2025\/10\/019000000172-300x300.webp",300,300,true],"medium_large":["https:\/\/wavexia.com\/wp-content\/uploads\/2025\/10\/019000000172-768x768.webp",768,768,true],"large":["https:\/\/wavexia.com\/wp-content\/uploads\/2025\/10\/019000000172.webp",800,800,false],"1536x1536":["https:\/\/wavexia.com\/wp-content\/uploads\/2025\/10\/019000000172.webp",800,800,false],"2048x2048":["https:\/\/wavexia.com\/wp-content\/uploads\/2025\/10\/019000000172.webp",800,800,false],"woocommerce_archive_thumbnail":["https:\/\/wavexia.com\/wp-content\/uploads\/2025\/10\/019000000172-300x300.webp",300,300,true],"woocommerce_thumbnail":["https:\/\/wavexia.com\/wp-content\/uploads\/2025\/10\/019000000172-300x300.webp",300,300,true],"woocommerce_single":["https:\/\/wavexia.com\/wp-content\/uploads\/2025\/10\/019000000172-600x600.webp",600,600,true],"woocommerce_gallery_thumbnail":["https:\/\/wavexia.com\/wp-content\/uploads\/2025\/10\/019000000172-100x100.webp",100,100,true]},"uagb_author_info":{"display_name":"zineddine.ayoub98@gmail.com","author_link":"https:\/\/wavexia.com\/?author=0"},"uagb_comment_info":0,"uagb_excerpt":"Description Le COSRX Full Fit Propolis Synergy Toner est un toner r\u00e9parateur qui prot\u00e8ge et renforce votre peau. Le toner contient 72,6% d\u2019extrait de propolis de l\u2019abeille noire et 10% d\u2019extrait de miel qui vous assure une belle peau lisse et brillante. Le toner a \u00e9t\u00e9 d\u00e9velopp\u00e9 pour \u00eatre combin\u00e9 avec l\u2019ampoule COSRX Propolis Light.&hellip;","brands":[],"_links":{"self":[{"href":"https:\/\/wavexia.com\/index.php?rest_route=\/wp\/v2\/product\/2856","targetHints":{"allow":["GET"]}}],"collection":[{"href":"https:\/\/wavexia.com\/index.php?rest_route=\/wp\/v2\/product"}],"about":[{"href":"https:\/\/wavexia.com\/index.php?rest_route=\/wp\/v2\/types\/product"}],"replies":[{"embeddable":true,"href":"https:\/\/wavexia.com\/index.php?rest_route=%2Fwp%2Fv2%2Fcomments&post=2856"}],"wp:featuredmedia":[{"embeddable":true,"href":"https:\/\/wavexia.com\/index.php?rest_route=\/wp\/v2\/media\/2501"}],"wp:attachment":[{"href":"https:\/\/wavexia.com\/index.php?rest_route=%2Fwp%2Fv2%2Fmedia&parent=2856"}],"wp:term":[{"taxonomy":"pwb-brand","embeddable":true,"href":"https:\/\/wavexia.com\/index.php?rest_route=%2Fwp%2Fv2%2Fpwb-brand&post=2856"},{"taxonomy":"product_brand","embeddable":true,"href":"https:\/\/wavexia.com\/index.php?rest_route=%2Fwp%2Fv2%2Fproduct_brand&post=2856"},{"taxonomy":"product_cat","embeddable":true,"href":"https:\/\/wavexia.com\/index.php?rest_route=%2Fwp%2Fv2%2Fproduct_cat&post=2856"},{"taxonomy":"product_tag","embeddable":true,"href":"https:\/\/wavexia.com\/index.php?rest_route=%2Fwp%2Fv2%2Fproduct_tag&post=2856"}],"curies":[{"name":"wp","href":"https:\/\/api.w.org\/{rel}","templated":true}]}}