{"id":2855,"date":"2025-10-18T22:09:04","date_gmt":"2025-10-18T22:09:04","guid":{"rendered":"https:\/\/wavexia.com\/product\/c0srx-clear-fit-master-patch-18-patch\/"},"modified":"2026-03-10T07:30:48","modified_gmt":"2026-03-10T07:30:48","slug":"c0srx-clear-fit-master-patch-18-patch","status":"publish","type":"product","link":"https:\/\/wavexia.com\/?product=c0srx-clear-fit-master-patch-18-patch","title":{"rendered":"C0SRX \u2013 Clear Fit Master Patch 18 patch"},"content":{"rendered":"<h2>Description<\/h2>\n<p>COSRX Clear Fit Master Patch est un ensemble de pansements qui conviennent aux boutons et \u00e0 l\u2019acn\u00e9! Les patchs sont une couche protectrice pour prot\u00e9ger les boutons contre les bact\u00e9ries et les virus. Ils ass\u00e8chent les boutons et emp\u00eachent les boutons de grossir. Les patchs sont confortables et collent bien. Mais plus important encore, ils sont invisibles sous votre maquillage!<\/p>\n<p><strong>Ces patchs:<\/strong><\/p>\n<ul>\n<li>prot\u00e9gez les boutons des bact\u00e9ries et des virus<\/li>\n<li>s\u00e9chez les boutons<\/li>\n<li>emp\u00eacher les boutons de grossir<\/li>\n<li>sentez-vous \u00e0 l\u2019aise<\/li>\n<li>continuez \u00e0 bien coller<\/li>\n<li>sont invisibles sous votre maquillage<\/li>\n<\/ul>\n<p><strong>Comment utiliser:<\/strong><\/p>\n<ul>\n<li>Nettoyez votre peau et laissez votre peau s\u00e9cher. Ne pas appliquer d\u2019autres produits!<\/li>\n<li>Collez un patch sur un bouton et poursuivez votre routine de soins de la peau et de maquillage.<\/li>\n<li>Vous pouvez laisser un patch pendant 4-6 heures.<\/li>\n<\/ul>\n<p><strong>Ingr\u00e9dients:<\/strong><br \/>Film de polyur\u00e9thane, gomme de cellulose, copolym\u00e8re s\u00e9quenc\u00e9 styr\u00e8ne-isopr\u00e8ne-styr\u00e8ne, polyisobutyl\u00e8ne, r\u00e9sine de p\u00e9trole, huile de paraffine, m\u00e9thane de t\u00e9trakis<\/p>\n","protected":false},"excerpt":{"rendered":"<p>Description COSRX Clear Fit Master Patch est un ensemble de pansements qui conviennent aux boutons et \u00e0 l\u2019acn\u00e9! Les patchs sont une couche protectrice pour prot\u00e9ger les boutons contre les bact\u00e9ries et les virus. Ils ass\u00e8chent les boutons et emp\u00eachent les boutons de grossir. Les patchs sont confortables et collent bien. Mais plus important encore, [&hellip;]<\/p>\n","protected":false},"featured_media":2212,"comment_status":"open","ping_status":"closed","template":"","meta":{"content-type":"","_uag_custom_page_level_css":""},"pwb-brand":[],"product_brand":[],"product_cat":[347,327,348,334],"product_tag":[],"class_list":{"0":"post-2855","1":"product","2":"type-product","3":"status-publish","4":"has-post-thumbnail","6":"product_cat-cosrx","7":"product_cat-hmizat","8":"product_cat-patchs","9":"product_cat-produits-coreens","11":"first","12":"instock","13":"sale","14":"shipping-taxable","15":"purchasable","16":"product-type-simple"},"aioseo_notices":[],"uagb_featured_image_src":{"full":["https:\/\/wavexia.com\/wp-content\/uploads\/2025\/10\/019000000065.webp",800,800,false],"thumbnail":["https:\/\/wavexia.com\/wp-content\/uploads\/2025\/10\/019000000065-150x150.webp",150,150,true],"medium":["https:\/\/wavexia.com\/wp-content\/uploads\/2025\/10\/019000000065-300x300.webp",300,300,true],"medium_large":["https:\/\/wavexia.com\/wp-content\/uploads\/2025\/10\/019000000065-768x768.webp",768,768,true],"large":["https:\/\/wavexia.com\/wp-content\/uploads\/2025\/10\/019000000065.webp",800,800,false],"1536x1536":["https:\/\/wavexia.com\/wp-content\/uploads\/2025\/10\/019000000065.webp",800,800,false],"2048x2048":["https:\/\/wavexia.com\/wp-content\/uploads\/2025\/10\/019000000065.webp",800,800,false],"woocommerce_archive_thumbnail":["https:\/\/wavexia.com\/wp-content\/uploads\/2025\/10\/019000000065-300x300.webp",300,300,true],"woocommerce_thumbnail":["https:\/\/wavexia.com\/wp-content\/uploads\/2025\/10\/019000000065-300x300.webp",300,300,true],"woocommerce_single":["https:\/\/wavexia.com\/wp-content\/uploads\/2025\/10\/019000000065-600x600.webp",600,600,true],"woocommerce_gallery_thumbnail":["https:\/\/wavexia.com\/wp-content\/uploads\/2025\/10\/019000000065-100x100.webp",100,100,true]},"uagb_author_info":{"display_name":"zineddine.ayoub98@gmail.com","author_link":"https:\/\/wavexia.com\/?author=0"},"uagb_comment_info":0,"uagb_excerpt":"Description COSRX Clear Fit Master Patch est un ensemble de pansements qui conviennent aux boutons et \u00e0 l\u2019acn\u00e9! Les patchs sont une couche protectrice pour prot\u00e9ger les boutons contre les bact\u00e9ries et les virus. Ils ass\u00e8chent les boutons et emp\u00eachent les boutons de grossir. Les patchs sont confortables et collent bien. Mais plus important encore,&hellip;","brands":[],"_links":{"self":[{"href":"https:\/\/wavexia.com\/index.php?rest_route=\/wp\/v2\/product\/2855","targetHints":{"allow":["GET"]}}],"collection":[{"href":"https:\/\/wavexia.com\/index.php?rest_route=\/wp\/v2\/product"}],"about":[{"href":"https:\/\/wavexia.com\/index.php?rest_route=\/wp\/v2\/types\/product"}],"replies":[{"embeddable":true,"href":"https:\/\/wavexia.com\/index.php?rest_route=%2Fwp%2Fv2%2Fcomments&post=2855"}],"wp:featuredmedia":[{"embeddable":true,"href":"https:\/\/wavexia.com\/index.php?rest_route=\/wp\/v2\/media\/2212"}],"wp:attachment":[{"href":"https:\/\/wavexia.com\/index.php?rest_route=%2Fwp%2Fv2%2Fmedia&parent=2855"}],"wp:term":[{"taxonomy":"pwb-brand","embeddable":true,"href":"https:\/\/wavexia.com\/index.php?rest_route=%2Fwp%2Fv2%2Fpwb-brand&post=2855"},{"taxonomy":"product_brand","embeddable":true,"href":"https:\/\/wavexia.com\/index.php?rest_route=%2Fwp%2Fv2%2Fproduct_brand&post=2855"},{"taxonomy":"product_cat","embeddable":true,"href":"https:\/\/wavexia.com\/index.php?rest_route=%2Fwp%2Fv2%2Fproduct_cat&post=2855"},{"taxonomy":"product_tag","embeddable":true,"href":"https:\/\/wavexia.com\/index.php?rest_route=%2Fwp%2Fv2%2Fproduct_tag&post=2855"}],"curies":[{"name":"wp","href":"https:\/\/api.w.org\/{rel}","templated":true}]}}