{"id":2854,"date":"2025-10-18T22:09:04","date_gmt":"2025-10-18T22:09:04","guid":{"rendered":"https:\/\/wavexia.com\/product\/numbuzin-no-9-nad-bio-lifting-sil-essence-50ml\/"},"modified":"2026-03-10T07:30:48","modified_gmt":"2026-03-10T07:30:48","slug":"numbuzin-no-9-nad-bio-lifting-sil-essence-50ml","status":"publish","type":"product","link":"https:\/\/wavexia.com\/?product=numbuzin-no-9-nad-bio-lifting-sil-essence-50ml","title":{"rendered":"numbuzin No.9 NAD Bio Lifting-sil Essence 50ML"},"content":{"rendered":"<h2>Description<\/h2>\n<p>Numbuzin No. 9 NAD Bio Lifting-sil Essence avec 50 peptides et antioxydants combat les ridules, revitalise la peau et favorise le renouvellement cutan\u00e9.<\/p>\n<ul>\n<li>Le NAD+ favorise la r\u00e9paration et le renouvellement des cellules de la peau pour aider \u00e0 cr\u00e9er un teint lisse et ferme.<\/li>\n<li>Lisse les ridules et restaure l\u2019\u00e9lasticit\u00e9 de la peau gr\u00e2ce \u00e0 une gamme de 50 peptides.<\/li>\n<li>L\u2019EGF, avec de puissants antioxydants, notamment l\u2019ubiquinone, la vitamine C, la vitamine E et le glutathion, prot\u00e8ge la peau des agressions environnementales et soutient une barri\u00e8re cutan\u00e9e saine.<\/li>\n<li>Sans cruaut\u00e9 et formul\u00e9 sans parfum artificiel, sans alcool dess\u00e9chant et sans huiles essentielles<\/li>\n<\/ul>\n<p>Gr\u00e2ce \u00e0 sa texture unique et filandreuse, cette essence visage p\u00e9n\u00e8tre rapidement dans la peau, la laissant \u00e9clatante de jeunesse et hydrat\u00e9e. Convient \u00e0 tous les types de peau.<\/p>\n<p><strong>Mode d\u2019emploi :&nbsp;<\/strong><\/p>\n<p>Utilisez cette essence apr\u00e8s avoir nettoy\u00e9 et tonifi\u00e9 votre peau. Appliquez une quantit\u00e9 ad\u00e9quate sur l\u2019ensemble du visage et tapotez d\u00e9licatement pour favoriser l\u2019absorption.<\/p>\n<p><strong>Ingr\u00e9dients:&nbsp;<\/strong><\/p>\n<p>Eau, glyc\u00e9rine, poly(ol\u00e9fine C6-14) hydrog\u00e9n\u00e9e, polyglyc\u00e9rine-3, butyl\u00e8ne glycol, t\u00e9tra\u00e9thylhexanoate de penta\u00e9rythrityle, propanediol, dim\u00e9thicone, 1,2-hexanediol, niacinamide, m\u00e9thylpropanediol, alcool c\u00e9t\u00e9arylique, st\u00e9arate de glyc\u00e9ryle, huile v\u00e9g\u00e9tale hydrog\u00e9n\u00e9e, dist\u00e9arate de polyglyc\u00e9ryl-3 m\u00e9thylglucose, beurre de Butyrospermum Parkii (karit\u00e9), polym\u00e8re crois\u00e9 de dim\u00e9thicone, copolym\u00e8re d\u2019acryloyldim\u00e9thyltaurate d\u2019ammonium\/VP, polyacrylate de sodium, l\u00e9cithine hydrog\u00e9n\u00e9e, carbom\u00e8re, gomme xanthane, pentyl\u00e8ne glycol, trom\u00e9thamine, \u00e9thylhexylglyc\u00e9rine, ad\u00e9nosine, acide palmitique, acide st\u00e9arique, phytate de sodium, cholest\u00e9rol, hyaluronate de sodium, ad\u00e9nosine triphosphate, hydroxypropyl Cyclodextrine, nicotinamide ad\u00e9nine dinucl\u00e9otide, b\u00eata-glucane, tocoph\u00e9rol, palmitoyl tripeptide-5, gluconate de cuivre, ferment de Saccharomyces\/cuivre, ferment de Saccharomyces\/fer, ferment de Saccharomyces\/magn\u00e9sium, ferment de Saccharomyces\/silicium, ferment de Saccharomyces\/zinc, capryloyl dipeptide-17, acide thioctique, filtrat de ferment de Leuconostoc\/racine de radis, glutathion, extrait de Tremella fuciformis (champignon), huile d\u2019Haematococcus pluvialis, hydroxyde de potassium, resv\u00e9ratrol, hesp\u00e9ridine m\u00e9thyl chalcone, laurate de sorbitan, st\u00e9areth-20, astaxanthine, lactate de sodium, hydroxy\u00e9thylcellulose, ac\u00e9tyl dipeptide-1 c\u00e9tyle ester, dipeptide diaminobutyroyl benzylamide diac\u00e9tate, heptasodium hexacarboxym\u00e9thyl Dipeptide-12, panth\u00e9nol, polysorbate 20, citrate de sodium, digluconate de chlorhexidine, dextrane, hexapeptide-2, chlorure de magn\u00e9sium, trifluoroac\u00e9tate d\u2019ur\u00e9e t\u00e9trad\u00e9cyl aminobutyroylvalylaminobutyrique, ac\u00e9tyl t\u00e9trapeptide-5, dipeptide-2, sorbate de potassium, ac\u00e9tyl hexapeptide-8, palmitoyl dipeptide-5, diaminobutyroyl hydroxythr\u00e9onine, acide citrique, biotine, palmitoyl t\u00e9trapeptide-7, biotinoyl tripeptide-1, ac\u00e9tyl t\u00e9trapeptide-3, extrait de fleur de tr\u00e8fle (Trifolium Pratense), ac\u00e9tate de tocoph\u00e9ryle, palmitoyl tripeptide-8, dipeptide-4, hexapeptide-11, pentapeptide-18, tripeptide-3, Sh-d\u00e9capeptide-7, Sh-octapeptide-4, palmitoyl tripeptide-1, polypeptide d\u2019acide ascorbique, Hexapeptide-9, Oligopeptide-3, Palmitoyl Hexapeptide-12, Tripeptide-1, Palmitoyl Pentapeptide-4, Ubiquinone, Cuivre Tripeptide-1, Caffeoyl Tripeptide-1, Caffeoyl Sh-Octapeptide-4, Galloyl Pentapeptide-33, Kojyl Carboxy Dipeptide-23, Nicotinoyl Tripeptide-1, Octapeptide-7, Oligopeptide-1, Sh-Decapeptide-9, Sh-Oligopeptide-9, Sh-Pentapeptide-19, Asparagine, Glutamine, Tryptophane, Oligopeptide-2, Sh-Oligopeptide-1, Sh-Oligopeptide-2, Sh-Polypeptide-1, Sh-Polypeptide-22, Sh-Polypeptide-3, Ac\u00e9tyl Octapeptide-3, Ac\u00e9tyl T\u00e9trapeptide-2, Ac\u00e9tyl T\u00e9trapeptide-9, Carnosine, Nonapeptide-1<\/p>\n<p><strong>Prudence<\/strong><\/p>\n<ul>\n<li>Pour usage externe uniquement<\/li>\n<li>\u00c9viter le contact direct avec les yeux.<\/li>\n<li>Arr\u00eater l\u2019utilisation en cas d\u2019\u00e9ruption cutan\u00e9e ou d\u2019irritation persistante. Consulter un m\u00e9decin si n\u00e9cessaire.<\/li>\n<li>Ne pas utiliser sur une peau ab\u00eem\u00e9e ou ab\u00eem\u00e9e<\/li>\n<li>Tenir hors de port\u00e9e des enfants<\/li>\n<li>Prot\u00e9ger le produit de la chaleur et du soleil direct<\/li>\n<\/ul>\n","protected":false},"excerpt":{"rendered":"<p>Description Numbuzin No. 9 NAD Bio Lifting-sil Essence avec 50 peptides et antioxydants combat les ridules, revitalise la peau et favorise le renouvellement cutan\u00e9. Le NAD+ favorise la r\u00e9paration et le renouvellement des cellules de la peau pour aider \u00e0 cr\u00e9er un teint lisse et ferme. Lisse les ridules et restaure l\u2019\u00e9lasticit\u00e9 de la peau [&hellip;]<\/p>\n","protected":false},"featured_media":2495,"comment_status":"open","ping_status":"closed","template":"","meta":{"content-type":"","_uag_custom_page_level_css":""},"pwb-brand":[],"product_brand":[],"product_cat":[328,346,334,338],"product_tag":[],"class_list":{"0":"post-2854","1":"product","2":"type-product","3":"status-publish","4":"has-post-thumbnail","6":"product_cat-nouveautes","7":"product_cat-numbuzin","8":"product_cat-produits-coreens","9":"product_cat-serum-ampoule","11":"first","12":"instock","13":"sale","14":"shipping-taxable","15":"purchasable","16":"product-type-simple"},"aioseo_notices":[],"uagb_featured_image_src":{"full":["https:\/\/wavexia.com\/wp-content\/uploads\/2025\/10\/61CgC89HRcL._AC_UF8941000_QL80_.jpg",894,787,false],"thumbnail":["https:\/\/wavexia.com\/wp-content\/uploads\/2025\/10\/61CgC89HRcL._AC_UF8941000_QL80_-150x150.jpg",150,150,true],"medium":["https:\/\/wavexia.com\/wp-content\/uploads\/2025\/10\/61CgC89HRcL._AC_UF8941000_QL80_-300x264.jpg",300,264,true],"medium_large":["https:\/\/wavexia.com\/wp-content\/uploads\/2025\/10\/61CgC89HRcL._AC_UF8941000_QL80_-768x676.jpg",768,676,true],"large":["https:\/\/wavexia.com\/wp-content\/uploads\/2025\/10\/61CgC89HRcL._AC_UF8941000_QL80_.jpg",894,787,false],"1536x1536":["https:\/\/wavexia.com\/wp-content\/uploads\/2025\/10\/61CgC89HRcL._AC_UF8941000_QL80_.jpg",894,787,false],"2048x2048":["https:\/\/wavexia.com\/wp-content\/uploads\/2025\/10\/61CgC89HRcL._AC_UF8941000_QL80_.jpg",894,787,false],"woocommerce_archive_thumbnail":["https:\/\/wavexia.com\/wp-content\/uploads\/2025\/10\/61CgC89HRcL._AC_UF8941000_QL80_-300x264.jpg",300,264,true],"woocommerce_thumbnail":["https:\/\/wavexia.com\/wp-content\/uploads\/2025\/10\/61CgC89HRcL._AC_UF8941000_QL80_-300x300.jpg",300,300,true],"woocommerce_single":["https:\/\/wavexia.com\/wp-content\/uploads\/2025\/10\/61CgC89HRcL._AC_UF8941000_QL80_-600x528.jpg",600,528,true],"woocommerce_gallery_thumbnail":["https:\/\/wavexia.com\/wp-content\/uploads\/2025\/10\/61CgC89HRcL._AC_UF8941000_QL80_-100x100.jpg",100,100,true]},"uagb_author_info":{"display_name":"zineddine.ayoub98@gmail.com","author_link":"https:\/\/wavexia.com\/?author=0"},"uagb_comment_info":0,"uagb_excerpt":"Description Numbuzin No. 9 NAD Bio Lifting-sil Essence avec 50 peptides et antioxydants combat les ridules, revitalise la peau et favorise le renouvellement cutan\u00e9. Le NAD+ favorise la r\u00e9paration et le renouvellement des cellules de la peau pour aider \u00e0 cr\u00e9er un teint lisse et ferme. Lisse les ridules et restaure l\u2019\u00e9lasticit\u00e9 de la peau&hellip;","brands":[],"_links":{"self":[{"href":"https:\/\/wavexia.com\/index.php?rest_route=\/wp\/v2\/product\/2854","targetHints":{"allow":["GET"]}}],"collection":[{"href":"https:\/\/wavexia.com\/index.php?rest_route=\/wp\/v2\/product"}],"about":[{"href":"https:\/\/wavexia.com\/index.php?rest_route=\/wp\/v2\/types\/product"}],"replies":[{"embeddable":true,"href":"https:\/\/wavexia.com\/index.php?rest_route=%2Fwp%2Fv2%2Fcomments&post=2854"}],"wp:featuredmedia":[{"embeddable":true,"href":"https:\/\/wavexia.com\/index.php?rest_route=\/wp\/v2\/media\/2495"}],"wp:attachment":[{"href":"https:\/\/wavexia.com\/index.php?rest_route=%2Fwp%2Fv2%2Fmedia&parent=2854"}],"wp:term":[{"taxonomy":"pwb-brand","embeddable":true,"href":"https:\/\/wavexia.com\/index.php?rest_route=%2Fwp%2Fv2%2Fpwb-brand&post=2854"},{"taxonomy":"product_brand","embeddable":true,"href":"https:\/\/wavexia.com\/index.php?rest_route=%2Fwp%2Fv2%2Fproduct_brand&post=2854"},{"taxonomy":"product_cat","embeddable":true,"href":"https:\/\/wavexia.com\/index.php?rest_route=%2Fwp%2Fv2%2Fproduct_cat&post=2854"},{"taxonomy":"product_tag","embeddable":true,"href":"https:\/\/wavexia.com\/index.php?rest_route=%2Fwp%2Fv2%2Fproduct_tag&post=2854"}],"curies":[{"name":"wp","href":"https:\/\/api.w.org\/{rel}","templated":true}]}}