{"id":2852,"date":"2025-10-18T22:09:04","date_gmt":"2025-10-18T22:09:04","guid":{"rendered":"https:\/\/wavexia.com\/product\/anua-rice-70-ceramide-glow-collagen-mask\/"},"modified":"2026-03-10T07:30:48","modified_gmt":"2026-03-10T07:30:48","slug":"anua-rice-70-ceramide-glow-collagen-mask","status":"publish","type":"product","link":"https:\/\/wavexia.com\/?product=anua-rice-70-ceramide-glow-collagen-mask","title":{"rendered":"ANUA \u2013 Rice 70 + Ceramide Glow Collagen Mask"},"content":{"rendered":"<h2>Description<\/h2>\n<ul class=\"a-unordered-list a-vertical a-spacing-mini\">\n<li class=\"a-spacing-mini\"><span class=\"a-list-item\">[MASQUE \u00c0 CHANGEMENT DE COULEUR] Infus\u00e9 d\u2019eau de riz et de collag\u00e8ne \u00e0 faible teneur mol\u00e9culaire (300Da), ce masque hydratant \u00e0 l\u2019hydrogel offre une hydratation en profondeur et un \u00e9clat radieux. Fondant \u00e0 la temp\u00e9rature de la peau, il aide la peau \u00e0 se sentir plus lisse et plus ferme, et \u00e0 obtenir un fini lumineux semblable \u00e0 du verre, se transformant en un masque de transfert transparent.<\/span><\/li>\n<li class=\"a-spacing-mini\"><span class=\"a-list-item\">[Fermet\u00e9 \u00e9clatante et rebondissante] Le complexe Rice Water+, les c\u00e9ramides et le collag\u00e8ne d\u2019Anua aident \u00e0 am\u00e9liorer la clart\u00e9 et l\u2019\u00e9quilibre de la peau. Le panth\u00e9nol aide \u00e0 maintenir la barri\u00e8re d\u2019hydratation de la peau.<\/span><\/li>\n<li class=\"a-spacing-mini\"><span class=\"a-list-item\">[SOIN ACTIF AU COLLAG\u00c8NE] Avec 300Da de collag\u00e8ne \u00e0 faible poids mol\u00e9culaire, cette formule de collag\u00e8ne hautement hydratante est rapidement absorb\u00e9e pour offrir un \u00e9clat subtil et r\u00e9duire la s\u00e9cheresse.<\/span><\/li>\n<li class=\"a-spacing-mini\"><span class=\"a-list-item\">[FEUILLE MINCE D\u2019HYDROGEL] Le masque en tissu ultra-mince mince de 1 mm offre un ajustement l\u00e9ger et confortable pour une utilisation prolong\u00e9e ou nocturne, offrant une hydratation en profondeur tout en \u00e9tant doux pour la peau.<\/span><\/li>\n<li class=\"a-spacing-mini\"><span class=\"a-list-item\">[CONSEILS PRO] Utilisez le masque apr\u00e8s le toner, le s\u00e9rum et la cr\u00e8me pour une meilleure absorption. Laissez-le agir pendant au moins 3 heures ou toute la nuit pour une peau profond\u00e9ment hydrat\u00e9e, calme et revitalis\u00e9e le matin.<\/span><\/li>\n<\/ul>\n","protected":false},"excerpt":{"rendered":"<p>Description [MASQUE \u00c0 CHANGEMENT DE COULEUR] Infus\u00e9 d\u2019eau de riz et de collag\u00e8ne \u00e0 faible teneur mol\u00e9culaire (300Da), ce masque hydratant \u00e0 l\u2019hydrogel offre une hydratation en profondeur et un \u00e9clat radieux. Fondant \u00e0 la temp\u00e9rature de la peau, il aide la peau \u00e0 se sentir plus lisse et plus ferme, et \u00e0 obtenir un [&hellip;]<\/p>\n","protected":false},"featured_media":2484,"comment_status":"open","ping_status":"closed","template":"","meta":{"content-type":"","_uag_custom_page_level_css":""},"pwb-brand":[],"product_brand":[],"product_cat":[344,327,343,334],"product_tag":[],"class_list":{"0":"post-2852","1":"product","2":"type-product","3":"status-publish","4":"has-post-thumbnail","6":"product_cat-anua","7":"product_cat-hmizat","8":"product_cat-masque","9":"product_cat-produits-coreens","11":"first","12":"instock","13":"sale","14":"shipping-taxable","15":"purchasable","16":"product-type-simple"},"aioseo_notices":[],"uagb_featured_image_src":{"full":["https:\/\/wavexia.com\/wp-content\/uploads\/2025\/10\/rn-image_picker_lib_temp_d43158ca-fdb2-4820-916f-bbf4b7a661cd.webp",1080,1080,false],"thumbnail":["https:\/\/wavexia.com\/wp-content\/uploads\/2025\/10\/rn-image_picker_lib_temp_d43158ca-fdb2-4820-916f-bbf4b7a661cd-150x150.webp",150,150,true],"medium":["https:\/\/wavexia.com\/wp-content\/uploads\/2025\/10\/rn-image_picker_lib_temp_d43158ca-fdb2-4820-916f-bbf4b7a661cd-300x300.webp",300,300,true],"medium_large":["https:\/\/wavexia.com\/wp-content\/uploads\/2025\/10\/rn-image_picker_lib_temp_d43158ca-fdb2-4820-916f-bbf4b7a661cd-768x768.webp",768,768,true],"large":["https:\/\/wavexia.com\/wp-content\/uploads\/2025\/10\/rn-image_picker_lib_temp_d43158ca-fdb2-4820-916f-bbf4b7a661cd-1024x1024.webp",1024,1024,true],"1536x1536":["https:\/\/wavexia.com\/wp-content\/uploads\/2025\/10\/rn-image_picker_lib_temp_d43158ca-fdb2-4820-916f-bbf4b7a661cd.webp",1080,1080,false],"2048x2048":["https:\/\/wavexia.com\/wp-content\/uploads\/2025\/10\/rn-image_picker_lib_temp_d43158ca-fdb2-4820-916f-bbf4b7a661cd.webp",1080,1080,false],"woocommerce_archive_thumbnail":["https:\/\/wavexia.com\/wp-content\/uploads\/2025\/10\/rn-image_picker_lib_temp_d43158ca-fdb2-4820-916f-bbf4b7a661cd-300x300.webp",300,300,true],"woocommerce_thumbnail":["https:\/\/wavexia.com\/wp-content\/uploads\/2025\/10\/rn-image_picker_lib_temp_d43158ca-fdb2-4820-916f-bbf4b7a661cd-300x300.webp",300,300,true],"woocommerce_single":["https:\/\/wavexia.com\/wp-content\/uploads\/2025\/10\/rn-image_picker_lib_temp_d43158ca-fdb2-4820-916f-bbf4b7a661cd-600x600.webp",600,600,true],"woocommerce_gallery_thumbnail":["https:\/\/wavexia.com\/wp-content\/uploads\/2025\/10\/rn-image_picker_lib_temp_d43158ca-fdb2-4820-916f-bbf4b7a661cd-100x100.webp",100,100,true]},"uagb_author_info":{"display_name":"zineddine.ayoub98@gmail.com","author_link":"https:\/\/wavexia.com\/?author=0"},"uagb_comment_info":0,"uagb_excerpt":"Description [MASQUE \u00c0 CHANGEMENT DE COULEUR] Infus\u00e9 d\u2019eau de riz et de collag\u00e8ne \u00e0 faible teneur mol\u00e9culaire (300Da), ce masque hydratant \u00e0 l\u2019hydrogel offre une hydratation en profondeur et un \u00e9clat radieux. Fondant \u00e0 la temp\u00e9rature de la peau, il aide la peau \u00e0 se sentir plus lisse et plus ferme, et \u00e0 obtenir un&hellip;","brands":[],"_links":{"self":[{"href":"https:\/\/wavexia.com\/index.php?rest_route=\/wp\/v2\/product\/2852","targetHints":{"allow":["GET"]}}],"collection":[{"href":"https:\/\/wavexia.com\/index.php?rest_route=\/wp\/v2\/product"}],"about":[{"href":"https:\/\/wavexia.com\/index.php?rest_route=\/wp\/v2\/types\/product"}],"replies":[{"embeddable":true,"href":"https:\/\/wavexia.com\/index.php?rest_route=%2Fwp%2Fv2%2Fcomments&post=2852"}],"wp:featuredmedia":[{"embeddable":true,"href":"https:\/\/wavexia.com\/index.php?rest_route=\/wp\/v2\/media\/2484"}],"wp:attachment":[{"href":"https:\/\/wavexia.com\/index.php?rest_route=%2Fwp%2Fv2%2Fmedia&parent=2852"}],"wp:term":[{"taxonomy":"pwb-brand","embeddable":true,"href":"https:\/\/wavexia.com\/index.php?rest_route=%2Fwp%2Fv2%2Fpwb-brand&post=2852"},{"taxonomy":"product_brand","embeddable":true,"href":"https:\/\/wavexia.com\/index.php?rest_route=%2Fwp%2Fv2%2Fproduct_brand&post=2852"},{"taxonomy":"product_cat","embeddable":true,"href":"https:\/\/wavexia.com\/index.php?rest_route=%2Fwp%2Fv2%2Fproduct_cat&post=2852"},{"taxonomy":"product_tag","embeddable":true,"href":"https:\/\/wavexia.com\/index.php?rest_route=%2Fwp%2Fv2%2Fproduct_tag&post=2852"}],"curies":[{"name":"wp","href":"https:\/\/api.w.org\/{rel}","templated":true}]}}