{"id":2851,"date":"2025-10-18T22:09:04","date_gmt":"2025-10-18T22:09:04","guid":{"rendered":"https:\/\/wavexia.com\/product\/biodance-bio-collagen-real-deep-mask-pack-de-4\/"},"modified":"2026-03-10T07:30:48","modified_gmt":"2026-03-10T07:30:48","slug":"biodance-bio-collagen-real-deep-mask-pack-de-4","status":"publish","type":"product","link":"https:\/\/wavexia.com\/?product=biodance-bio-collagen-real-deep-mask-pack-de-4","title":{"rendered":"Biodance Bio-Collagen Real Deep Mask PACK DE 4"},"content":{"rendered":"<h2>Description<\/h2>\n<p>Bio-Collagen Real Deep Mask de Biodance est formul\u00e9 \u00e0 base d\u2019extrait d\u2019enzyme galactomyce, de collag\u00e8ne, d\u2019acide oligo-hyaluronique et de probiotiques pour resserrer les pores, redonner de l\u2019\u00e9lasticit\u00e9 et fournir une hydratation imm\u00e9diate.<\/p>\n<p>Convient \u00e0 tous les types de peaux, m\u00eame les plus sensibles<\/p>\n<p><strong>Ingr\u00e9dients cl\u00e9s<\/strong><\/p>\n<ul>\n<li>Collag\u00e8ne de poids mol\u00e9culaire ultra-faible&nbsp;: P\u00e9n\u00e8tre profond\u00e9ment pour maximiser l\u2019absorption et la fermet\u00e9 de la peau.<\/li>\n<li>Filtrat de fermentation de Galactomyces (50,000 PPM)&nbsp;: Am\u00e9liore l\u2019hydratation, l\u2019\u00e9lasticit\u00e9 et l\u2019\u00e9clat de la peau.<\/li>\n<li>Acide oligo-hyaluronique (5%)&nbsp;: Offre une hydratation puissante et instantan\u00e9e.<\/li>\n<li>Complexe triple probiotique&nbsp;: \u00c9quilibre les bact\u00e9ries b\u00e9n\u00e9fiques et nocives, revitalisant la peau.<\/li>\n<\/ul>\n<p><strong>Utilisation<\/strong><\/p>\n<p>Apr\u00e8s votre routine de soins, appliquez le masque et laissez-le poser pendant 3 \u00e0 4 heures.<\/p>\n<p>Pour des r\u00e9sultats optimaux, utilisez-le comme masque de nuit.<\/p>\n<p>&nbsp;<\/p>\n","protected":false},"excerpt":{"rendered":"<p>Description Bio-Collagen Real Deep Mask de Biodance est formul\u00e9 \u00e0 base d\u2019extrait d\u2019enzyme galactomyce, de collag\u00e8ne, d\u2019acide oligo-hyaluronique et de probiotiques pour resserrer les pores, redonner de l\u2019\u00e9lasticit\u00e9 et fournir une hydratation imm\u00e9diate. Convient \u00e0 tous les types de peaux, m\u00eame les plus sensibles Ingr\u00e9dients cl\u00e9s Collag\u00e8ne de poids mol\u00e9culaire ultra-faible&nbsp;: P\u00e9n\u00e8tre profond\u00e9ment pour maximiser [&hellip;]<\/p>\n","protected":false},"featured_media":2479,"comment_status":"open","ping_status":"closed","template":"","meta":{"content-type":"","_uag_custom_page_level_css":""},"pwb-brand":[],"product_brand":[],"product_cat":[342,343,334],"product_tag":[],"class_list":{"0":"post-2851","1":"product","2":"type-product","3":"status-publish","4":"has-post-thumbnail","6":"product_cat-biodance","7":"product_cat-masque","8":"product_cat-produits-coreens","10":"first","11":"instock","12":"sale","13":"shipping-taxable","14":"purchasable","15":"product-type-simple"},"aioseo_notices":[],"uagb_featured_image_src":{"full":["https:\/\/wavexia.com\/wp-content\/uploads\/2025\/10\/Sans_titre_1000_x_1000_px_841_x_1189_mm_2000_x_2500_px_1.webp",750,750,false],"thumbnail":["https:\/\/wavexia.com\/wp-content\/uploads\/2025\/10\/Sans_titre_1000_x_1000_px_841_x_1189_mm_2000_x_2500_px_1-150x150.webp",150,150,true],"medium":["https:\/\/wavexia.com\/wp-content\/uploads\/2025\/10\/Sans_titre_1000_x_1000_px_841_x_1189_mm_2000_x_2500_px_1-300x300.webp",300,300,true],"medium_large":["https:\/\/wavexia.com\/wp-content\/uploads\/2025\/10\/Sans_titre_1000_x_1000_px_841_x_1189_mm_2000_x_2500_px_1.webp",750,750,false],"large":["https:\/\/wavexia.com\/wp-content\/uploads\/2025\/10\/Sans_titre_1000_x_1000_px_841_x_1189_mm_2000_x_2500_px_1.webp",750,750,false],"1536x1536":["https:\/\/wavexia.com\/wp-content\/uploads\/2025\/10\/Sans_titre_1000_x_1000_px_841_x_1189_mm_2000_x_2500_px_1.webp",750,750,false],"2048x2048":["https:\/\/wavexia.com\/wp-content\/uploads\/2025\/10\/Sans_titre_1000_x_1000_px_841_x_1189_mm_2000_x_2500_px_1.webp",750,750,false],"woocommerce_archive_thumbnail":["https:\/\/wavexia.com\/wp-content\/uploads\/2025\/10\/Sans_titre_1000_x_1000_px_841_x_1189_mm_2000_x_2500_px_1-300x300.webp",300,300,true],"woocommerce_thumbnail":["https:\/\/wavexia.com\/wp-content\/uploads\/2025\/10\/Sans_titre_1000_x_1000_px_841_x_1189_mm_2000_x_2500_px_1-300x300.webp",300,300,true],"woocommerce_single":["https:\/\/wavexia.com\/wp-content\/uploads\/2025\/10\/Sans_titre_1000_x_1000_px_841_x_1189_mm_2000_x_2500_px_1-600x600.webp",600,600,true],"woocommerce_gallery_thumbnail":["https:\/\/wavexia.com\/wp-content\/uploads\/2025\/10\/Sans_titre_1000_x_1000_px_841_x_1189_mm_2000_x_2500_px_1-100x100.webp",100,100,true]},"uagb_author_info":{"display_name":"zineddine.ayoub98@gmail.com","author_link":"https:\/\/wavexia.com\/?author=0"},"uagb_comment_info":0,"uagb_excerpt":"Description Bio-Collagen Real Deep Mask de Biodance est formul\u00e9 \u00e0 base d\u2019extrait d\u2019enzyme galactomyce, de collag\u00e8ne, d\u2019acide oligo-hyaluronique et de probiotiques pour resserrer les pores, redonner de l\u2019\u00e9lasticit\u00e9 et fournir une hydratation imm\u00e9diate. Convient \u00e0 tous les types de peaux, m\u00eame les plus sensibles Ingr\u00e9dients cl\u00e9s Collag\u00e8ne de poids mol\u00e9culaire ultra-faible&nbsp;: P\u00e9n\u00e8tre profond\u00e9ment pour maximiser&hellip;","brands":[],"_links":{"self":[{"href":"https:\/\/wavexia.com\/index.php?rest_route=\/wp\/v2\/product\/2851","targetHints":{"allow":["GET"]}}],"collection":[{"href":"https:\/\/wavexia.com\/index.php?rest_route=\/wp\/v2\/product"}],"about":[{"href":"https:\/\/wavexia.com\/index.php?rest_route=\/wp\/v2\/types\/product"}],"replies":[{"embeddable":true,"href":"https:\/\/wavexia.com\/index.php?rest_route=%2Fwp%2Fv2%2Fcomments&post=2851"}],"wp:featuredmedia":[{"embeddable":true,"href":"https:\/\/wavexia.com\/index.php?rest_route=\/wp\/v2\/media\/2479"}],"wp:attachment":[{"href":"https:\/\/wavexia.com\/index.php?rest_route=%2Fwp%2Fv2%2Fmedia&parent=2851"}],"wp:term":[{"taxonomy":"pwb-brand","embeddable":true,"href":"https:\/\/wavexia.com\/index.php?rest_route=%2Fwp%2Fv2%2Fpwb-brand&post=2851"},{"taxonomy":"product_brand","embeddable":true,"href":"https:\/\/wavexia.com\/index.php?rest_route=%2Fwp%2Fv2%2Fproduct_brand&post=2851"},{"taxonomy":"product_cat","embeddable":true,"href":"https:\/\/wavexia.com\/index.php?rest_route=%2Fwp%2Fv2%2Fproduct_cat&post=2851"},{"taxonomy":"product_tag","embeddable":true,"href":"https:\/\/wavexia.com\/index.php?rest_route=%2Fwp%2Fv2%2Fproduct_tag&post=2851"}],"curies":[{"name":"wp","href":"https:\/\/api.w.org\/{rel}","templated":true}]}}