{"id":2850,"date":"2025-10-18T22:09:04","date_gmt":"2025-10-18T22:09:04","guid":{"rendered":"https:\/\/wavexia.com\/product\/round-lab-birch-juice-moisturizing-sun-cream-spf50-50ml\/"},"modified":"2026-03-10T07:30:48","modified_gmt":"2026-03-10T07:30:48","slug":"round-lab-birch-juice-moisturizing-sun-cream-spf50-50ml","status":"publish","type":"product","link":"https:\/\/wavexia.com\/?product=round-lab-birch-juice-moisturizing-sun-cream-spf50-50ml","title":{"rendered":"ROUND LAB Birch Juice Moisturizing Sun Cream SPF50+ 50ml"},"content":{"rendered":"<h2>Description<\/h2>\n<p>La Round Lab Birch Juice Moisturizing Sun Cream SPF50+ est \u00e0 la fois un hydratant et un \u00e9cran solaire. La cr\u00e8me solaire prot\u00e8ge votre peau contre les rayons UVA et UVB et contient \u00e9galement de l\u2019acide hyaluronique.<\/p>\n<p>Cette Cr\u00e8me Solaire Hydratante est enrichie en s\u00e8ve de bouleau, vitamine E et niacinamide. La combinaison de ces meilleurs ingr\u00e9dients est bonne pour purifier et hydrater votre peau. Ce qu\u2019il fait \u00e9galement, c\u2019est r\u00e9duire votre inflammation et prot\u00e9ger votre peau du dess\u00e8chement.<\/p>\n<p>La cr\u00e8me solaire ne laisse pas de pl\u00e2tre blanc et s\u2019absorbe rapidement.<\/p>\n<p>Alors que des avantages !<\/p>\n<p><strong>Ce feu de zone&nbsp;:<\/strong><\/p>\n<ul>\n<li>facteur 50+<\/li>\n<li>cr\u00e8me hydratante et cr\u00e8me solaire<\/li>\n<li>prot\u00e8ge votre peau des UVA et UVB<\/li>\n<li>contient de l\u2019acide hyaluronique<\/li>\n<li>contient de la s\u00e8ve de bouleau, de la vitamine E et de la niacinamide<\/li>\n<li>purifie et hydrate<\/li>\n<li>r\u00e9duit l\u2019inflammation<\/li>\n<li>prot\u00e8ge contre la d\u00e9shydratation<\/li>\n<li>ne laisse pas de pl\u00e2tre blanc<\/li>\n<li>sans cruaut\u00e9<\/li>\n<\/ul>\n<p><strong>Comment utiliser:<br \/><\/strong><\/p>\n<ul>\n<li>Agiter avant utilisation<\/li>\n<li>Appliquez la cr\u00e8me solaire 30 minutes avant de vous exposer au soleil.<\/li>\n<li>Appliquez une bonne couche sur votre peau le matin.<\/li>\n<li>Renouvelez l\u2019application toutes les 2 heures pour une protection continue.<\/li>\n<\/ul>\n<p><strong>Ingr\u00e9dients:<br \/><\/strong>Water, Dibutyl Adipate, Propanediol, Diethylamino Hydroxybenzoyl Hexyl Benzoate, Polymethylsilsesquioxane, Ethylhexyl Triazone, Niacinamide, Methylene Bis-benzotriazolyl Tetramethylbutylphenol, Coco-caprylate\/\u200bcaprate, Caprylyl Methicone, Diethylhexyl Butamido Triazone, Glycerin, 1,2-Hexanediol, Butylene Glycol, Betula Platyphylla Japonica Juice, Sodium Hyaluronate, Hydrolyzed Hyaluronic Acid, Glyceryl Glucoside, Dipotassium Glycyrrhizate, Allantoin, Portulaca Oleracea Extract, Artemisia Annua Extract, Pinus Sylvestris Leaf Extract, Chamomilla Recutita Flower Oil, Acrylates\/\u200bc10-30 Alkyl Acrylate Crosspolymer, Sodium Stearoyl Glutamate, Polyacrylate Crosspolymer-6, Ethylhexylglycerin, Ascorbic Acid, Adenosine, Pentylene Glycol, Behenyl Alcohol, Poly C10-30 Alkyl Acrylate, Polyglyceryl-3 Methylglucose Distearate, Decyl Glucoside, Tromethamine, Xanthan Gum, T-butyl Alcohol, Tocopherol, Carbomer.<\/p>\n<p><strong>Contenu :<\/strong>&nbsp;50 ml.<\/p>\n","protected":false},"excerpt":{"rendered":"<p>Description La Round Lab Birch Juice Moisturizing Sun Cream SPF50+ est \u00e0 la fois un hydratant et un \u00e9cran solaire. La cr\u00e8me solaire prot\u00e8ge votre peau contre les rayons UVA et UVB et contient \u00e9galement de l\u2019acide hyaluronique. Cette Cr\u00e8me Solaire Hydratante est enrichie en s\u00e8ve de bouleau, vitamine E et niacinamide. La combinaison de [&hellip;]<\/p>\n","protected":false},"featured_media":2475,"comment_status":"open","ping_status":"closed","template":"","meta":{"content-type":"","_uag_custom_page_level_css":""},"pwb-brand":[],"product_brand":[],"product_cat":[327,339,334,340,341],"product_tag":[],"class_list":{"0":"post-2850","1":"product","2":"type-product","3":"status-publish","4":"has-post-thumbnail","6":"product_cat-hmizat","7":"product_cat-meilleures-ventes","8":"product_cat-produits-coreens","9":"product_cat-protection-solaire","10":"product_cat-round-lab","12":"first","13":"instock","14":"sale","15":"shipping-taxable","16":"purchasable","17":"product-type-simple"},"aioseo_notices":[],"uagb_featured_image_src":{"full":["https:\/\/wavexia.com\/wp-content\/uploads\/2025\/10\/Product-page-sizes-EU-1.webp",800,800,false],"thumbnail":["https:\/\/wavexia.com\/wp-content\/uploads\/2025\/10\/Product-page-sizes-EU-1-150x150.webp",150,150,true],"medium":["https:\/\/wavexia.com\/wp-content\/uploads\/2025\/10\/Product-page-sizes-EU-1-300x300.webp",300,300,true],"medium_large":["https:\/\/wavexia.com\/wp-content\/uploads\/2025\/10\/Product-page-sizes-EU-1-768x768.webp",768,768,true],"large":["https:\/\/wavexia.com\/wp-content\/uploads\/2025\/10\/Product-page-sizes-EU-1.webp",800,800,false],"1536x1536":["https:\/\/wavexia.com\/wp-content\/uploads\/2025\/10\/Product-page-sizes-EU-1.webp",800,800,false],"2048x2048":["https:\/\/wavexia.com\/wp-content\/uploads\/2025\/10\/Product-page-sizes-EU-1.webp",800,800,false],"woocommerce_archive_thumbnail":["https:\/\/wavexia.com\/wp-content\/uploads\/2025\/10\/Product-page-sizes-EU-1-300x300.webp",300,300,true],"woocommerce_thumbnail":["https:\/\/wavexia.com\/wp-content\/uploads\/2025\/10\/Product-page-sizes-EU-1-300x300.webp",300,300,true],"woocommerce_single":["https:\/\/wavexia.com\/wp-content\/uploads\/2025\/10\/Product-page-sizes-EU-1-600x600.webp",600,600,true],"woocommerce_gallery_thumbnail":["https:\/\/wavexia.com\/wp-content\/uploads\/2025\/10\/Product-page-sizes-EU-1-100x100.webp",100,100,true]},"uagb_author_info":{"display_name":"zineddine.ayoub98@gmail.com","author_link":"https:\/\/wavexia.com\/?author=0"},"uagb_comment_info":0,"uagb_excerpt":"Description La Round Lab Birch Juice Moisturizing Sun Cream SPF50+ est \u00e0 la fois un hydratant et un \u00e9cran solaire. La cr\u00e8me solaire prot\u00e8ge votre peau contre les rayons UVA et UVB et contient \u00e9galement de l\u2019acide hyaluronique. Cette Cr\u00e8me Solaire Hydratante est enrichie en s\u00e8ve de bouleau, vitamine E et niacinamide. La combinaison de&hellip;","brands":[],"_links":{"self":[{"href":"https:\/\/wavexia.com\/index.php?rest_route=\/wp\/v2\/product\/2850","targetHints":{"allow":["GET"]}}],"collection":[{"href":"https:\/\/wavexia.com\/index.php?rest_route=\/wp\/v2\/product"}],"about":[{"href":"https:\/\/wavexia.com\/index.php?rest_route=\/wp\/v2\/types\/product"}],"replies":[{"embeddable":true,"href":"https:\/\/wavexia.com\/index.php?rest_route=%2Fwp%2Fv2%2Fcomments&post=2850"}],"wp:featuredmedia":[{"embeddable":true,"href":"https:\/\/wavexia.com\/index.php?rest_route=\/wp\/v2\/media\/2475"}],"wp:attachment":[{"href":"https:\/\/wavexia.com\/index.php?rest_route=%2Fwp%2Fv2%2Fmedia&parent=2850"}],"wp:term":[{"taxonomy":"pwb-brand","embeddable":true,"href":"https:\/\/wavexia.com\/index.php?rest_route=%2Fwp%2Fv2%2Fpwb-brand&post=2850"},{"taxonomy":"product_brand","embeddable":true,"href":"https:\/\/wavexia.com\/index.php?rest_route=%2Fwp%2Fv2%2Fproduct_brand&post=2850"},{"taxonomy":"product_cat","embeddable":true,"href":"https:\/\/wavexia.com\/index.php?rest_route=%2Fwp%2Fv2%2Fproduct_cat&post=2850"},{"taxonomy":"product_tag","embeddable":true,"href":"https:\/\/wavexia.com\/index.php?rest_route=%2Fwp%2Fv2%2Fproduct_tag&post=2850"}],"curies":[{"name":"wp","href":"https:\/\/api.w.org\/{rel}","templated":true}]}}