{"id":2849,"date":"2025-10-18T22:09:04","date_gmt":"2025-10-18T22:09:04","guid":{"rendered":"https:\/\/wavexia.com\/product\/eqqualberry-nad-peptide-boosting-serum-30ml\/"},"modified":"2026-03-10T07:30:48","modified_gmt":"2026-03-10T07:30:48","slug":"eqqualberry-nad-peptide-boosting-serum-30ml","status":"publish","type":"product","link":"https:\/\/wavexia.com\/?product=eqqualberry-nad-peptide-boosting-serum-30ml","title":{"rendered":"Eqqualberry NAD+ Peptide Boosting Serum 30ml"},"content":{"rendered":"<h2>Description<\/h2>\n<h5 class=\"a-size-base-plus a-text-bold\"><\/h5>\n<ul class=\"a-unordered-list a-vertical a-spacing-mini\">\n<li class=\"a-spacing-mini\"><span class=\"a-list-item\">\u00c9nergie cellulaire et boost de collag\u00e8ne : Un d\u00e9licieux m\u00e9lange de NAD+ et de peptides aide \u00e0 dynamiser la peau au niveau cellulaire tout en signalant la production de collag\u00e8ne. Soutient une peau plus ferme, plus lisse et plus r\u00e9sistante \u00e0 chaque goutte<\/span><\/li>\n<li class=\"a-spacing-mini\"><span class=\"a-list-item\">M\u00e9lange de beaut\u00e9 anti-\u00e2ge : Reconstitue les niveaux de NAD+ pour contrer le d\u00e9clin cutan\u00e9 li\u00e9 au vieillissement. Il aide \u00e0 bloquer la formation des rides, \u00e0 restaurer la vitalit\u00e9 de la peau et \u00e0 maintenir l\u2019\u00e9lasticit\u00e9 \u00e0 long terme et le rebond de la jeunesse.<\/span><\/li>\n<li class=\"a-spacing-mini\"><span class=\"a-list-item\">Soin d\u2019hydratation et de radiation&nbsp;: Infus\u00e9 d\u2019extrait de grenade riche en antioxydants pour combattre les radicaux libres, prot\u00e9ger contre le teint terne et encourager le renouvellement du collag\u00e8ne. Laisse la peau fra\u00eeche, \u00e9clatante et pr\u00eate pour les smoothies avec un teint \u00e9clatant et uniforme.<\/span><\/li>\n<li class=\"a-spacing-mini\"><span class=\"a-list-item\">R\u00c9SISTANCE DE LA BARRI\u00c8RE CUTAN\u00c9E AUX C\u00c9RAMIDES : Cinq c\u00e9ramides essentiels (NP, AP, AS, NG, EOP) ainsi que du collag\u00e8ne v\u00e9g\u00e9talien hydratent en profondeur, restaurent le bouclier d\u2019hydratation de la peau et la d\u00e9fendent contre la s\u00e9cheresse et les facteurs de stress environnementaux.<\/span><\/li>\n<li class=\"a-spacing-mini\"><span class=\"a-list-item\">Finition l\u00e9g\u00e8re et antiadh\u00e9sive : la texture rafra\u00eechissante et \u00e0 absorption rapide p\u00e9n\u00e8tre dans la peau sans laisser de r\u00e9sidus. Id\u00e9al pour une utilisation quotidienne sur le visage, le cou et le d\u00e9collet\u00e9 pour un fini moelleux, \u00e9clatant et brillant.<\/span><\/li>\n<\/ul>\n<h5>Mode d\u2019emploi : Chaque matin et soir, apr\u00e8s vous \u00eatre lav\u00e9 le visage, pr\u00e9levez une quantit\u00e9 appropri\u00e9e de toner \u00e0 l\u2019\u00e9tape suivante, \u00e9talez-le uniform\u00e9ment et tapotez-le pour l\u2019absorber.<\/h5>\n<div class=\"prdtab_title up\"><strong>INGR\u00c9DIENTS<\/strong><\/p>\n<div class=\"prdtab_cont\">Eau purifi\u00e9e, butyl\u00e8ne glycol, glyc\u00e9rine, c\u00e9tyl\u00e9thylhexanoate, 1, 2-hexanediol, niacinamide, l\u00e9cithine hydrog\u00e9n\u00e9tique, t\u00e9trab\u00e9h\u00e9nate de penta\u00e9rythrityle, b\u00e9ta\u00efne, succinate de di\u00e9t\u00e9oxy\u00e9thyle, nicotinamide ad\u00e9nine dinucl\u00e9otide, nicotinamide mononucl\u00e9otide, tripeptide-1, ac\u00e9tylhexapeptide-8, pentapeptide palmitoyle-4, palmitoyl tripeptide-1, tripeptide-1, hexapeptide-9, nonapeptide-1, oligopeptide-32, oligopeptide-29, acapitide-1 c\u00e9tyl t\u00e9trapeptide-2, ac\u00e9tylt\u00e9trapeptide-3, ac\u00e9tyloctapeptide-3, palmitoylt\u00e9trapeptide-7, oligopeptide-6, collag\u00e8ne soluble, c\u00e9ramide NP, c\u00e9ramide NS, c\u00e9ramide AS, c\u00e9ramide AP, c\u00e9ramide IOP, hyaluronate de sodium, acide hyaluronique hydrolys\u00e9, acide hyaluronique,hyaluronate d\u2019hydroxypropyle trimonium, hyaluronate de potassium, Hyaluronate de sodium polym\u00e8re crois\u00e9, hyaluronate ac\u00e9tyl\u00e9 de sodium, hydroxy\u00e9thylur\u00e9e, panth\u00e9nol, alcool c\u00e9t\u00e9arylique, squalane, carbom\u00e8re, beurre de karit\u00e9, trom\u00e9thamine, gomme xanthane, allanto\u00efne, \u00e9thylhexylglyc\u00e9rine, ad\u00e9nosine, EDTA disodique, cyanocobalamine, 2,3-butandiol, dipropyl\u00e8ne glycol, caprylyl glycol, extrait de fraise des bois, extrait de canneberge, extrait de myrtille peu sucr\u00e9, extrait de framboise, extrait de fruit de sureau, extrait de grenade, polyglyc\u00e9ryl-10 laurate, octyldod\u00e9canol, polyglyc\u00e9ryl-4 caprate, st\u00e9arate de glyc\u00e9ryle, m\u00e9thylpropanediol, cholest\u00e9rol, pentyl\u00e8ne glycol, astaxanthine<\/div>\n<\/div>\n","protected":false},"excerpt":{"rendered":"<p>Description \u00c9nergie cellulaire et boost de collag\u00e8ne : Un d\u00e9licieux m\u00e9lange de NAD+ et de peptides aide \u00e0 dynamiser la peau au niveau cellulaire tout en signalant la production de collag\u00e8ne. Soutient une peau plus ferme, plus lisse et plus r\u00e9sistante \u00e0 chaque goutte M\u00e9lange de beaut\u00e9 anti-\u00e2ge : Reconstitue les niveaux de NAD+ pour [&hellip;]<\/p>\n","protected":false},"featured_media":2469,"comment_status":"open","ping_status":"closed","template":"","meta":{"content-type":"","_uag_custom_page_level_css":""},"pwb-brand":[],"product_brand":[],"product_cat":[337,328,334,338],"product_tag":[],"class_list":{"0":"post-2849","1":"product","2":"type-product","3":"status-publish","4":"has-post-thumbnail","6":"product_cat-eqqualberry","7":"product_cat-nouveautes","8":"product_cat-produits-coreens","9":"product_cat-serum-ampoule","11":"first","12":"instock","13":"sale","14":"shipping-taxable","15":"purchasable","16":"product-type-simple"},"aioseo_notices":[],"uagb_featured_image_src":{"full":["https:\/\/wavexia.com\/wp-content\/uploads\/2025\/10\/1001055382.webp",800,800,false],"thumbnail":["https:\/\/wavexia.com\/wp-content\/uploads\/2025\/10\/1001055382-150x150.webp",150,150,true],"medium":["https:\/\/wavexia.com\/wp-content\/uploads\/2025\/10\/1001055382-300x300.webp",300,300,true],"medium_large":["https:\/\/wavexia.com\/wp-content\/uploads\/2025\/10\/1001055382-768x768.webp",768,768,true],"large":["https:\/\/wavexia.com\/wp-content\/uploads\/2025\/10\/1001055382.webp",800,800,false],"1536x1536":["https:\/\/wavexia.com\/wp-content\/uploads\/2025\/10\/1001055382.webp",800,800,false],"2048x2048":["https:\/\/wavexia.com\/wp-content\/uploads\/2025\/10\/1001055382.webp",800,800,false],"woocommerce_archive_thumbnail":["https:\/\/wavexia.com\/wp-content\/uploads\/2025\/10\/1001055382-300x300.webp",300,300,true],"woocommerce_thumbnail":["https:\/\/wavexia.com\/wp-content\/uploads\/2025\/10\/1001055382-300x300.webp",300,300,true],"woocommerce_single":["https:\/\/wavexia.com\/wp-content\/uploads\/2025\/10\/1001055382-600x600.webp",600,600,true],"woocommerce_gallery_thumbnail":["https:\/\/wavexia.com\/wp-content\/uploads\/2025\/10\/1001055382-100x100.webp",100,100,true]},"uagb_author_info":{"display_name":"zineddine.ayoub98@gmail.com","author_link":"https:\/\/wavexia.com\/?author=0"},"uagb_comment_info":0,"uagb_excerpt":"Description \u00c9nergie cellulaire et boost de collag\u00e8ne : Un d\u00e9licieux m\u00e9lange de NAD+ et de peptides aide \u00e0 dynamiser la peau au niveau cellulaire tout en signalant la production de collag\u00e8ne. Soutient une peau plus ferme, plus lisse et plus r\u00e9sistante \u00e0 chaque goutte M\u00e9lange de beaut\u00e9 anti-\u00e2ge : Reconstitue les niveaux de NAD+ pour&hellip;","brands":[],"_links":{"self":[{"href":"https:\/\/wavexia.com\/index.php?rest_route=\/wp\/v2\/product\/2849","targetHints":{"allow":["GET"]}}],"collection":[{"href":"https:\/\/wavexia.com\/index.php?rest_route=\/wp\/v2\/product"}],"about":[{"href":"https:\/\/wavexia.com\/index.php?rest_route=\/wp\/v2\/types\/product"}],"replies":[{"embeddable":true,"href":"https:\/\/wavexia.com\/index.php?rest_route=%2Fwp%2Fv2%2Fcomments&post=2849"}],"wp:featuredmedia":[{"embeddable":true,"href":"https:\/\/wavexia.com\/index.php?rest_route=\/wp\/v2\/media\/2469"}],"wp:attachment":[{"href":"https:\/\/wavexia.com\/index.php?rest_route=%2Fwp%2Fv2%2Fmedia&parent=2849"}],"wp:term":[{"taxonomy":"pwb-brand","embeddable":true,"href":"https:\/\/wavexia.com\/index.php?rest_route=%2Fwp%2Fv2%2Fpwb-brand&post=2849"},{"taxonomy":"product_brand","embeddable":true,"href":"https:\/\/wavexia.com\/index.php?rest_route=%2Fwp%2Fv2%2Fproduct_brand&post=2849"},{"taxonomy":"product_cat","embeddable":true,"href":"https:\/\/wavexia.com\/index.php?rest_route=%2Fwp%2Fv2%2Fproduct_cat&post=2849"},{"taxonomy":"product_tag","embeddable":true,"href":"https:\/\/wavexia.com\/index.php?rest_route=%2Fwp%2Fv2%2Fproduct_tag&post=2849"}],"curies":[{"name":"wp","href":"https:\/\/api.w.org\/{rel}","templated":true}]}}