{"id":2848,"date":"2025-10-18T22:09:04","date_gmt":"2025-10-18T22:09:04","guid":{"rendered":"https:\/\/wavexia.com\/product\/mixsoon-centella-cleansing-foam-150ml\/"},"modified":"2026-03-10T07:30:48","modified_gmt":"2026-03-10T07:30:48","slug":"mixsoon-centella-cleansing-foam-150ml","status":"publish","type":"product","link":"https:\/\/wavexia.com\/?product=mixsoon-centella-cleansing-foam-150ml","title":{"rendered":"MIXSOON Centella Cleansing Foam 150ml"},"content":{"rendered":"<h2>Description<\/h2>\n<p>D\u00e9couvre le soin tout en douceur de la Centella Cleansing Foam MIXSOON, un nettoyant doux mais efficace qui apaise et nourrit ta peau sans la priver de son hydratation naturelle. Infus\u00e9e avec 32,8 % d\u2019extrait de Centella Asiatica\u2026<\/p>\n<p>D\u00e9couvre le soin tout en douceur de la Centella Cleansing Foam MIXSOON, un nettoyant doux mais efficace qui apaise et nourrit ta peau sans la priver de son hydratation naturelle. Infus\u00e9e avec 32,8 % d\u2019extrait de Centella Asiatica et d\u2019Altermonas, cette mousse nettoyante hydrate et calme la peau, ce qui la rend id\u00e9ale pour tous les types de peaux. Sa formule l\u00e9g\u00e8rement acide, dont le pH est compris entre 3,0 et 5,0, pr\u00e9serve l\u2019\u00e9quilibre naturel de la peau tout en lui offrant un nettoyage rafra\u00eechissant.<\/p>\n<p><strong>Recommand\u00e9 pour :<\/strong>&nbsp;Peaux \u00e0 tendance acn\u00e9ique, tous types de peaux.<\/p>\n<p><strong>Conseils d\u2019utilisation :<\/strong><\/p>\n<ul>\n<li>Distribue une quantit\u00e9 suffisante de nettoyant sur tes mains mouill\u00e9es pour faire le faire mousser.<\/li>\n<li>Masse d\u00e9licatement ton visage en \u00e9vitant le contour des yeux et de la bouche.<\/li>\n<li>Rince soigneusement \u00e0 l\u2019eau ti\u00e8de.<\/li>\n<\/ul>\n<p><strong>Ingr\u00e9dients :<\/strong><\/p>\n<p>Eau, Sodium Cocoyl Isethionate, Glyc\u00e9rine, Phosphate d\u2019Amidon Hydroxypropyl, Sodium M\u00e9thyl Cocoyl Taurate, Propanediol, Potassium Cocoyl Glycinate, Copolym\u00e8re d\u2019Acrylates, Alcool C\u00e9t\u00e9arylique, Potassium Cocoate, Olivate de Sorbitan, Acide Salicylique, Distearate de Glycol, St\u00e9arate de Glyc\u00e9ryle, Acide Citrique, Caprylyl Glycol, Butyl\u00e8ne Glycol, 1,2-Hexanediol, Caprylate de Glyc\u00e9ryle, Extrait de Centella Asiatica, Disodium EDTA.<\/p>\n","protected":false},"excerpt":{"rendered":"<p>Description D\u00e9couvre le soin tout en douceur de la Centella Cleansing Foam MIXSOON, un nettoyant doux mais efficace qui apaise et nourrit ta peau sans la priver de son hydratation naturelle. Infus\u00e9e avec 32,8 % d\u2019extrait de Centella Asiatica\u2026 D\u00e9couvre le soin tout en douceur de la Centella Cleansing Foam MIXSOON, un nettoyant doux mais [&hellip;]<\/p>\n","protected":false},"featured_media":2465,"comment_status":"open","ping_status":"closed","template":"","meta":{"content-type":"","_uag_custom_page_level_css":""},"pwb-brand":[],"product_brand":[],"product_cat":[335,336,334],"product_tag":[],"class_list":{"0":"post-2848","1":"product","2":"type-product","3":"status-publish","4":"has-post-thumbnail","6":"product_cat-mixsoon","7":"product_cat-nettoyant","8":"product_cat-produits-coreens","10":"first","11":"instock","12":"sale","13":"shipping-taxable","14":"purchasable","15":"product-type-simple"},"aioseo_notices":[],"uagb_featured_image_src":{"full":["https:\/\/wavexia.com\/wp-content\/uploads\/2025\/10\/Product-page-sizes_4f57b46a-b5d1-4287-8d18-65c089404359.webp",800,800,false],"thumbnail":["https:\/\/wavexia.com\/wp-content\/uploads\/2025\/10\/Product-page-sizes_4f57b46a-b5d1-4287-8d18-65c089404359-150x150.webp",150,150,true],"medium":["https:\/\/wavexia.com\/wp-content\/uploads\/2025\/10\/Product-page-sizes_4f57b46a-b5d1-4287-8d18-65c089404359-300x300.webp",300,300,true],"medium_large":["https:\/\/wavexia.com\/wp-content\/uploads\/2025\/10\/Product-page-sizes_4f57b46a-b5d1-4287-8d18-65c089404359-768x768.webp",768,768,true],"large":["https:\/\/wavexia.com\/wp-content\/uploads\/2025\/10\/Product-page-sizes_4f57b46a-b5d1-4287-8d18-65c089404359.webp",800,800,false],"1536x1536":["https:\/\/wavexia.com\/wp-content\/uploads\/2025\/10\/Product-page-sizes_4f57b46a-b5d1-4287-8d18-65c089404359.webp",800,800,false],"2048x2048":["https:\/\/wavexia.com\/wp-content\/uploads\/2025\/10\/Product-page-sizes_4f57b46a-b5d1-4287-8d18-65c089404359.webp",800,800,false],"woocommerce_archive_thumbnail":["https:\/\/wavexia.com\/wp-content\/uploads\/2025\/10\/Product-page-sizes_4f57b46a-b5d1-4287-8d18-65c089404359-300x300.webp",300,300,true],"woocommerce_thumbnail":["https:\/\/wavexia.com\/wp-content\/uploads\/2025\/10\/Product-page-sizes_4f57b46a-b5d1-4287-8d18-65c089404359-300x300.webp",300,300,true],"woocommerce_single":["https:\/\/wavexia.com\/wp-content\/uploads\/2025\/10\/Product-page-sizes_4f57b46a-b5d1-4287-8d18-65c089404359-600x600.webp",600,600,true],"woocommerce_gallery_thumbnail":["https:\/\/wavexia.com\/wp-content\/uploads\/2025\/10\/Product-page-sizes_4f57b46a-b5d1-4287-8d18-65c089404359-100x100.webp",100,100,true]},"uagb_author_info":{"display_name":"zineddine.ayoub98@gmail.com","author_link":"https:\/\/wavexia.com\/?author=0"},"uagb_comment_info":0,"uagb_excerpt":"Description D\u00e9couvre le soin tout en douceur de la Centella Cleansing Foam MIXSOON, un nettoyant doux mais efficace qui apaise et nourrit ta peau sans la priver de son hydratation naturelle. Infus\u00e9e avec 32,8 % d\u2019extrait de Centella Asiatica\u2026 D\u00e9couvre le soin tout en douceur de la Centella Cleansing Foam MIXSOON, un nettoyant doux mais&hellip;","brands":[],"_links":{"self":[{"href":"https:\/\/wavexia.com\/index.php?rest_route=\/wp\/v2\/product\/2848","targetHints":{"allow":["GET"]}}],"collection":[{"href":"https:\/\/wavexia.com\/index.php?rest_route=\/wp\/v2\/product"}],"about":[{"href":"https:\/\/wavexia.com\/index.php?rest_route=\/wp\/v2\/types\/product"}],"replies":[{"embeddable":true,"href":"https:\/\/wavexia.com\/index.php?rest_route=%2Fwp%2Fv2%2Fcomments&post=2848"}],"wp:featuredmedia":[{"embeddable":true,"href":"https:\/\/wavexia.com\/index.php?rest_route=\/wp\/v2\/media\/2465"}],"wp:attachment":[{"href":"https:\/\/wavexia.com\/index.php?rest_route=%2Fwp%2Fv2%2Fmedia&parent=2848"}],"wp:term":[{"taxonomy":"pwb-brand","embeddable":true,"href":"https:\/\/wavexia.com\/index.php?rest_route=%2Fwp%2Fv2%2Fpwb-brand&post=2848"},{"taxonomy":"product_brand","embeddable":true,"href":"https:\/\/wavexia.com\/index.php?rest_route=%2Fwp%2Fv2%2Fproduct_brand&post=2848"},{"taxonomy":"product_cat","embeddable":true,"href":"https:\/\/wavexia.com\/index.php?rest_route=%2Fwp%2Fv2%2Fproduct_cat&post=2848"},{"taxonomy":"product_tag","embeddable":true,"href":"https:\/\/wavexia.com\/index.php?rest_route=%2Fwp%2Fv2%2Fproduct_tag&post=2848"}],"curies":[{"name":"wp","href":"https:\/\/api.w.org\/{rel}","templated":true}]}}