{"id":2845,"date":"2025-10-18T22:09:04","date_gmt":"2025-10-18T22:09:04","guid":{"rendered":"https:\/\/wavexia.com\/product\/now-foods-propolis-2000-mg-90-capsules-vegetales\/"},"modified":"2026-03-10T07:30:48","modified_gmt":"2026-03-10T07:30:48","slug":"now-foods-propolis-2000-mg-90-capsules-vegetales","status":"publish","type":"product","link":"https:\/\/wavexia.com\/?product=now-foods-propolis-2000-mg-90-capsules-vegetales","title":{"rendered":"Now Foods Propolis 2000 mg, 90 capsules v\u00e9g\u00e9tales"},"content":{"rendered":"<h2>Description<\/h2>\n<ul>\n<li>Produit naturellement par les abeilles<\/li>\n<li>Extrait 5:1<\/li>\n<li>Sans OGM<\/li>\n<li>Compl\u00e9ment alimentaire<\/li>\n<li>Sant\u00e9 g\u00e9n\u00e9rale<\/li>\n<li>Entreprise familiale depuis 1968<\/li>\n<li>Qualit\u00e9 assur\u00e9e par le respect des BPF<\/li>\n<\/ul>\n<p>La propolis est un m\u00e9lange de r\u00e9sines collect\u00e9es par les abeilles dans les bourgeons et la s\u00e8ve des arbres ainsi que dans d\u2019autres sources v\u00e9g\u00e9tales et qui est utilis\u00e9e pour combler de petits espaces dans la ruche. La fonction de la propolis est de renforcer l\u2019int\u00e9grit\u00e9 et la stabilit\u00e9 de la ruche tout en maintenant son \u00e9tat sanitaire. La propolis de NOW collect\u00e9e par les apiculteurs dans des ruches en bonne sant\u00e9 et active est en riches de nombreux bioflavono\u00efdes.<\/p>\n<h5>Usage sugg\u00e9r\u00e9<\/h5>\n<p>Prendre 1 capsule par jour<\/p>\n","protected":false},"excerpt":{"rendered":"<p>Description Produit naturellement par les abeilles Extrait 5:1 Sans OGM Compl\u00e9ment alimentaire Sant\u00e9 g\u00e9n\u00e9rale Entreprise familiale depuis 1968 Qualit\u00e9 assur\u00e9e par le respect des BPF La propolis est un m\u00e9lange de r\u00e9sines collect\u00e9es par les abeilles dans les bourgeons et la s\u00e8ve des arbres ainsi que dans d\u2019autres sources v\u00e9g\u00e9tales et qui est utilis\u00e9e pour [&hellip;]<\/p>\n","protected":false},"featured_media":2455,"comment_status":"open","ping_status":"closed","template":"","meta":{"content-type":"","_uag_custom_page_level_css":""},"pwb-brand":[],"product_brand":[],"product_cat":[330,327],"product_tag":[],"class_list":{"0":"post-2845","1":"product","2":"type-product","3":"status-publish","4":"has-post-thumbnail","6":"product_cat-complements-alimentaires","7":"product_cat-hmizat","9":"first","10":"instock","11":"sale","12":"shipping-taxable","13":"purchasable","14":"product-type-simple"},"aioseo_notices":[],"uagb_featured_image_src":{"full":["https:\/\/wavexia.com\/wp-content\/uploads\/2025\/10\/1-4.jpg",500,500,false],"thumbnail":["https:\/\/wavexia.com\/wp-content\/uploads\/2025\/10\/1-4-150x150.jpg",150,150,true],"medium":["https:\/\/wavexia.com\/wp-content\/uploads\/2025\/10\/1-4-300x300.jpg",300,300,true],"medium_large":["https:\/\/wavexia.com\/wp-content\/uploads\/2025\/10\/1-4.jpg",500,500,false],"large":["https:\/\/wavexia.com\/wp-content\/uploads\/2025\/10\/1-4.jpg",500,500,false],"1536x1536":["https:\/\/wavexia.com\/wp-content\/uploads\/2025\/10\/1-4.jpg",500,500,false],"2048x2048":["https:\/\/wavexia.com\/wp-content\/uploads\/2025\/10\/1-4.jpg",500,500,false],"woocommerce_archive_thumbnail":["https:\/\/wavexia.com\/wp-content\/uploads\/2025\/10\/1-4-300x300.jpg",300,300,true],"woocommerce_thumbnail":["https:\/\/wavexia.com\/wp-content\/uploads\/2025\/10\/1-4-300x300.jpg",300,300,true],"woocommerce_single":["https:\/\/wavexia.com\/wp-content\/uploads\/2025\/10\/1-4.jpg",500,500,false],"woocommerce_gallery_thumbnail":["https:\/\/wavexia.com\/wp-content\/uploads\/2025\/10\/1-4-100x100.jpg",100,100,true]},"uagb_author_info":{"display_name":"zineddine.ayoub98@gmail.com","author_link":"https:\/\/wavexia.com\/?author=0"},"uagb_comment_info":0,"uagb_excerpt":"Description Produit naturellement par les abeilles Extrait 5:1 Sans OGM Compl\u00e9ment alimentaire Sant\u00e9 g\u00e9n\u00e9rale Entreprise familiale depuis 1968 Qualit\u00e9 assur\u00e9e par le respect des BPF La propolis est un m\u00e9lange de r\u00e9sines collect\u00e9es par les abeilles dans les bourgeons et la s\u00e8ve des arbres ainsi que dans d\u2019autres sources v\u00e9g\u00e9tales et qui est utilis\u00e9e pour&hellip;","brands":[],"_links":{"self":[{"href":"https:\/\/wavexia.com\/index.php?rest_route=\/wp\/v2\/product\/2845","targetHints":{"allow":["GET"]}}],"collection":[{"href":"https:\/\/wavexia.com\/index.php?rest_route=\/wp\/v2\/product"}],"about":[{"href":"https:\/\/wavexia.com\/index.php?rest_route=\/wp\/v2\/types\/product"}],"replies":[{"embeddable":true,"href":"https:\/\/wavexia.com\/index.php?rest_route=%2Fwp%2Fv2%2Fcomments&post=2845"}],"wp:featuredmedia":[{"embeddable":true,"href":"https:\/\/wavexia.com\/index.php?rest_route=\/wp\/v2\/media\/2455"}],"wp:attachment":[{"href":"https:\/\/wavexia.com\/index.php?rest_route=%2Fwp%2Fv2%2Fmedia&parent=2845"}],"wp:term":[{"taxonomy":"pwb-brand","embeddable":true,"href":"https:\/\/wavexia.com\/index.php?rest_route=%2Fwp%2Fv2%2Fpwb-brand&post=2845"},{"taxonomy":"product_brand","embeddable":true,"href":"https:\/\/wavexia.com\/index.php?rest_route=%2Fwp%2Fv2%2Fproduct_brand&post=2845"},{"taxonomy":"product_cat","embeddable":true,"href":"https:\/\/wavexia.com\/index.php?rest_route=%2Fwp%2Fv2%2Fproduct_cat&post=2845"},{"taxonomy":"product_tag","embeddable":true,"href":"https:\/\/wavexia.com\/index.php?rest_route=%2Fwp%2Fv2%2Fproduct_tag&post=2845"}],"curies":[{"name":"wp","href":"https:\/\/api.w.org\/{rel}","templated":true}]}}