{"id":2844,"date":"2025-10-18T22:09:04","date_gmt":"2025-10-18T22:09:04","guid":{"rendered":"https:\/\/wavexia.com\/product\/embryolisse-lait-creme-fluide-400ml\/"},"modified":"2026-03-10T07:30:47","modified_gmt":"2026-03-10T07:30:47","slug":"embryolisse-lait-creme-fluide-400ml","status":"publish","type":"product","link":"https:\/\/wavexia.com\/?product=embryolisse-lait-creme-fluide-400ml","title":{"rendered":"EMBRYOLISSE Lait-Cr\u00e8me Fluide+ 400ml"},"content":{"rendered":"<h2>Description<\/h2>\n<h5>Le grand lait de toute la famille<\/h5>\n<ul>\n<li>\ud83c\udf3f98% d\u2019ingr\u00e9dients d\u2019origine naturelle<\/li>\n<li>Aloe Vera Bio<\/li>\n<li>Soin multi-fonctions 6 en 1<\/li>\n<li>Multi-zones Visage &amp; Corps<\/li>\n<li>Adulte et enfant d\u00e8s 3 ans<\/li>\n<li>Existe en 2 formats rechargeables<\/li>\n<li>Flacon 100% plastique recycl\u00e9 (hors colorant) &amp; recyclable<\/li>\n<li>Fabriqu\u00e9 en France<\/li>\n<\/ul>\n<p>D\u00e9couvrez le Lait-Cr\u00e8me Fluide+, sp\u00e9cialement con\u00e7u pour r\u00e9pondre aux besoins de toute la famille, des enfants d\u00e8s 3 ans et des adultes.<\/p>\n<p>Compos\u00e9 \u00e0 98 % d\u2019ingr\u00e9dients d\u2019origine naturelle, le Lait-Cr\u00e8me Fluide+ est un v\u00e9ritable concentr\u00e9 de bienfaits gr\u00e2ce \u00e0 son trio d\u2019actifs combinant&nbsp;<i>Aloe Vera Bio, Cire d\u2019abeille et Beurre de Karit\u00e9<\/i>, qui hydrate, nourrit et prot\u00e8ge la peau. Avec sa texture lact\u00e9e et l\u00e9g\u00e8re, il offre six fonctions essentielles pour le soin de la peau :<\/p>\n<ul>\n<li><strong>Cr\u00e8me visage :<\/strong>&nbsp;Procure une hydratation imm\u00e9diate et de longue dur\u00e9e.<\/li>\n<li><strong>Lait hydratant corps :<\/strong>&nbsp;Nourrit sans laisser de r\u00e9sidu gras, pour une absorption rapide.<\/li>\n<li><strong>Base de maquillage :<\/strong>&nbsp;Pr\u00e9pare la peau pour un maquillage impeccable.<\/li>\n<li><strong>Nettoyant-d\u00e9maquillant :<\/strong>&nbsp;\u00c9limine les impuret\u00e9s tout en douceur.<\/li>\n<li><strong>Apr\u00e8s-soleil :<\/strong>&nbsp;Apaise et procure une sensation de confort imm\u00e9diat.<\/li>\n<li><strong>Apr\u00e8s-rasage :<\/strong>&nbsp;Calme les irritations et r\u00e9duit les rougeurs.<\/li>\n<\/ul>\n<p><strong>Ingr\u00e9dients<\/strong> :<\/p>\n<p>Au c\u0153ur de la formule, l\u2019<i>Aloe Vera Bio<\/i>&nbsp;qui r\u00e9pare la peau, associ\u00e9 \u00e0 la&nbsp;<i>Cire d\u2019abeille<\/i>&nbsp;qui prot\u00e8ge la barri\u00e8re cutan\u00e9e, ainsi que&nbsp;<i>le Beurre de Karit\u00e9 nourrissant<\/i>. Ce trio d\u2019actifs offre un v\u00e9ritable concentr\u00e9 pour hydrater, nourrir et prot\u00e9ger toutes les peaux.<\/p>\n<p><strong>Liste INCI :<\/strong><br \/>293I01 \u2013 INGREDIENTS : AQUA (WATER). CAPRYLIC\/CAPRIC TRIGLYCERIDE. OCTYLDODECANOL. GLYCERIN. CETEARYL GLUCOSIDE. BUTYROSPERMUM PARKII (SHEA) BUTTER. CERA ALBA (BEESWAX). SORBITAN OLIVATE. ALOE BARBADENSIS LEAF JUICE POWDER. XANTHAN GUM. PARFUM (FRAGRANCE). 1,2-HEXANEDIOL. CAPRYLYL GLYCOL. CETEARYL ALCOHOL. ACRYLATES\/C10-30 ALKYL ACRYLATE CROSSPOLYMER. SODIUM HYDROXIDE. HYDROLYZED SOY PROTEIN. TOCOPHEROL. TROPOLONE. GLYCINE SOJA (SOYBEAN) OIL.<\/p>\n","protected":false},"excerpt":{"rendered":"<p>Description Le grand lait de toute la famille \ud83c\udf3f98% d\u2019ingr\u00e9dients d\u2019origine naturelle Aloe Vera Bio Soin multi-fonctions 6 en 1 Multi-zones Visage &amp; Corps Adulte et enfant d\u00e8s 3 ans Existe en 2 formats rechargeables Flacon 100% plastique recycl\u00e9 (hors colorant) &amp; recyclable Fabriqu\u00e9 en France D\u00e9couvrez le Lait-Cr\u00e8me Fluide+, sp\u00e9cialement con\u00e7u pour r\u00e9pondre aux [&hellip;]<\/p>\n","protected":false},"featured_media":2452,"comment_status":"open","ping_status":"closed","template":"","meta":{"content-type":"","_uag_custom_page_level_css":""},"pwb-brand":[],"product_brand":[],"product_cat":[322,324,326,327,328,329],"product_tag":[],"class_list":{"0":"post-2844","1":"product","2":"type-product","3":"status-publish","4":"has-post-thumbnail","6":"product_cat-corps-bain","7":"product_cat-creme","8":"product_cat-embryolisse","9":"product_cat-hmizat","10":"product_cat-nouveautes","11":"product_cat-produits-americains","13":"first","14":"instock","15":"sale","16":"shipping-taxable","17":"purchasable","18":"product-type-simple"},"aioseo_notices":[],"uagb_featured_image_src":{"full":["https:\/\/wavexia.com\/wp-content\/uploads\/2025\/10\/LC_LCF_400_3350900002589_FICHE-PRODUIT_ESHOP-1200x1200-1.webp",1000,1000,false],"thumbnail":["https:\/\/wavexia.com\/wp-content\/uploads\/2025\/10\/LC_LCF_400_3350900002589_FICHE-PRODUIT_ESHOP-1200x1200-1-150x150.webp",150,150,true],"medium":["https:\/\/wavexia.com\/wp-content\/uploads\/2025\/10\/LC_LCF_400_3350900002589_FICHE-PRODUIT_ESHOP-1200x1200-1-300x300.webp",300,300,true],"medium_large":["https:\/\/wavexia.com\/wp-content\/uploads\/2025\/10\/LC_LCF_400_3350900002589_FICHE-PRODUIT_ESHOP-1200x1200-1-768x768.webp",768,768,true],"large":["https:\/\/wavexia.com\/wp-content\/uploads\/2025\/10\/LC_LCF_400_3350900002589_FICHE-PRODUIT_ESHOP-1200x1200-1.webp",1000,1000,false],"1536x1536":["https:\/\/wavexia.com\/wp-content\/uploads\/2025\/10\/LC_LCF_400_3350900002589_FICHE-PRODUIT_ESHOP-1200x1200-1.webp",1000,1000,false],"2048x2048":["https:\/\/wavexia.com\/wp-content\/uploads\/2025\/10\/LC_LCF_400_3350900002589_FICHE-PRODUIT_ESHOP-1200x1200-1.webp",1000,1000,false],"woocommerce_archive_thumbnail":["https:\/\/wavexia.com\/wp-content\/uploads\/2025\/10\/LC_LCF_400_3350900002589_FICHE-PRODUIT_ESHOP-1200x1200-1-300x300.webp",300,300,true],"woocommerce_thumbnail":["https:\/\/wavexia.com\/wp-content\/uploads\/2025\/10\/LC_LCF_400_3350900002589_FICHE-PRODUIT_ESHOP-1200x1200-1-300x300.webp",300,300,true],"woocommerce_single":["https:\/\/wavexia.com\/wp-content\/uploads\/2025\/10\/LC_LCF_400_3350900002589_FICHE-PRODUIT_ESHOP-1200x1200-1-600x600.webp",600,600,true],"woocommerce_gallery_thumbnail":["https:\/\/wavexia.com\/wp-content\/uploads\/2025\/10\/LC_LCF_400_3350900002589_FICHE-PRODUIT_ESHOP-1200x1200-1-100x100.webp",100,100,true]},"uagb_author_info":{"display_name":"zineddine.ayoub98@gmail.com","author_link":"https:\/\/wavexia.com\/?author=0"},"uagb_comment_info":0,"uagb_excerpt":"Description Le grand lait de toute la famille \ud83c\udf3f98% d\u2019ingr\u00e9dients d\u2019origine naturelle Aloe Vera Bio Soin multi-fonctions 6 en 1 Multi-zones Visage &amp; Corps Adulte et enfant d\u00e8s 3 ans Existe en 2 formats rechargeables Flacon 100% plastique recycl\u00e9 (hors colorant) &amp; recyclable Fabriqu\u00e9 en France D\u00e9couvrez le Lait-Cr\u00e8me Fluide+, sp\u00e9cialement con\u00e7u pour r\u00e9pondre aux&hellip;","brands":[],"_links":{"self":[{"href":"https:\/\/wavexia.com\/index.php?rest_route=\/wp\/v2\/product\/2844","targetHints":{"allow":["GET"]}}],"collection":[{"href":"https:\/\/wavexia.com\/index.php?rest_route=\/wp\/v2\/product"}],"about":[{"href":"https:\/\/wavexia.com\/index.php?rest_route=\/wp\/v2\/types\/product"}],"replies":[{"embeddable":true,"href":"https:\/\/wavexia.com\/index.php?rest_route=%2Fwp%2Fv2%2Fcomments&post=2844"}],"wp:featuredmedia":[{"embeddable":true,"href":"https:\/\/wavexia.com\/index.php?rest_route=\/wp\/v2\/media\/2452"}],"wp:attachment":[{"href":"https:\/\/wavexia.com\/index.php?rest_route=%2Fwp%2Fv2%2Fmedia&parent=2844"}],"wp:term":[{"taxonomy":"pwb-brand","embeddable":true,"href":"https:\/\/wavexia.com\/index.php?rest_route=%2Fwp%2Fv2%2Fpwb-brand&post=2844"},{"taxonomy":"product_brand","embeddable":true,"href":"https:\/\/wavexia.com\/index.php?rest_route=%2Fwp%2Fv2%2Fproduct_brand&post=2844"},{"taxonomy":"product_cat","embeddable":true,"href":"https:\/\/wavexia.com\/index.php?rest_route=%2Fwp%2Fv2%2Fproduct_cat&post=2844"},{"taxonomy":"product_tag","embeddable":true,"href":"https:\/\/wavexia.com\/index.php?rest_route=%2Fwp%2Fv2%2Fproduct_tag&post=2844"}],"curies":[{"name":"wp","href":"https:\/\/api.w.org\/{rel}","templated":true}]}}