{"id":1886,"date":"2025-09-21T09:58:45","date_gmt":"2025-09-21T09:58:45","guid":{"rendered":"https:\/\/wavexia.com\/?page_id=1886"},"modified":"2026-03-01T11:46:48","modified_gmt":"2026-03-01T11:46:48","slug":"ayoub-home","status":"publish","type":"page","link":"https:\/\/wavexia.com\/","title":{"rendered":"Ayoub Home"},"content":{"rendered":"\t\t<div data-elementor-type=\"wp-page\" data-elementor-id=\"1886\" class=\"elementor elementor-1886\">\n\t\t\t\t<div class=\"elementor-element elementor-element-4f1dd54 e-flex e-con-boxed e-con e-parent\" data-id=\"4f1dd54\" data-element_type=\"container\" data-settings=\"{&quot;background_background&quot;:&quot;classic&quot;}\">\n\t\t\t\t\t<div class=\"e-con-inner\">\n\t\t\t\t<div class=\"elementor-element elementor-element-78ab2ac elementor-widget elementor-widget-html\" data-id=\"78ab2ac\" data-element_type=\"widget\" data-widget_type=\"html.default\">\n\t\t\t\t<div class=\"elementor-widget-container\">\n\t\t\t\t\t<div style=\"display:flex;align-items:center;justify-content:center\">\n<span style=\"color:white; font-weight:700;\">    D\u00e9couvrez l\u2019Essence de la Beaut\u00e9 avec Secrets Glow\n  <\/span>\n<\/div>\t\t\t\t<\/div>\n\t\t\t\t<\/div>\n\t\t\t\t\t<\/div>\n\t\t\t\t<\/div>\n\t\t<div class=\"elementor-element elementor-element-2cd9de0 e-con-full e-flex e-con e-parent\" data-id=\"2cd9de0\" data-element_type=\"container\">\n\t\t\t\t<div class=\"elementor-element elementor-element-fa48e83 elementor-widget__width-initial elementor-arrows-position-inside elementor-widget elementor-widget-image-carousel\" data-id=\"fa48e83\" data-element_type=\"widget\" data-settings=\"{&quot;slides_to_show&quot;:&quot;2&quot;,&quot;navigation&quot;:&quot;arrows&quot;,&quot;autoplay&quot;:&quot;yes&quot;,&quot;pause_on_hover&quot;:&quot;yes&quot;,&quot;pause_on_interaction&quot;:&quot;yes&quot;,&quot;autoplay_speed&quot;:5000,&quot;infinite&quot;:&quot;yes&quot;,&quot;speed&quot;:500}\" data-widget_type=\"image-carousel.default\">\n\t\t\t\t<div class=\"elementor-widget-container\">\n\t\t\t\t\t\t\t<div class=\"elementor-image-carousel-wrapper swiper\" role=\"region\" aria-roledescription=\"carousel\" aria-label=\"Image Carousel1\" dir=\"ltr\">\n\t\t\t<div class=\"elementor-image-carousel swiper-wrapper\" aria-live=\"off\">\n\t\t\t\t\t\t\t\t<div class=\"swiper-slide\" role=\"group\" aria-roledescription=\"slide\" aria-label=\"1 of 2\"><figure class=\"swiper-slide-inner\"><img decoding=\"async\" class=\"swiper-slide-image\" src=\"https:\/\/wavexia.com\/wp-content\/uploads\/2025\/10\/content-pixie-TxBQ7yLj6JU-unsplash-2048x1365.jpg\" alt=\"content-pixie-TxBQ7yLj6JU-unsplash\" \/><\/figure><\/div><div class=\"swiper-slide\" role=\"group\" aria-roledescription=\"slide\" aria-label=\"2 of 2\"><figure class=\"swiper-slide-inner\"><img decoding=\"async\" class=\"swiper-slide-image\" src=\"https:\/\/wavexia.com\/wp-content\/uploads\/2025\/10\/poko-skincare-hZ7wSMMWGMA-unsplash-2048x1365.jpg\" alt=\"poko-skincare-hZ7wSMMWGMA-unsplash\" \/><\/figure><\/div>\t\t\t<\/div>\n\t\t\t\t\t\t\t\t\t\t\t\t<div class=\"elementor-swiper-button elementor-swiper-button-prev\" role=\"button\" tabindex=\"0\">\n\t\t\t\t\t\t<svg aria-hidden=\"true\" class=\"e-font-icon-svg e-eicon-chevron-left\" viewBox=\"0 0 1000 1000\" xmlns=\"http:\/\/www.w3.org\/2000\/svg\"><path d=\"M646 125C629 125 613 133 604 142L308 442C296 454 292 471 292 487 292 504 296 521 308 533L604 854C617 867 629 875 646 875 663 875 679 871 692 858 704 846 713 829 713 812 713 796 708 779 692 767L438 487 692 225C700 217 708 204 708 187 708 171 704 154 692 142 675 129 663 125 646 125Z\"><\/path><\/svg>\t\t\t\t\t<\/div>\n\t\t\t\t\t<div class=\"elementor-swiper-button elementor-swiper-button-next\" role=\"button\" tabindex=\"0\">\n\t\t\t\t\t\t<svg aria-hidden=\"true\" class=\"e-font-icon-svg e-eicon-chevron-right\" viewBox=\"0 0 1000 1000\" xmlns=\"http:\/\/www.w3.org\/2000\/svg\"><path d=\"M696 533C708 521 713 504 713 487 713 471 708 454 696 446L400 146C388 133 375 125 354 125 338 125 325 129 313 142 300 154 292 171 292 187 292 204 296 221 308 233L563 492 304 771C292 783 288 800 288 817 288 833 296 850 308 863 321 871 338 875 354 875 371 875 388 867 400 854L696 533Z\"><\/path><\/svg>\t\t\t\t\t<\/div>\n\t\t\t\t\n\t\t\t\t\t\t\t\t\t<\/div>\n\t\t\t\t\t\t<\/div>\n\t\t\t\t<\/div>\n\t\t\t\t<div class=\"elementor-element elementor-element-9f338a5 elementor-absolute elementor-widget elementor-widget-button\" data-id=\"9f338a5\" data-element_type=\"widget\" data-settings=\"{&quot;_position&quot;:&quot;absolute&quot;}\" data-widget_type=\"button.default\">\n\t\t\t\t<div class=\"elementor-widget-container\">\n\t\t\t\t\t\t\t\t\t<div class=\"elementor-button-wrapper\">\n\t\t\t\t\t<a class=\"elementor-button elementor-button-link elementor-size-sm\" href=\"\">\n\t\t\t\t\t\t<span class=\"elementor-button-content-wrapper\">\n\t\t\t\t\t\t\t\t\t<span class=\"elementor-button-text\">D\u00e9couvrir<\/span>\n\t\t\t\t\t<\/span>\n\t\t\t\t\t<\/a>\n\t\t\t\t<\/div>\n\t\t\t\t\t\t\t\t<\/div>\n\t\t\t\t<\/div>\n\t\t\t\t<\/div>\n\t\t<div class=\"elementor-element elementor-element-a222052 e-flex e-con-boxed e-con e-parent\" data-id=\"a222052\" data-element_type=\"container\">\n\t\t\t\t\t<div class=\"e-con-inner\">\n\t\t\t\t<div class=\"elementor-element elementor-element-7c36ee7 elementor-widget elementor-widget-text-editor\" data-id=\"7c36ee7\" data-element_type=\"widget\" data-widget_type=\"text-editor.default\">\n\t\t\t\t<div class=\"elementor-widget-container\">\n\t\t\t\t\t\t\t\t\t<p><strong>Wavexia GLOW<\/strong><\/p><p><strong>JH-WG SARL<\/strong><\/p><p>PATENTE : 263445<\/p><p>IF : 99736<\/p><p>Email : contact@wavexia.com<\/p><p>T\u00e9l\/Whatsapp : 06 01 02 03<\/p><p>Wavexia Glow est une soci\u00e9t\u00e9 marocaine cr\u00e9\u00e9e avec passion pour offrir le meilleur de la cosm\u00e9tique internationale.<br \/>Wavexia.com est sa boutique en ligne officielle, sp\u00e9cialis\u00e9e dans les produits de beaut\u00e9 haut de gamme et les soins cor\u00e9ens (K\u2011Beauty).<br \/>La marque propose une s\u00e9lection rigoureuse de produits import\u00e9s authentiques, en provenance de Cor\u00e9e, d\u2019Europe et des \u00c9tats-Unis, r\u00e9pondant aux besoins de toutes les routines beaut\u00e9 modernes.<\/p>\t\t\t\t\t\t\t\t<\/div>\n\t\t\t\t<\/div>\n\t\t\t\t\t<\/div>\n\t\t\t\t<\/div>\n\t\t<div class=\"elementor-element elementor-element-b30b38d e-flex e-con-boxed e-con e-parent\" data-id=\"b30b38d\" data-element_type=\"container\">\n\t\t\t\t\t<div class=\"e-con-inner\">\n\t\t<div class=\"elementor-element elementor-element-55e2802 e-con-full e-flex e-con e-child\" data-id=\"55e2802\" data-element_type=\"container\">\n\t\t<div class=\"elementor-element elementor-element-ef4aa84 e-con-full e-flex e-con e-child\" data-id=\"ef4aa84\" data-element_type=\"container\">\n\t\t\t\t<div class=\"elementor-element elementor-element-d68b567 elementor-view-default elementor-widget elementor-widget-icon\" data-id=\"d68b567\" data-element_type=\"widget\" data-widget_type=\"icon.default\">\n\t\t\t\t<div class=\"elementor-widget-container\">\n\t\t\t\t\t\t\t<div class=\"elementor-icon-wrapper\">\n\t\t\t<div class=\"elementor-icon\">\n\t\t\t<svg aria-hidden=\"true\" class=\"e-font-icon-svg e-fas-chevron-circle-right\" viewBox=\"0 0 512 512\" xmlns=\"http:\/\/www.w3.org\/2000\/svg\"><path d=\"M256 8c137 0 248 111 248 248S393 504 256 504 8 393 8 256 119 8 256 8zm113.9 231L234.4 103.5c-9.4-9.4-24.6-9.4-33.9 0l-17 17c-9.4 9.4-9.4 24.6 0 33.9L285.1 256 183.5 357.6c-9.4 9.4-9.4 24.6 0 33.9l17 17c9.4 9.4 24.6 9.4 33.9 0L369.9 273c9.4-9.4 9.4-24.6 0-34z\"><\/path><\/svg>\t\t\t<\/div>\n\t\t<\/div>\n\t\t\t\t\t\t<\/div>\n\t\t\t\t<\/div>\n\t\t\t\t<div class=\"elementor-element elementor-element-4adba29 elementor-widget elementor-widget-html\" data-id=\"4adba29\" data-element_type=\"widget\" data-widget_type=\"html.default\">\n\t\t\t\t<div class=\"elementor-widget-container\">\n\t\t\t\t\t<span style=\"color:var(--theme-palette-color-1); font-weight:700;\">Choisissez par Categories<\/span>\n\n\t\t\t\t<\/div>\n\t\t\t\t<\/div>\n\t\t\t\t<\/div>\n\t\t\t\t<\/div>\n\t\t<div class=\"elementor-element elementor-element-2c1a459 e-con-full e-flex e-con e-child\" data-id=\"2c1a459\" data-element_type=\"container\">\n\t\t\t\t<div class=\"elementor-element elementor-element-a4fb712 elementor-hidden-tablet elementor-hidden-mobile elementor-widget-divider--view-line elementor-widget elementor-widget-divider\" data-id=\"a4fb712\" data-element_type=\"widget\" data-widget_type=\"divider.default\">\n\t\t\t\t<div class=\"elementor-widget-container\">\n\t\t\t\t\t\t\t<div class=\"elementor-divider\">\n\t\t\t<span class=\"elementor-divider-separator\">\n\t\t\t\t\t\t<\/span>\n\t\t<\/div>\n\t\t\t\t\t\t<\/div>\n\t\t\t\t<\/div>\n\t\t\t\t<\/div>\n\t\t\t\t\t<\/div>\n\t\t\t\t<\/div>\n\t\t<div class=\"elementor-element elementor-element-c058916 e-transform e-flex e-con-boxed e-con e-parent\" data-id=\"c058916\" data-element_type=\"container\" data-settings=\"{&quot;animation&quot;:&quot;none&quot;,&quot;_transform_skewX_effect&quot;:{&quot;unit&quot;:&quot;px&quot;,&quot;size&quot;:&quot;&quot;,&quot;sizes&quot;:[]},&quot;_transform_skewX_effect_tablet&quot;:{&quot;unit&quot;:&quot;deg&quot;,&quot;size&quot;:&quot;&quot;,&quot;sizes&quot;:[]},&quot;_transform_skewX_effect_mobile&quot;:{&quot;unit&quot;:&quot;deg&quot;,&quot;size&quot;:&quot;&quot;,&quot;sizes&quot;:[]},&quot;_transform_skewY_effect&quot;:{&quot;unit&quot;:&quot;px&quot;,&quot;size&quot;:&quot;&quot;,&quot;sizes&quot;:[]},&quot;_transform_skewY_effect_tablet&quot;:{&quot;unit&quot;:&quot;deg&quot;,&quot;size&quot;:&quot;&quot;,&quot;sizes&quot;:[]},&quot;_transform_skewY_effect_mobile&quot;:{&quot;unit&quot;:&quot;deg&quot;,&quot;size&quot;:&quot;&quot;,&quot;sizes&quot;:[]}}\">\n\t\t\t\t\t<div class=\"e-con-inner\">\n\t\t<div class=\"elementor-element elementor-element-ac6a7b1 e-con-full e-flex e-con e-child\" data-id=\"ac6a7b1\" data-element_type=\"container\">\n\t\t\t\t<div class=\"elementor-element elementor-element-3cca851 elementor-widget__width-inherit elementor-invisible elementor-widget elementor-widget-image\" data-id=\"3cca851\" data-element_type=\"widget\" data-settings=\"{&quot;_animation&quot;:&quot;bounceIn&quot;,&quot;_animation_delay&quot;:100}\" data-widget_type=\"image.default\">\n\t\t\t\t<div class=\"elementor-widget-container\">\n\t\t\t\t\t\t\t\t\t\t\t\t\t\t\t<img fetchpriority=\"high\" decoding=\"async\" width=\"474\" height=\"474\" src=\"https:\/\/wavexia.com\/wp-content\/uploads\/2025\/10\/catImg1.jpg\" class=\"elementor-animation-shrink attachment-large size-large wp-image-1918\" alt=\"\" srcset=\"https:\/\/wavexia.com\/wp-content\/uploads\/2025\/10\/catImg1.jpg 474w, https:\/\/wavexia.com\/wp-content\/uploads\/2025\/10\/catImg1-300x300.jpg 300w, https:\/\/wavexia.com\/wp-content\/uploads\/2025\/10\/catImg1-150x150.jpg 150w, https:\/\/wavexia.com\/wp-content\/uploads\/2025\/10\/catImg1-100x100.jpg 100w\" sizes=\"(max-width: 474px) 100vw, 474px\" \/>\t\t\t\t\t\t\t\t\t\t\t\t\t\t\t<\/div>\n\t\t\t\t<\/div>\n\t\t\t\t<div class=\"elementor-element elementor-element-d4660e3 elementor-absolute elementor-widget elementor-widget-heading\" data-id=\"d4660e3\" data-element_type=\"widget\" data-settings=\"{&quot;_position&quot;:&quot;absolute&quot;,&quot;_animation&quot;:&quot;none&quot;}\" data-widget_type=\"heading.default\">\n\t\t\t\t<div class=\"elementor-widget-container\">\n\t\t\t\t\t<span class=\"elementor-heading-title elementor-size-default\"><a href=\"https:\/\/wavexia.com\/?product_cat=produits-coreens\">Korean beauty<\/a><\/span>\t\t\t\t<\/div>\n\t\t\t\t<\/div>\n\t\t\t\t<\/div>\n\t\t<div class=\"elementor-element elementor-element-b2046db e-con-full e-flex e-con e-child\" data-id=\"b2046db\" data-element_type=\"container\">\n\t\t\t\t<div class=\"elementor-element elementor-element-8fa192e elementor-widget__width-inherit elementor-invisible elementor-widget elementor-widget-image\" data-id=\"8fa192e\" data-element_type=\"widget\" data-settings=\"{&quot;_animation&quot;:&quot;slideInDown&quot;,&quot;_animation_delay&quot;:300}\" data-widget_type=\"image.default\">\n\t\t\t\t<div class=\"elementor-widget-container\">\n\t\t\t\t\t\t\t\t\t\t\t\t\t\t\t<img decoding=\"async\" width=\"626\" height=\"417\" src=\"https:\/\/wavexia.com\/wp-content\/uploads\/2025\/10\/PetitPrix.avif\" class=\"elementor-animation-grow attachment-large size-large wp-image-1923\" alt=\"\" srcset=\"https:\/\/wavexia.com\/wp-content\/uploads\/2025\/10\/PetitPrix.avif 626w, https:\/\/wavexia.com\/wp-content\/uploads\/2025\/10\/PetitPrix-300x200.avif 300w, https:\/\/wavexia.com\/wp-content\/uploads\/2025\/10\/PetitPrix-600x400.avif 600w\" sizes=\"(max-width: 626px) 100vw, 626px\" \/>\t\t\t\t\t\t\t\t\t\t\t\t\t\t\t<\/div>\n\t\t\t\t<\/div>\n\t\t\t\t<div class=\"elementor-element elementor-element-513d7e8 elementor-absolute elementor-widget elementor-widget-heading\" data-id=\"513d7e8\" data-element_type=\"widget\" data-settings=\"{&quot;_position&quot;:&quot;absolute&quot;}\" data-widget_type=\"heading.default\">\n\t\t\t\t<div class=\"elementor-widget-container\">\n\t\t\t\t\t<span class=\"elementor-heading-title elementor-size-default\"><a href=\"https:\/\/wavexia.com\/?product_cat=hmizat\">Nos Petits Prix<\/a><\/span>\t\t\t\t<\/div>\n\t\t\t\t<\/div>\n\t\t\t\t<\/div>\n\t\t<div class=\"elementor-element elementor-element-d9b7178 e-con-full e-flex e-con e-child\" data-id=\"d9b7178\" data-element_type=\"container\">\n\t\t\t\t<div class=\"elementor-element elementor-element-fe96c68 elementor-widget__width-inherit elementor-invisible elementor-widget elementor-widget-image\" data-id=\"fe96c68\" data-element_type=\"widget\" data-settings=\"{&quot;_animation&quot;:&quot;slideInRight&quot;,&quot;_animation_delay&quot;:300}\" data-widget_type=\"image.default\">\n\t\t\t\t<div class=\"elementor-widget-container\">\n\t\t\t\t\t\t\t\t\t\t\t\t\t\t\t<img decoding=\"async\" width=\"1024\" height=\"683\" src=\"https:\/\/wavexia.com\/wp-content\/uploads\/2025\/10\/hair-1024x683.webp\" class=\"elementor-animation-grow attachment-large size-large wp-image-1920\" alt=\"\" srcset=\"https:\/\/wavexia.com\/wp-content\/uploads\/2025\/10\/hair-1024x683.webp 1024w, https:\/\/wavexia.com\/wp-content\/uploads\/2025\/10\/hair-300x200.webp 300w, https:\/\/wavexia.com\/wp-content\/uploads\/2025\/10\/hair-768x512.webp 768w, https:\/\/wavexia.com\/wp-content\/uploads\/2025\/10\/hair-600x400.webp 600w, https:\/\/wavexia.com\/wp-content\/uploads\/2025\/10\/hair.webp 1254w\" sizes=\"(max-width: 1024px) 100vw, 1024px\" \/>\t\t\t\t\t\t\t\t\t\t\t\t\t\t\t<\/div>\n\t\t\t\t<\/div>\n\t\t\t\t<div class=\"elementor-element elementor-element-5bee747 elementor-absolute elementor-widget elementor-widget-heading\" data-id=\"5bee747\" data-element_type=\"widget\" data-settings=\"{&quot;_position&quot;:&quot;absolute&quot;}\" data-widget_type=\"heading.default\">\n\t\t\t\t<div class=\"elementor-widget-container\">\n\t\t\t\t\t<span class=\"elementor-heading-title elementor-size-default\"><a href=\"https:\/\/wavexia.com\/?product_cat=cheveux\">Soin Cheveux<\/a><\/span>\t\t\t\t<\/div>\n\t\t\t\t<\/div>\n\t\t\t\t<\/div>\n\t\t<div class=\"elementor-element elementor-element-9eb3a5e e-con-full e-flex e-con e-child\" data-id=\"9eb3a5e\" data-element_type=\"container\">\n\t\t\t\t<div class=\"elementor-element elementor-element-9b6c416 elementor-widget__width-inherit elementor-invisible elementor-widget elementor-widget-image\" data-id=\"9b6c416\" data-element_type=\"widget\" data-settings=\"{&quot;_animation&quot;:&quot;slideInLeft&quot;,&quot;_animation_delay&quot;:300}\" data-widget_type=\"image.default\">\n\t\t\t\t<div class=\"elementor-widget-container\">\n\t\t\t\t\t\t\t\t\t\t\t\t\t\t\t<img loading=\"lazy\" decoding=\"async\" width=\"736\" height=\"981\" src=\"https:\/\/wavexia.com\/wp-content\/uploads\/2025\/10\/idees-cadeaux.webp\" class=\"elementor-animation-grow attachment-large size-large wp-image-1921\" alt=\"\" srcset=\"https:\/\/wavexia.com\/wp-content\/uploads\/2025\/10\/idees-cadeaux.webp 736w, https:\/\/wavexia.com\/wp-content\/uploads\/2025\/10\/idees-cadeaux-225x300.webp 225w, https:\/\/wavexia.com\/wp-content\/uploads\/2025\/10\/idees-cadeaux-300x400.webp 300w, https:\/\/wavexia.com\/wp-content\/uploads\/2025\/10\/idees-cadeaux-600x800.webp 600w\" sizes=\"(max-width: 736px) 100vw, 736px\" \/>\t\t\t\t\t\t\t\t\t\t\t\t\t\t\t<\/div>\n\t\t\t\t<\/div>\n\t\t\t\t<div class=\"elementor-element elementor-element-b427ac0 elementor-absolute elementor-widget elementor-widget-heading\" data-id=\"b427ac0\" data-element_type=\"widget\" data-settings=\"{&quot;_position&quot;:&quot;absolute&quot;}\" data-widget_type=\"heading.default\">\n\t\t\t\t<div class=\"elementor-widget-container\">\n\t\t\t\t\t<span class=\"elementor-heading-title elementor-size-default\"><a href=\"https:\/\/wavexia.com\/?product_cat=idees-cadeaux\">Id\u00e9es Cadeaux<\/a><\/span>\t\t\t\t<\/div>\n\t\t\t\t<\/div>\n\t\t\t\t<\/div>\n\t\t<div class=\"elementor-element elementor-element-f15c716 e-con-full e-flex e-con e-child\" data-id=\"f15c716\" data-element_type=\"container\">\n\t\t\t\t<div class=\"elementor-element elementor-element-1e2d57a elementor-absolute elementor-widget elementor-widget-heading\" data-id=\"1e2d57a\" data-element_type=\"widget\" data-settings=\"{&quot;_position&quot;:&quot;absolute&quot;}\" data-widget_type=\"heading.default\">\n\t\t\t\t<div class=\"elementor-widget-container\">\n\t\t\t\t\t<span class=\"elementor-heading-title elementor-size-default\"><a href=\"https:\/\/wavexia.com\/?product_cat=complements-alimentaires\">Compl\u00e9ments Alimentaires<\/a><\/span>\t\t\t\t<\/div>\n\t\t\t\t<\/div>\n\t\t\t\t<div class=\"elementor-element elementor-element-bb0fb49 elementor-widget__width-inherit elementor-invisible elementor-widget elementor-widget-image\" data-id=\"bb0fb49\" data-element_type=\"widget\" data-settings=\"{&quot;_animation&quot;:&quot;slideInUp&quot;,&quot;_animation_delay&quot;:300}\" data-widget_type=\"image.default\">\n\t\t\t\t<div class=\"elementor-widget-container\">\n\t\t\t\t\t\t\t\t\t\t\t\t\t\t\t<img loading=\"lazy\" decoding=\"async\" width=\"384\" height=\"384\" src=\"https:\/\/wavexia.com\/wp-content\/uploads\/2025\/10\/complements.webp\" class=\"elementor-animation-grow attachment-large size-large wp-image-1919\" alt=\"\" srcset=\"https:\/\/wavexia.com\/wp-content\/uploads\/2025\/10\/complements.webp 384w, https:\/\/wavexia.com\/wp-content\/uploads\/2025\/10\/complements-300x300.webp 300w, https:\/\/wavexia.com\/wp-content\/uploads\/2025\/10\/complements-150x150.webp 150w, https:\/\/wavexia.com\/wp-content\/uploads\/2025\/10\/complements-100x100.webp 100w\" sizes=\"(max-width: 384px) 100vw, 384px\" \/>\t\t\t\t\t\t\t\t\t\t\t\t\t\t\t<\/div>\n\t\t\t\t<\/div>\n\t\t\t\t<\/div>\n\t\t<div class=\"elementor-element elementor-element-300334b e-con-full e-flex e-con e-child\" data-id=\"300334b\" data-element_type=\"container\">\n\t\t\t\t<div class=\"elementor-element elementor-element-0ea62ce elementor-widget__width-inherit elementor-invisible elementor-widget elementor-widget-image\" data-id=\"0ea62ce\" data-element_type=\"widget\" data-settings=\"{&quot;_animation&quot;:&quot;slideInRight&quot;,&quot;_animation_delay&quot;:200}\" data-widget_type=\"image.default\">\n\t\t\t\t<div class=\"elementor-widget-container\">\n\t\t\t\t\t\t\t\t\t\t\t\t\t\t\t<img loading=\"lazy\" decoding=\"async\" width=\"736\" height=\"917\" src=\"https:\/\/wavexia.com\/wp-content\/uploads\/2025\/10\/maquillage.webp\" class=\"elementor-animation-grow attachment-large size-large wp-image-1922\" alt=\"\" srcset=\"https:\/\/wavexia.com\/wp-content\/uploads\/2025\/10\/maquillage.webp 736w, https:\/\/wavexia.com\/wp-content\/uploads\/2025\/10\/maquillage-241x300.webp 241w, https:\/\/wavexia.com\/wp-content\/uploads\/2025\/10\/maquillage-300x374.webp 300w, https:\/\/wavexia.com\/wp-content\/uploads\/2025\/10\/maquillage-600x748.webp 600w\" sizes=\"(max-width: 736px) 100vw, 736px\" \/>\t\t\t\t\t\t\t\t\t\t\t\t\t\t\t<\/div>\n\t\t\t\t<\/div>\n\t\t\t\t<div class=\"elementor-element elementor-element-d5b567a elementor-absolute elementor-widget elementor-widget-heading\" data-id=\"d5b567a\" data-element_type=\"widget\" data-settings=\"{&quot;_position&quot;:&quot;absolute&quot;}\" data-widget_type=\"heading.default\">\n\t\t\t\t<div class=\"elementor-widget-container\">\n\t\t\t\t\t<span class=\"elementor-heading-title elementor-size-default\"><a href=\"https:\/\/wavexia.com\/?product_cat=maquillage\">Maquillage<\/a><\/span>\t\t\t\t<\/div>\n\t\t\t\t<\/div>\n\t\t\t\t<\/div>\n\t\t\t\t\t<\/div>\n\t\t\t\t<\/div>\n\t\t<div class=\"elementor-element elementor-element-5dbf32b e-flex e-con-boxed e-con e-parent\" data-id=\"5dbf32b\" data-element_type=\"container\">\n\t\t\t\t\t<div class=\"e-con-inner\">\n\t\t<div class=\"elementor-element elementor-element-8982866 e-con-full e-flex e-con e-child\" data-id=\"8982866\" data-element_type=\"container\">\n\t\t<div class=\"elementor-element elementor-element-1af9aa2 e-con-full e-flex e-con e-child\" data-id=\"1af9aa2\" data-element_type=\"container\">\n\t\t<div class=\"elementor-element elementor-element-f55532e e-con-full e-flex e-con e-child\" data-id=\"f55532e\" data-element_type=\"container\">\n\t\t\t\t<div class=\"elementor-element elementor-element-a7bf40a elementor-view-default elementor-widget elementor-widget-icon\" data-id=\"a7bf40a\" data-element_type=\"widget\" data-widget_type=\"icon.default\">\n\t\t\t\t<div class=\"elementor-widget-container\">\n\t\t\t\t\t\t\t<div class=\"elementor-icon-wrapper\">\n\t\t\t<div class=\"elementor-icon\">\n\t\t\t<svg aria-hidden=\"true\" class=\"e-font-icon-svg e-fas-chevron-circle-right\" viewBox=\"0 0 512 512\" xmlns=\"http:\/\/www.w3.org\/2000\/svg\"><path d=\"M256 8c137 0 248 111 248 248S393 504 256 504 8 393 8 256 119 8 256 8zm113.9 231L234.4 103.5c-9.4-9.4-24.6-9.4-33.9 0l-17 17c-9.4 9.4-9.4 24.6 0 33.9L285.1 256 183.5 357.6c-9.4 9.4-9.4 24.6 0 33.9l17 17c9.4 9.4 24.6 9.4 33.9 0L369.9 273c9.4-9.4 9.4-24.6 0-34z\"><\/path><\/svg>\t\t\t<\/div>\n\t\t<\/div>\n\t\t\t\t\t\t<\/div>\n\t\t\t\t<\/div>\n\t\t\t\t<div class=\"elementor-element elementor-element-a0933e2 elementor-widget elementor-widget-html\" data-id=\"a0933e2\" data-element_type=\"widget\" data-widget_type=\"html.default\">\n\t\t\t\t<div class=\"elementor-widget-container\">\n\t\t\t\t\t<span style=\"color:var(--theme-palette-color-1); font-weight:700;\">Avis de clients<\/span>\n\n\t\t\t\t<\/div>\n\t\t\t\t<\/div>\n\t\t\t\t<\/div>\n\t\t\t\t<\/div>\n\t\t<div class=\"elementor-element elementor-element-80115ee e-con-full e-flex e-con e-child\" data-id=\"80115ee\" data-element_type=\"container\">\n\t\t\t\t<div class=\"elementor-element elementor-element-bbfae64 elementor-hidden-tablet elementor-hidden-mobile elementor-widget-divider--view-line elementor-widget elementor-widget-divider\" data-id=\"bbfae64\" data-element_type=\"widget\" data-widget_type=\"divider.default\">\n\t\t\t\t<div class=\"elementor-widget-container\">\n\t\t\t\t\t\t\t<div class=\"elementor-divider\">\n\t\t\t<span class=\"elementor-divider-separator\">\n\t\t\t\t\t\t<\/span>\n\t\t<\/div>\n\t\t\t\t\t\t<\/div>\n\t\t\t\t<\/div>\n\t\t\t\t<\/div>\n\t\t\t\t<\/div>\n\t\t\t\t\t<\/div>\n\t\t\t\t<\/div>\n\t\t\t\t<\/div>\n\t\t","protected":false},"excerpt":{"rendered":"<p>D\u00e9couvrez l\u2019Essence de la Beaut\u00e9 avec Secrets Glow D\u00e9couvrir Wavexia GLOW JH-WG SARL PATENTE : 263445 IF : 99736 Email : contact@wavexia.com T\u00e9l\/Whatsapp : 06 01 02 03 Wavexia Glow est une soci\u00e9t\u00e9 marocaine cr\u00e9\u00e9e avec passion pour offrir le meilleur de la cosm\u00e9tique internationale.Wavexia.com est sa boutique en ligne officielle, sp\u00e9cialis\u00e9e dans les produits [&hellip;]<\/p>\n","protected":false},"author":1,"featured_media":0,"parent":0,"menu_order":0,"comment_status":"closed","ping_status":"closed","template":"","meta":{"content-type":"","_uag_custom_page_level_css":"","footnotes":""},"class_list":["post-1886","page","type-page","status-publish","hentry"],"blocksy_meta":[],"aioseo_notices":[],"_hostinger_reach_plugin_has_subscription_block":false,"_hostinger_reach_plugin_is_elementor":false,"uagb_featured_image_src":{"full":false,"thumbnail":false,"medium":false,"medium_large":false,"large":false,"1536x1536":false,"2048x2048":false,"woocommerce_archive_thumbnail":false,"woocommerce_thumbnail":false,"woocommerce_single":false,"woocommerce_gallery_thumbnail":false},"uagb_author_info":{"display_name":"zineddine.ayoub98@gmail.com","author_link":"https:\/\/wavexia.com\/?author=1"},"uagb_comment_info":0,"uagb_excerpt":"D\u00e9couvrez l\u2019Essence de la Beaut\u00e9 avec Secrets Glow D\u00e9couvrir Wavexia GLOW JH-WG SARL PATENTE : 263445 IF : 99736 Email : contact@wavexia.com T\u00e9l\/Whatsapp : 06 01 02 03 Wavexia Glow est une soci\u00e9t\u00e9 marocaine cr\u00e9\u00e9e avec passion pour offrir le meilleur de la cosm\u00e9tique internationale.Wavexia.com est sa boutique en ligne officielle, sp\u00e9cialis\u00e9e dans les produits&hellip;","_links":{"self":[{"href":"https:\/\/wavexia.com\/index.php?rest_route=\/wp\/v2\/pages\/1886","targetHints":{"allow":["GET"]}}],"collection":[{"href":"https:\/\/wavexia.com\/index.php?rest_route=\/wp\/v2\/pages"}],"about":[{"href":"https:\/\/wavexia.com\/index.php?rest_route=\/wp\/v2\/types\/page"}],"author":[{"embeddable":true,"href":"https:\/\/wavexia.com\/index.php?rest_route=\/wp\/v2\/users\/1"}],"replies":[{"embeddable":true,"href":"https:\/\/wavexia.com\/index.php?rest_route=%2Fwp%2Fv2%2Fcomments&post=1886"}],"version-history":[{"count":139,"href":"https:\/\/wavexia.com\/index.php?rest_route=\/wp\/v2\/pages\/1886\/revisions"}],"predecessor-version":[{"id":5836,"href":"https:\/\/wavexia.com\/index.php?rest_route=\/wp\/v2\/pages\/1886\/revisions\/5836"}],"wp:attachment":[{"href":"https:\/\/wavexia.com\/index.php?rest_route=%2Fwp%2Fv2%2Fmedia&parent=1886"}],"curies":[{"name":"wp","href":"https:\/\/api.w.org\/{rel}","templated":true}]}}